{"id":52242,"date":"2023-02-03T19:58:14","date_gmt":"2023-02-03T17:58:14","guid":{"rendered":"https:\/\/galeriasenda.com\/shop\/jordi-bernado-lac-tele-con-1-1cc\/"},"modified":"2026-04-11T03:35:21","modified_gmt":"2026-04-11T01:35:21","slug":"jordi-bernado-lac-tele-con-1-1cc","status":"publish","type":"product","link":"https:\/\/galeriasenda.com\/en\/shop\/jordi-bernado-lac-tele-con-1-1cc\/","title":{"rendered":"Jordi Bernad\u00f3 &#8211; Lac T\u00e9l\u00e9 (CON 1.1)cc"},"content":{"rendered":"<p>Ed. of 5 \/ Ed. de 5<\/p>\n<p>Parte del proyecto &#8220;De Profundis&#8221;, pieza expuesta en el Gran Teatre del Liceu de Barcelona.<\/p>\n<p class=\"\">En <em>De profundis<\/em>, el artista y fot\u00f3grafo Jordi Bernad\u00f3 plantea una reflexi\u00f3n sobre la distancia y el reconocimiento. Marcel Proust afirmaba que el \u00fanico para\u00edso es aquel que hemos perdido. Bernad\u00f3 viaja en busca de una imagen que muestre esa p\u00e9rdida, una imagen del lugar m\u00e1s oscuro y desconocido que alcanza su mirada. Llega a Lac T\u00e9l\u00e9, en Rep\u00fablica del Congo, uno de los lagos m\u00e1s aislados y enigm\u00e1ticos del mundo. Apenas existen fotograf\u00edas ni testimonios, el lugar est\u00e1 revestido de un aura de misterio y augurio, cargado de leyendas, criaturas fant\u00e1sticas y maldiciones. Su agua, que desde el cielo ofrece un reflejo l\u00edmpido, es en realidad oscura, te\u00f1ida de minerales y residuos.<\/p>\n<p class=\"\"><em>De profundis<\/em> es un descenso a las turbias aguas del inconsciente, a los territorios remotos de uno mismo, de la memoria y del deseo. Aqu\u00ed es donde empieza el para\u00edso, en nuestra percepci\u00f3n. D\u00f3nde acaba o hasta d\u00f3nde llega no puede saberse con certeza: su horizonte muta, se desplaza. Cada vez que creemos acercarnos, se aleja.<\/p>\n<p class=\"\"><em>De profundis<\/em> es una narraci\u00f3n visual contada a varias voces. Los susurros del abismo se abren paso desde la fotograf\u00eda, pero sus reverberaciones son infinitas. El reflejo del suelo, los espejos que decoran la sala, las miradas de quienes acuden a ver la pieza. Esta multiplicaci\u00f3n de interpretaciones y puntos de vista es una l\u00ednea importante en el corpus art\u00edstico de Bernad\u00f3. Su obra explora las relaciones entre la identidad y el espacio, los l\u00edmites de la realidad y las ambivalencias de la representaci\u00f3n. Conjuga sensibilidades est\u00e9ticas y conceptuales con una mirada a la vez anal\u00edtica y evocadora. Sus fotograf\u00edas son elocuentes, si bien nunca dicen s\u00f3lo aquello que parecen decir. En <em>De profundis<\/em>, el significado de la fotograf\u00eda est\u00e1 atravesado por una interrupci\u00f3n necesaria: la de la mirada ajena. Bernad\u00f3 nos muestra que no hay verdad sin percepci\u00f3n, ni imagen sin reflejo, ni abismo sin proximidad.<\/p>\n","protected":false},"excerpt":{"rendered":"<p>Ed. of 5 \/ Ed. de 5 Parte del proyecto &#8220;De Profundis&#8221;, pieza expuesta en el Gran Teatre del Liceu de Barcelona. En De profundis, el artista y fot\u00f3grafo Jordi Bernad\u00f3 plantea una reflexi\u00f3n sobre la distancia y el reconocimiento. Marcel Proust afirmaba que el \u00fanico para\u00edso es aquel que hemos perdido. Bernad\u00f3 viaja en [&hellip;]<\/p>\n","protected":false},"author":142,"featured_media":52237,"template":"","meta":[],"product_cat":[287],"product_tag":[],"class_list":["post-52242","product","type-product","status-publish","has-post-thumbnail","hentry","product_cat-fotografia"],"acf":[],"yoast_head":"<!-- This site is optimized with the Yoast SEO plugin v18.4.1 - https:\/\/yoast.com\/wordpress\/plugins\/seo\/ -->\n<title>Jordi Bernad\u00f3 - Lac T\u00e9l\u00e9 (CON 1.1)cc &ndash; Galeria Senda<\/title>\n<meta name=\"robots\" content=\"index, follow, max-snippet:-1, max-image-preview:large, max-video-preview:-1\" \/>\n<link rel=\"canonical\" href=\"https:\/\/galeriasenda.com\/en\/shop\/jordi-bernado-lac-tele-con-1-1cc\/\" \/>\n<meta property=\"og:locale\" content=\"en_US\" \/>\n<meta property=\"og:type\" content=\"article\" \/>\n<meta property=\"og:title\" content=\"Jordi Bernad\u00f3 - Lac T\u00e9l\u00e9 (CON 1.1)cc &ndash; Galeria Senda\" \/>\n<meta property=\"og:description\" content=\"Ed. of 5 \/ Ed. de 5 Parte del proyecto &#8220;De Profundis&#8221;, pieza expuesta en el Gran Teatre del Liceu de Barcelona. En De profundis, el artista y fot\u00f3grafo Jordi Bernad\u00f3 plantea una reflexi\u00f3n sobre la distancia y el reconocimiento. Marcel Proust afirmaba que el \u00fanico para\u00edso es aquel que hemos perdido. Bernad\u00f3 viaja en [&hellip;]\" \/>\n<meta property=\"og:url\" content=\"https:\/\/galeriasenda.com\/en\/shop\/jordi-bernado-lac-tele-con-1-1cc\/\" \/>\n<meta property=\"og:site_name\" content=\"Galeria Senda\" \/>\n<meta property=\"article:publisher\" content=\"https:\/\/www.facebook.com\/galeriasenda\" \/>\n<meta property=\"article:modified_time\" content=\"2026-04-11T01:35:21+00:00\" \/>\n<meta property=\"og:image\" content=\"https:\/\/galeriasenda.com\/wp-content\/uploads\/2023\/02\/Lac_Tele_CON_1-scaled.jpeg\" \/>\n\t<meta property=\"og:image:width\" content=\"2560\" \/>\n\t<meta property=\"og:image:height\" content=\"1921\" \/>\n\t<meta property=\"og:image:type\" content=\"image\/jpeg\" \/>\n<meta name=\"twitter:card\" content=\"summary_large_image\" \/>\n<meta name=\"twitter:site\" content=\"@galeriasenda\" \/>\n<meta name=\"twitter:label1\" content=\"Est. reading time\" \/>\n\t<meta name=\"twitter:data1\" content=\"2 minutes\" \/>\n<script type=\"application\/ld+json\" class=\"yoast-schema-graph\">{\"@context\":\"https:\/\/schema.org\",\"@graph\":[{\"@type\":\"Organization\",\"@id\":\"https:\/\/galeriasenda.com\/#organization\",\"name\":\"galeria SENDA\",\"url\":\"https:\/\/galeriasenda.com\/\",\"sameAs\":[\"https:\/\/www.facebook.com\/galeriasenda\",\"https:\/\/instagram.com\/galeriasenda\/\",\"https:\/\/es.linkedin.com\/company\/galeria-senda\",\"https:\/\/www.youtube.com\/channel\/UC-qz5xPOEq-QSm1a8kC-QPA\",\"https:\/\/twitter.com\/galeriasenda\"],\"logo\":{\"@type\":\"ImageObject\",\"@id\":\"https:\/\/galeriasenda.com\/#logo\",\"inLanguage\":\"en-US\",\"url\":\"https:\/\/galeriasenda.com\/wp-content\/uploads\/2019\/04\/logo-senda-.png\",\"contentUrl\":\"https:\/\/galeriasenda.com\/wp-content\/uploads\/2019\/04\/logo-senda-.png\",\"width\":599,\"height\":314,\"caption\":\"galeria SENDA\"},\"image\":{\"@id\":\"https:\/\/galeriasenda.com\/#logo\"}},{\"@type\":\"WebSite\",\"@id\":\"https:\/\/galeriasenda.com\/#website\",\"url\":\"https:\/\/galeriasenda.com\/\",\"name\":\"Galeria Senda\",\"description\":\"Contemporary art production company in Barcelona\",\"publisher\":{\"@id\":\"https:\/\/galeriasenda.com\/#organization\"},\"potentialAction\":[{\"@type\":\"SearchAction\",\"target\":{\"@type\":\"EntryPoint\",\"urlTemplate\":\"https:\/\/galeriasenda.com\/?s={search_term_string}\"},\"query-input\":\"required name=search_term_string\"}],\"inLanguage\":\"en-US\"},{\"@type\":\"ImageObject\",\"@id\":\"https:\/\/galeriasenda.com\/en\/shop\/jordi-bernado-lac-tele-con-1-1cc\/#primaryimage\",\"inLanguage\":\"en-US\",\"url\":\"https:\/\/galeriasenda.com\/wp-content\/uploads\/2023\/02\/Lac_Tele_CON_1-scaled.jpeg\",\"contentUrl\":\"https:\/\/galeriasenda.com\/wp-content\/uploads\/2023\/02\/Lac_Tele_CON_1-scaled.jpeg\",\"width\":2560,\"height\":1921},{\"@type\":\"WebPage\",\"@id\":\"https:\/\/galeriasenda.com\/en\/shop\/jordi-bernado-lac-tele-con-1-1cc\/#webpage\",\"url\":\"https:\/\/galeriasenda.com\/en\/shop\/jordi-bernado-lac-tele-con-1-1cc\/\",\"name\":\"Jordi Bernad\u00f3 - Lac T\u00e9l\u00e9 (CON 1.1)cc &ndash; Galeria Senda\",\"isPartOf\":{\"@id\":\"https:\/\/galeriasenda.com\/#website\"},\"primaryImageOfPage\":{\"@id\":\"https:\/\/galeriasenda.com\/en\/shop\/jordi-bernado-lac-tele-con-1-1cc\/#primaryimage\"},\"datePublished\":\"2023-02-03T17:58:14+00:00\",\"dateModified\":\"2026-04-11T01:35:21+00:00\",\"breadcrumb\":{\"@id\":\"https:\/\/galeriasenda.com\/en\/shop\/jordi-bernado-lac-tele-con-1-1cc\/#breadcrumb\"},\"inLanguage\":\"en-US\",\"potentialAction\":[{\"@type\":\"ReadAction\",\"target\":[\"https:\/\/galeriasenda.com\/en\/shop\/jordi-bernado-lac-tele-con-1-1cc\/\"]}]},{\"@type\":\"BreadcrumbList\",\"@id\":\"https:\/\/galeriasenda.com\/en\/shop\/jordi-bernado-lac-tele-con-1-1cc\/#breadcrumb\",\"itemListElement\":[{\"@type\":\"ListItem\",\"position\":1,\"name\":\"Portada\",\"item\":\"https:\/\/galeriasenda.com\/en\/\"},{\"@type\":\"ListItem\",\"position\":2,\"name\":\"Jordi Bernad\u00f3 &#8211; Lac T\u00e9l\u00e9 (CON 1.1)cc\"}]}]}<\/script>\n<!-- \/ Yoast SEO plugin. -->","yoast_head_json":{"title":"Jordi Bernad\u00f3 - Lac T\u00e9l\u00e9 (CON 1.1)cc &ndash; Galeria Senda","robots":{"index":"index","follow":"follow","max-snippet":"max-snippet:-1","max-image-preview":"max-image-preview:large","max-video-preview":"max-video-preview:-1"},"canonical":"https:\/\/galeriasenda.com\/en\/shop\/jordi-bernado-lac-tele-con-1-1cc\/","og_locale":"en_US","og_type":"article","og_title":"Jordi Bernad\u00f3 - Lac T\u00e9l\u00e9 (CON 1.1)cc &ndash; Galeria Senda","og_description":"Ed. of 5 \/ Ed. de 5 Parte del proyecto &#8220;De Profundis&#8221;, pieza expuesta en el Gran Teatre del Liceu de Barcelona. En De profundis, el artista y fot\u00f3grafo Jordi Bernad\u00f3 plantea una reflexi\u00f3n sobre la distancia y el reconocimiento. Marcel Proust afirmaba que el \u00fanico para\u00edso es aquel que hemos perdido. Bernad\u00f3 viaja en [&hellip;]","og_url":"https:\/\/galeriasenda.com\/en\/shop\/jordi-bernado-lac-tele-con-1-1cc\/","og_site_name":"Galeria Senda","article_publisher":"https:\/\/www.facebook.com\/galeriasenda","article_modified_time":"2026-04-11T01:35:21+00:00","og_image":[{"width":2560,"height":1921,"url":"https:\/\/galeriasenda.com\/wp-content\/uploads\/2023\/02\/Lac_Tele_CON_1-scaled.jpeg","type":"image\/jpeg"}],"twitter_card":"summary_large_image","twitter_site":"@galeriasenda","twitter_misc":{"Est. reading time":"2 minutes"},"schema":{"@context":"https:\/\/schema.org","@graph":[{"@type":"Organization","@id":"https:\/\/galeriasenda.com\/#organization","name":"galeria SENDA","url":"https:\/\/galeriasenda.com\/","sameAs":["https:\/\/www.facebook.com\/galeriasenda","https:\/\/instagram.com\/galeriasenda\/","https:\/\/es.linkedin.com\/company\/galeria-senda","https:\/\/www.youtube.com\/channel\/UC-qz5xPOEq-QSm1a8kC-QPA","https:\/\/twitter.com\/galeriasenda"],"logo":{"@type":"ImageObject","@id":"https:\/\/galeriasenda.com\/#logo","inLanguage":"en-US","url":"https:\/\/galeriasenda.com\/wp-content\/uploads\/2019\/04\/logo-senda-.png","contentUrl":"https:\/\/galeriasenda.com\/wp-content\/uploads\/2019\/04\/logo-senda-.png","width":599,"height":314,"caption":"galeria SENDA"},"image":{"@id":"https:\/\/galeriasenda.com\/#logo"}},{"@type":"WebSite","@id":"https:\/\/galeriasenda.com\/#website","url":"https:\/\/galeriasenda.com\/","name":"Galeria Senda","description":"Contemporary art production company in Barcelona","publisher":{"@id":"https:\/\/galeriasenda.com\/#organization"},"potentialAction":[{"@type":"SearchAction","target":{"@type":"EntryPoint","urlTemplate":"https:\/\/galeriasenda.com\/?s={search_term_string}"},"query-input":"required name=search_term_string"}],"inLanguage":"en-US"},{"@type":"ImageObject","@id":"https:\/\/galeriasenda.com\/en\/shop\/jordi-bernado-lac-tele-con-1-1cc\/#primaryimage","inLanguage":"en-US","url":"https:\/\/galeriasenda.com\/wp-content\/uploads\/2023\/02\/Lac_Tele_CON_1-scaled.jpeg","contentUrl":"https:\/\/galeriasenda.com\/wp-content\/uploads\/2023\/02\/Lac_Tele_CON_1-scaled.jpeg","width":2560,"height":1921},{"@type":"WebPage","@id":"https:\/\/galeriasenda.com\/en\/shop\/jordi-bernado-lac-tele-con-1-1cc\/#webpage","url":"https:\/\/galeriasenda.com\/en\/shop\/jordi-bernado-lac-tele-con-1-1cc\/","name":"Jordi Bernad\u00f3 - Lac T\u00e9l\u00e9 (CON 1.1)cc &ndash; Galeria Senda","isPartOf":{"@id":"https:\/\/galeriasenda.com\/#website"},"primaryImageOfPage":{"@id":"https:\/\/galeriasenda.com\/en\/shop\/jordi-bernado-lac-tele-con-1-1cc\/#primaryimage"},"datePublished":"2023-02-03T17:58:14+00:00","dateModified":"2026-04-11T01:35:21+00:00","breadcrumb":{"@id":"https:\/\/galeriasenda.com\/en\/shop\/jordi-bernado-lac-tele-con-1-1cc\/#breadcrumb"},"inLanguage":"en-US","potentialAction":[{"@type":"ReadAction","target":["https:\/\/galeriasenda.com\/en\/shop\/jordi-bernado-lac-tele-con-1-1cc\/"]}]},{"@type":"BreadcrumbList","@id":"https:\/\/galeriasenda.com\/en\/shop\/jordi-bernado-lac-tele-con-1-1cc\/#breadcrumb","itemListElement":[{"@type":"ListItem","position":1,"name":"Portada","item":"https:\/\/galeriasenda.com\/en\/"},{"@type":"ListItem","position":2,"name":"Jordi Bernad\u00f3 &#8211; Lac T\u00e9l\u00e9 (CON 1.1)cc"}]}]}},"_links":{"self":[{"href":"https:\/\/galeriasenda.com\/en\/wp-json\/wp\/v2\/product\/52242","targetHints":{"allow":["GET"]}}],"collection":[{"href":"https:\/\/galeriasenda.com\/en\/wp-json\/wp\/v2\/product"}],"about":[{"href":"https:\/\/galeriasenda.com\/en\/wp-json\/wp\/v2\/types\/product"}],"author":[{"embeddable":true,"href":"https:\/\/galeriasenda.com\/en\/wp-json\/wp\/v2\/users\/142"}],"wp:featuredmedia":[{"embeddable":true,"href":"https:\/\/galeriasenda.com\/en\/wp-json\/wp\/v2\/media\/52237"}],"wp:attachment":[{"href":"https:\/\/galeriasenda.com\/en\/wp-json\/wp\/v2\/media?parent=52242"}],"wp:term":[{"taxonomy":"product_cat","embeddable":true,"href":"https:\/\/galeriasenda.com\/en\/wp-json\/wp\/v2\/product_cat?post=52242"},{"taxonomy":"product_tag","embeddable":true,"href":"https:\/\/galeriasenda.com\/en\/wp-json\/wp\/v2\/product_tag?post=52242"}],"curies":[{"name":"wp","href":"https:\/\/api.w.org\/{rel}","templated":true}]}}