{"id":45951,"date":"2022-11-30T18:57:21","date_gmt":"2022-11-30T16:57:21","guid":{"rendered":"https:\/\/galeriasenda.com\/shop\/xavi-bou-ornithographies-book-special-edition-2022\/"},"modified":"2024-06-01T19:48:26","modified_gmt":"2024-06-01T17:48:26","slug":"xavi-bou-ornithographies-book-special-edition-2022-c","status":"publish","type":"product","link":"https:\/\/galeriasenda.com\/en\/shop\/xavi-bou-ornithographies-book-special-edition-2022-c\/","title":{"rendered":"Xavi Bou, &#8220;ORNITOGRAFIAS&#8221; LIBRO EDICI\u00d3N ESPECIAL, 2022 (C)"},"content":{"rendered":"<p>Contiene un ejemplar firmado del libro \u00abOrnithographies\u00bb presentado en un estuche de dise\u00f1o personalizado (28,5 x 31 cm).<\/p>\n<p>Cada caja incluye una edici\u00f3n limitada firmada y numerada (20 x 25 cm) en papel Hahnem\u00fcle FineArt Pearl 285 gr\/cm2.<\/p>\n<p>EDICI\u00d3N C &#8211; impresi\u00f3n mostrada en la imagen.<\/p>\n<p>Hay tres impresiones diferentes para elegir (hasta agotar existencias), cada una en una edici\u00f3n de 50 ejemplares.<\/p>\n","protected":false},"excerpt":{"rendered":"<p>Contiene un ejemplar firmado del libro \u00abOrnithographies\u00bb presentado en un estuche de dise\u00f1o personalizado (28,5 x 31 cm). Cada caja incluye una edici\u00f3n limitada firmada y numerada (20 x 25 cm) en papel Hahnem\u00fcle FineArt Pearl 285 gr\/cm2. EDICI\u00d3N C &#8211; impresi\u00f3n mostrada en la imagen. Hay tres impresiones diferentes para elegir (hasta agotar existencias), [&hellip;]<\/p>\n","protected":false},"author":142,"featured_media":45934,"template":"","meta":[],"product_cat":[253],"product_tag":[364],"class_list":["post-45951","product","type-product","status-publish","has-post-thumbnail","hentry","product_cat-publications-en","product_tag-books-en"],"acf":[],"yoast_head":"<!-- This site is optimized with the Yoast SEO plugin v18.4.1 - https:\/\/yoast.com\/wordpress\/plugins\/seo\/ -->\n<title>Xavi Bou, &quot;ORNITOGRAFIAS&quot; LIBRO EDICI\u00d3N ESPECIAL, 2022 (C) &ndash; Galeria Senda<\/title>\n<meta name=\"robots\" content=\"index, follow, max-snippet:-1, max-image-preview:large, max-video-preview:-1\" \/>\n<link rel=\"canonical\" href=\"https:\/\/galeriasenda.com\/en\/shop\/xavi-bou-ornithographies-book-special-edition-2022-c\/\" \/>\n<meta property=\"og:locale\" content=\"en_US\" \/>\n<meta property=\"og:type\" content=\"article\" \/>\n<meta property=\"og:title\" content=\"Xavi Bou, &quot;ORNITOGRAFIAS&quot; LIBRO EDICI\u00d3N ESPECIAL, 2022 (C) &ndash; Galeria Senda\" \/>\n<meta property=\"og:description\" content=\"Contiene un ejemplar firmado del libro \u00abOrnithographies\u00bb presentado en un estuche de dise\u00f1o personalizado (28,5 x 31 cm). Cada caja incluye una edici\u00f3n limitada firmada y numerada (20 x 25 cm) en papel Hahnem\u00fcle FineArt Pearl 285 gr\/cm2. EDICI\u00d3N C &#8211; impresi\u00f3n mostrada en la imagen. Hay tres impresiones diferentes para elegir (hasta agotar existencias), [&hellip;]\" \/>\n<meta property=\"og:url\" content=\"https:\/\/galeriasenda.com\/en\/shop\/xavi-bou-ornithographies-book-special-edition-2022-c\/\" \/>\n<meta property=\"og:site_name\" content=\"Galeria Senda\" \/>\n<meta property=\"article:publisher\" content=\"https:\/\/www.facebook.com\/galeriasenda\" \/>\n<meta property=\"article:modified_time\" content=\"2024-06-01T17:48:26+00:00\" \/>\n<meta property=\"og:image\" content=\"https:\/\/galeriasenda.com\/wp-content\/uploads\/2022\/11\/Xavi_Book_01.jpg\" \/>\n\t<meta property=\"og:image:width\" content=\"1200\" \/>\n\t<meta property=\"og:image:height\" content=\"669\" \/>\n\t<meta property=\"og:image:type\" content=\"image\/jpeg\" \/>\n<meta name=\"twitter:card\" content=\"summary_large_image\" \/>\n<meta name=\"twitter:site\" content=\"@galeriasenda\" \/>\n<script type=\"application\/ld+json\" class=\"yoast-schema-graph\">{\"@context\":\"https:\/\/schema.org\",\"@graph\":[{\"@type\":\"Organization\",\"@id\":\"https:\/\/galeriasenda.com\/#organization\",\"name\":\"galeria SENDA\",\"url\":\"https:\/\/galeriasenda.com\/\",\"sameAs\":[\"https:\/\/www.facebook.com\/galeriasenda\",\"https:\/\/instagram.com\/galeriasenda\/\",\"https:\/\/es.linkedin.com\/company\/galeria-senda\",\"https:\/\/www.youtube.com\/channel\/UC-qz5xPOEq-QSm1a8kC-QPA\",\"https:\/\/twitter.com\/galeriasenda\"],\"logo\":{\"@type\":\"ImageObject\",\"@id\":\"https:\/\/galeriasenda.com\/#logo\",\"inLanguage\":\"en-US\",\"url\":\"https:\/\/galeriasenda.com\/wp-content\/uploads\/2019\/04\/logo-senda-.png\",\"contentUrl\":\"https:\/\/galeriasenda.com\/wp-content\/uploads\/2019\/04\/logo-senda-.png\",\"width\":599,\"height\":314,\"caption\":\"galeria SENDA\"},\"image\":{\"@id\":\"https:\/\/galeriasenda.com\/#logo\"}},{\"@type\":\"WebSite\",\"@id\":\"https:\/\/galeriasenda.com\/#website\",\"url\":\"https:\/\/galeriasenda.com\/\",\"name\":\"Galeria Senda\",\"description\":\"Contemporary art production company in Barcelona\",\"publisher\":{\"@id\":\"https:\/\/galeriasenda.com\/#organization\"},\"potentialAction\":[{\"@type\":\"SearchAction\",\"target\":{\"@type\":\"EntryPoint\",\"urlTemplate\":\"https:\/\/galeriasenda.com\/?s={search_term_string}\"},\"query-input\":\"required name=search_term_string\"}],\"inLanguage\":\"en-US\"},{\"@type\":\"ImageObject\",\"@id\":\"https:\/\/galeriasenda.com\/en\/shop\/xavi-bou-ornithographies-book-special-edition-2022-c\/#primaryimage\",\"inLanguage\":\"en-US\",\"url\":\"https:\/\/galeriasenda.com\/wp-content\/uploads\/2022\/11\/Xavi_Book_01.jpg\",\"contentUrl\":\"https:\/\/galeriasenda.com\/wp-content\/uploads\/2022\/11\/Xavi_Book_01.jpg\",\"width\":1200,\"height\":669},{\"@type\":\"WebPage\",\"@id\":\"https:\/\/galeriasenda.com\/en\/shop\/xavi-bou-ornithographies-book-special-edition-2022-c\/#webpage\",\"url\":\"https:\/\/galeriasenda.com\/en\/shop\/xavi-bou-ornithographies-book-special-edition-2022-c\/\",\"name\":\"Xavi Bou, \\\"ORNITOGRAFIAS\\\" LIBRO EDICI\u00d3N ESPECIAL, 2022 (C) &ndash; Galeria Senda\",\"isPartOf\":{\"@id\":\"https:\/\/galeriasenda.com\/#website\"},\"primaryImageOfPage\":{\"@id\":\"https:\/\/galeriasenda.com\/en\/shop\/xavi-bou-ornithographies-book-special-edition-2022-c\/#primaryimage\"},\"datePublished\":\"2022-11-30T16:57:21+00:00\",\"dateModified\":\"2024-06-01T17:48:26+00:00\",\"breadcrumb\":{\"@id\":\"https:\/\/galeriasenda.com\/en\/shop\/xavi-bou-ornithographies-book-special-edition-2022-c\/#breadcrumb\"},\"inLanguage\":\"en-US\",\"potentialAction\":[{\"@type\":\"ReadAction\",\"target\":[\"https:\/\/galeriasenda.com\/en\/shop\/xavi-bou-ornithographies-book-special-edition-2022-c\/\"]}]},{\"@type\":\"BreadcrumbList\",\"@id\":\"https:\/\/galeriasenda.com\/en\/shop\/xavi-bou-ornithographies-book-special-edition-2022-c\/#breadcrumb\",\"itemListElement\":[{\"@type\":\"ListItem\",\"position\":1,\"name\":\"Portada\",\"item\":\"https:\/\/galeriasenda.com\/en\/\"},{\"@type\":\"ListItem\",\"position\":2,\"name\":\"Xavi Bou, &#8220;ORNITOGRAFIAS&#8221; LIBRO EDICI\u00d3N ESPECIAL, 2022 (C)\"}]}]}<\/script>\n<!-- \/ Yoast SEO plugin. -->","yoast_head_json":{"title":"Xavi Bou, \"ORNITOGRAFIAS\" LIBRO EDICI\u00d3N ESPECIAL, 2022 (C) &ndash; Galeria Senda","robots":{"index":"index","follow":"follow","max-snippet":"max-snippet:-1","max-image-preview":"max-image-preview:large","max-video-preview":"max-video-preview:-1"},"canonical":"https:\/\/galeriasenda.com\/en\/shop\/xavi-bou-ornithographies-book-special-edition-2022-c\/","og_locale":"en_US","og_type":"article","og_title":"Xavi Bou, \"ORNITOGRAFIAS\" LIBRO EDICI\u00d3N ESPECIAL, 2022 (C) &ndash; Galeria Senda","og_description":"Contiene un ejemplar firmado del libro \u00abOrnithographies\u00bb presentado en un estuche de dise\u00f1o personalizado (28,5 x 31 cm). Cada caja incluye una edici\u00f3n limitada firmada y numerada (20 x 25 cm) en papel Hahnem\u00fcle FineArt Pearl 285 gr\/cm2. EDICI\u00d3N C &#8211; impresi\u00f3n mostrada en la imagen. Hay tres impresiones diferentes para elegir (hasta agotar existencias), [&hellip;]","og_url":"https:\/\/galeriasenda.com\/en\/shop\/xavi-bou-ornithographies-book-special-edition-2022-c\/","og_site_name":"Galeria Senda","article_publisher":"https:\/\/www.facebook.com\/galeriasenda","article_modified_time":"2024-06-01T17:48:26+00:00","og_image":[{"width":1200,"height":669,"url":"https:\/\/galeriasenda.com\/wp-content\/uploads\/2022\/11\/Xavi_Book_01.jpg","type":"image\/jpeg"}],"twitter_card":"summary_large_image","twitter_site":"@galeriasenda","schema":{"@context":"https:\/\/schema.org","@graph":[{"@type":"Organization","@id":"https:\/\/galeriasenda.com\/#organization","name":"galeria SENDA","url":"https:\/\/galeriasenda.com\/","sameAs":["https:\/\/www.facebook.com\/galeriasenda","https:\/\/instagram.com\/galeriasenda\/","https:\/\/es.linkedin.com\/company\/galeria-senda","https:\/\/www.youtube.com\/channel\/UC-qz5xPOEq-QSm1a8kC-QPA","https:\/\/twitter.com\/galeriasenda"],"logo":{"@type":"ImageObject","@id":"https:\/\/galeriasenda.com\/#logo","inLanguage":"en-US","url":"https:\/\/galeriasenda.com\/wp-content\/uploads\/2019\/04\/logo-senda-.png","contentUrl":"https:\/\/galeriasenda.com\/wp-content\/uploads\/2019\/04\/logo-senda-.png","width":599,"height":314,"caption":"galeria SENDA"},"image":{"@id":"https:\/\/galeriasenda.com\/#logo"}},{"@type":"WebSite","@id":"https:\/\/galeriasenda.com\/#website","url":"https:\/\/galeriasenda.com\/","name":"Galeria Senda","description":"Contemporary art production company in Barcelona","publisher":{"@id":"https:\/\/galeriasenda.com\/#organization"},"potentialAction":[{"@type":"SearchAction","target":{"@type":"EntryPoint","urlTemplate":"https:\/\/galeriasenda.com\/?s={search_term_string}"},"query-input":"required name=search_term_string"}],"inLanguage":"en-US"},{"@type":"ImageObject","@id":"https:\/\/galeriasenda.com\/en\/shop\/xavi-bou-ornithographies-book-special-edition-2022-c\/#primaryimage","inLanguage":"en-US","url":"https:\/\/galeriasenda.com\/wp-content\/uploads\/2022\/11\/Xavi_Book_01.jpg","contentUrl":"https:\/\/galeriasenda.com\/wp-content\/uploads\/2022\/11\/Xavi_Book_01.jpg","width":1200,"height":669},{"@type":"WebPage","@id":"https:\/\/galeriasenda.com\/en\/shop\/xavi-bou-ornithographies-book-special-edition-2022-c\/#webpage","url":"https:\/\/galeriasenda.com\/en\/shop\/xavi-bou-ornithographies-book-special-edition-2022-c\/","name":"Xavi Bou, \"ORNITOGRAFIAS\" LIBRO EDICI\u00d3N ESPECIAL, 2022 (C) &ndash; Galeria Senda","isPartOf":{"@id":"https:\/\/galeriasenda.com\/#website"},"primaryImageOfPage":{"@id":"https:\/\/galeriasenda.com\/en\/shop\/xavi-bou-ornithographies-book-special-edition-2022-c\/#primaryimage"},"datePublished":"2022-11-30T16:57:21+00:00","dateModified":"2024-06-01T17:48:26+00:00","breadcrumb":{"@id":"https:\/\/galeriasenda.com\/en\/shop\/xavi-bou-ornithographies-book-special-edition-2022-c\/#breadcrumb"},"inLanguage":"en-US","potentialAction":[{"@type":"ReadAction","target":["https:\/\/galeriasenda.com\/en\/shop\/xavi-bou-ornithographies-book-special-edition-2022-c\/"]}]},{"@type":"BreadcrumbList","@id":"https:\/\/galeriasenda.com\/en\/shop\/xavi-bou-ornithographies-book-special-edition-2022-c\/#breadcrumb","itemListElement":[{"@type":"ListItem","position":1,"name":"Portada","item":"https:\/\/galeriasenda.com\/en\/"},{"@type":"ListItem","position":2,"name":"Xavi Bou, &#8220;ORNITOGRAFIAS&#8221; LIBRO EDICI\u00d3N ESPECIAL, 2022 (C)"}]}]}},"_links":{"self":[{"href":"https:\/\/galeriasenda.com\/en\/wp-json\/wp\/v2\/product\/45951","targetHints":{"allow":["GET"]}}],"collection":[{"href":"https:\/\/galeriasenda.com\/en\/wp-json\/wp\/v2\/product"}],"about":[{"href":"https:\/\/galeriasenda.com\/en\/wp-json\/wp\/v2\/types\/product"}],"author":[{"embeddable":true,"href":"https:\/\/galeriasenda.com\/en\/wp-json\/wp\/v2\/users\/142"}],"wp:featuredmedia":[{"embeddable":true,"href":"https:\/\/galeriasenda.com\/en\/wp-json\/wp\/v2\/media\/45934"}],"wp:attachment":[{"href":"https:\/\/galeriasenda.com\/en\/wp-json\/wp\/v2\/media?parent=45951"}],"wp:term":[{"taxonomy":"product_cat","embeddable":true,"href":"https:\/\/galeriasenda.com\/en\/wp-json\/wp\/v2\/product_cat?post=45951"},{"taxonomy":"product_tag","embeddable":true,"href":"https:\/\/galeriasenda.com\/en\/wp-json\/wp\/v2\/product_tag?post=45951"}],"curies":[{"name":"wp","href":"https:\/\/api.w.org\/{rel}","templated":true}]}}