{"id":43147,"date":"2022-11-12T20:15:30","date_gmt":"2022-11-12T18:15:30","guid":{"rendered":"https:\/\/galeriasenda.com\/?post_type=product&#038;p=43147"},"modified":"2022-11-16T20:42:39","modified_gmt":"2022-11-16T18:42:39","slug":"jaume-plensa-interior-154","status":"publish","type":"product","link":"https:\/\/galeriasenda.com\/en\/shop\/jaume-plensa-interior-154\/","title":{"rendered":"Jaume Plensa, Interior 154"},"content":{"rendered":"<p>Ed. 154\/200<\/p>\n<p>1.800\u20ac P.V.P<\/p>\n<p>Interior es una edici\u00f3n biling\u00fce en castellano e ingl\u00e9s, compuesta por 200 ejemplares numerados del 1 al 200, y 16 pruebas de autor numeradas del I al XVI. Todos ellos firmados e intervenidos manualmente por el artista en su taller, cuyo proceso queda recogido en un documental.<\/p>\n<p>El libro se compone de 176 p\u00e1ginas impresas sobre Tatami White de 200g, cubierto en tapa dura con madera tratada. Los materiales han sido seleccionados minuciosamente por el artista, acorde a las especificaciones t\u00e9cnicas m\u00e1s convenientes para su posterior aplicaci\u00f3n.Es presentado dentro de una caja expositora de metacrilato dise\u00f1ada espec\u00edficamente, que garantiza su manipulaci\u00f3n y conservaci\u00f3n. A su vez, lo acompa\u00f1a una l\u00e1mina firmada como Certificado de autenticidad, en papel Tintoretto Geso de 200g, garantizando la veracidad del valor de cada t\u00edtulo como obra original del artista.<\/p>\n","protected":false},"excerpt":{"rendered":"<p>Ed. 154\/200 1.800\u20ac P.V.P Interior es una edici\u00f3n biling\u00fce en castellano e ingl\u00e9s, compuesta por 200 ejemplares numerados del 1 al 200, y 16 pruebas de autor numeradas del I al XVI. Todos ellos firmados e intervenidos manualmente por el artista en su taller, cuyo proceso queda recogido en un documental. El libro se compone [&hellip;]<\/p>\n","protected":false},"author":142,"featured_media":43159,"template":"","meta":[],"product_cat":[296,253,292],"product_tag":[],"class_list":["post-43147","product","type-product","status-publish","has-post-thumbnail","hentry","product_cat-objects-en","product_cat-publications-en","product_cat-sculpture-en"],"acf":[],"yoast_head":"<!-- This site is optimized with the Yoast SEO plugin v18.4.1 - https:\/\/yoast.com\/wordpress\/plugins\/seo\/ -->\n<title>Jaume Plensa, Interior 154 &ndash; Galeria Senda<\/title>\n<meta name=\"robots\" content=\"index, follow, max-snippet:-1, max-image-preview:large, max-video-preview:-1\" \/>\n<link rel=\"canonical\" href=\"https:\/\/galeriasenda.com\/en\/shop\/jaume-plensa-interior-154\/\" \/>\n<meta property=\"og:locale\" content=\"en_US\" \/>\n<meta property=\"og:type\" content=\"article\" \/>\n<meta property=\"og:title\" content=\"Jaume Plensa, Interior 154 &ndash; Galeria Senda\" \/>\n<meta property=\"og:description\" content=\"Ed. 154\/200 1.800\u20ac P.V.P Interior es una edici\u00f3n biling\u00fce en castellano e ingl\u00e9s, compuesta por 200 ejemplares numerados del 1 al 200, y 16 pruebas de autor numeradas del I al XVI. Todos ellos firmados e intervenidos manualmente por el artista en su taller, cuyo proceso queda recogido en un documental. El libro se compone [&hellip;]\" \/>\n<meta property=\"og:url\" content=\"https:\/\/galeriasenda.com\/en\/shop\/jaume-plensa-interior-154\/\" \/>\n<meta property=\"og:site_name\" content=\"Galeria Senda\" \/>\n<meta property=\"article:publisher\" content=\"https:\/\/www.facebook.com\/galeriasenda\" \/>\n<meta property=\"article:modified_time\" content=\"2022-11-16T18:42:39+00:00\" \/>\n<meta property=\"og:image\" content=\"https:\/\/galeriasenda.com\/wp-content\/uploads\/2022\/11\/IMG_0303-min-1.png\" \/>\n\t<meta property=\"og:image:width\" content=\"1000\" \/>\n\t<meta property=\"og:image:height\" content=\"1041\" \/>\n\t<meta property=\"og:image:type\" content=\"image\/png\" \/>\n<meta name=\"twitter:card\" content=\"summary_large_image\" \/>\n<meta name=\"twitter:site\" content=\"@galeriasenda\" \/>\n<meta name=\"twitter:label1\" content=\"Est. reading time\" \/>\n\t<meta name=\"twitter:data1\" content=\"1 minute\" \/>\n<script type=\"application\/ld+json\" class=\"yoast-schema-graph\">{\"@context\":\"https:\/\/schema.org\",\"@graph\":[{\"@type\":\"Organization\",\"@id\":\"https:\/\/galeriasenda.com\/#organization\",\"name\":\"galeria SENDA\",\"url\":\"https:\/\/galeriasenda.com\/\",\"sameAs\":[\"https:\/\/www.facebook.com\/galeriasenda\",\"https:\/\/instagram.com\/galeriasenda\/\",\"https:\/\/es.linkedin.com\/company\/galeria-senda\",\"https:\/\/www.youtube.com\/channel\/UC-qz5xPOEq-QSm1a8kC-QPA\",\"https:\/\/twitter.com\/galeriasenda\"],\"logo\":{\"@type\":\"ImageObject\",\"@id\":\"https:\/\/galeriasenda.com\/#logo\",\"inLanguage\":\"en-US\",\"url\":\"https:\/\/galeriasenda.com\/wp-content\/uploads\/2019\/04\/logo-senda-.png\",\"contentUrl\":\"https:\/\/galeriasenda.com\/wp-content\/uploads\/2019\/04\/logo-senda-.png\",\"width\":599,\"height\":314,\"caption\":\"galeria SENDA\"},\"image\":{\"@id\":\"https:\/\/galeriasenda.com\/#logo\"}},{\"@type\":\"WebSite\",\"@id\":\"https:\/\/galeriasenda.com\/#website\",\"url\":\"https:\/\/galeriasenda.com\/\",\"name\":\"Galeria Senda\",\"description\":\"Contemporary art production company in Barcelona\",\"publisher\":{\"@id\":\"https:\/\/galeriasenda.com\/#organization\"},\"potentialAction\":[{\"@type\":\"SearchAction\",\"target\":{\"@type\":\"EntryPoint\",\"urlTemplate\":\"https:\/\/galeriasenda.com\/?s={search_term_string}\"},\"query-input\":\"required name=search_term_string\"}],\"inLanguage\":\"en-US\"},{\"@type\":\"ImageObject\",\"@id\":\"https:\/\/galeriasenda.com\/en\/shop\/jaume-plensa-interior-154\/#primaryimage\",\"inLanguage\":\"en-US\",\"url\":\"https:\/\/galeriasenda.com\/wp-content\/uploads\/2022\/11\/IMG_0303-min-1.png\",\"contentUrl\":\"https:\/\/galeriasenda.com\/wp-content\/uploads\/2022\/11\/IMG_0303-min-1.png\",\"width\":1000,\"height\":1041},{\"@type\":\"WebPage\",\"@id\":\"https:\/\/galeriasenda.com\/en\/shop\/jaume-plensa-interior-154\/#webpage\",\"url\":\"https:\/\/galeriasenda.com\/en\/shop\/jaume-plensa-interior-154\/\",\"name\":\"Jaume Plensa, Interior 154 &ndash; Galeria Senda\",\"isPartOf\":{\"@id\":\"https:\/\/galeriasenda.com\/#website\"},\"primaryImageOfPage\":{\"@id\":\"https:\/\/galeriasenda.com\/en\/shop\/jaume-plensa-interior-154\/#primaryimage\"},\"datePublished\":\"2022-11-12T18:15:30+00:00\",\"dateModified\":\"2022-11-16T18:42:39+00:00\",\"breadcrumb\":{\"@id\":\"https:\/\/galeriasenda.com\/en\/shop\/jaume-plensa-interior-154\/#breadcrumb\"},\"inLanguage\":\"en-US\",\"potentialAction\":[{\"@type\":\"ReadAction\",\"target\":[\"https:\/\/galeriasenda.com\/en\/shop\/jaume-plensa-interior-154\/\"]}]},{\"@type\":\"BreadcrumbList\",\"@id\":\"https:\/\/galeriasenda.com\/en\/shop\/jaume-plensa-interior-154\/#breadcrumb\",\"itemListElement\":[{\"@type\":\"ListItem\",\"position\":1,\"name\":\"Portada\",\"item\":\"https:\/\/galeriasenda.com\/en\/\"},{\"@type\":\"ListItem\",\"position\":2,\"name\":\"Jaume Plensa, Interior 154\"}]}]}<\/script>\n<!-- \/ Yoast SEO plugin. -->","yoast_head_json":{"title":"Jaume Plensa, Interior 154 &ndash; Galeria Senda","robots":{"index":"index","follow":"follow","max-snippet":"max-snippet:-1","max-image-preview":"max-image-preview:large","max-video-preview":"max-video-preview:-1"},"canonical":"https:\/\/galeriasenda.com\/en\/shop\/jaume-plensa-interior-154\/","og_locale":"en_US","og_type":"article","og_title":"Jaume Plensa, Interior 154 &ndash; Galeria Senda","og_description":"Ed. 154\/200 1.800\u20ac P.V.P Interior es una edici\u00f3n biling\u00fce en castellano e ingl\u00e9s, compuesta por 200 ejemplares numerados del 1 al 200, y 16 pruebas de autor numeradas del I al XVI. Todos ellos firmados e intervenidos manualmente por el artista en su taller, cuyo proceso queda recogido en un documental. El libro se compone [&hellip;]","og_url":"https:\/\/galeriasenda.com\/en\/shop\/jaume-plensa-interior-154\/","og_site_name":"Galeria Senda","article_publisher":"https:\/\/www.facebook.com\/galeriasenda","article_modified_time":"2022-11-16T18:42:39+00:00","og_image":[{"width":1000,"height":1041,"url":"https:\/\/galeriasenda.com\/wp-content\/uploads\/2022\/11\/IMG_0303-min-1.png","type":"image\/png"}],"twitter_card":"summary_large_image","twitter_site":"@galeriasenda","twitter_misc":{"Est. reading time":"1 minute"},"schema":{"@context":"https:\/\/schema.org","@graph":[{"@type":"Organization","@id":"https:\/\/galeriasenda.com\/#organization","name":"galeria SENDA","url":"https:\/\/galeriasenda.com\/","sameAs":["https:\/\/www.facebook.com\/galeriasenda","https:\/\/instagram.com\/galeriasenda\/","https:\/\/es.linkedin.com\/company\/galeria-senda","https:\/\/www.youtube.com\/channel\/UC-qz5xPOEq-QSm1a8kC-QPA","https:\/\/twitter.com\/galeriasenda"],"logo":{"@type":"ImageObject","@id":"https:\/\/galeriasenda.com\/#logo","inLanguage":"en-US","url":"https:\/\/galeriasenda.com\/wp-content\/uploads\/2019\/04\/logo-senda-.png","contentUrl":"https:\/\/galeriasenda.com\/wp-content\/uploads\/2019\/04\/logo-senda-.png","width":599,"height":314,"caption":"galeria SENDA"},"image":{"@id":"https:\/\/galeriasenda.com\/#logo"}},{"@type":"WebSite","@id":"https:\/\/galeriasenda.com\/#website","url":"https:\/\/galeriasenda.com\/","name":"Galeria Senda","description":"Contemporary art production company in Barcelona","publisher":{"@id":"https:\/\/galeriasenda.com\/#organization"},"potentialAction":[{"@type":"SearchAction","target":{"@type":"EntryPoint","urlTemplate":"https:\/\/galeriasenda.com\/?s={search_term_string}"},"query-input":"required name=search_term_string"}],"inLanguage":"en-US"},{"@type":"ImageObject","@id":"https:\/\/galeriasenda.com\/en\/shop\/jaume-plensa-interior-154\/#primaryimage","inLanguage":"en-US","url":"https:\/\/galeriasenda.com\/wp-content\/uploads\/2022\/11\/IMG_0303-min-1.png","contentUrl":"https:\/\/galeriasenda.com\/wp-content\/uploads\/2022\/11\/IMG_0303-min-1.png","width":1000,"height":1041},{"@type":"WebPage","@id":"https:\/\/galeriasenda.com\/en\/shop\/jaume-plensa-interior-154\/#webpage","url":"https:\/\/galeriasenda.com\/en\/shop\/jaume-plensa-interior-154\/","name":"Jaume Plensa, Interior 154 &ndash; Galeria Senda","isPartOf":{"@id":"https:\/\/galeriasenda.com\/#website"},"primaryImageOfPage":{"@id":"https:\/\/galeriasenda.com\/en\/shop\/jaume-plensa-interior-154\/#primaryimage"},"datePublished":"2022-11-12T18:15:30+00:00","dateModified":"2022-11-16T18:42:39+00:00","breadcrumb":{"@id":"https:\/\/galeriasenda.com\/en\/shop\/jaume-plensa-interior-154\/#breadcrumb"},"inLanguage":"en-US","potentialAction":[{"@type":"ReadAction","target":["https:\/\/galeriasenda.com\/en\/shop\/jaume-plensa-interior-154\/"]}]},{"@type":"BreadcrumbList","@id":"https:\/\/galeriasenda.com\/en\/shop\/jaume-plensa-interior-154\/#breadcrumb","itemListElement":[{"@type":"ListItem","position":1,"name":"Portada","item":"https:\/\/galeriasenda.com\/en\/"},{"@type":"ListItem","position":2,"name":"Jaume Plensa, Interior 154"}]}]}},"_links":{"self":[{"href":"https:\/\/galeriasenda.com\/en\/wp-json\/wp\/v2\/product\/43147","targetHints":{"allow":["GET"]}}],"collection":[{"href":"https:\/\/galeriasenda.com\/en\/wp-json\/wp\/v2\/product"}],"about":[{"href":"https:\/\/galeriasenda.com\/en\/wp-json\/wp\/v2\/types\/product"}],"author":[{"embeddable":true,"href":"https:\/\/galeriasenda.com\/en\/wp-json\/wp\/v2\/users\/142"}],"wp:featuredmedia":[{"embeddable":true,"href":"https:\/\/galeriasenda.com\/en\/wp-json\/wp\/v2\/media\/43159"}],"wp:attachment":[{"href":"https:\/\/galeriasenda.com\/en\/wp-json\/wp\/v2\/media?parent=43147"}],"wp:term":[{"taxonomy":"product_cat","embeddable":true,"href":"https:\/\/galeriasenda.com\/en\/wp-json\/wp\/v2\/product_cat?post=43147"},{"taxonomy":"product_tag","embeddable":true,"href":"https:\/\/galeriasenda.com\/en\/wp-json\/wp\/v2\/product_tag?post=43147"}],"curies":[{"name":"wp","href":"https:\/\/api.w.org\/{rel}","templated":true}]}}