{"id":32750,"date":"2021-11-29T15:53:21","date_gmt":"2021-11-29T13:53:21","guid":{"rendered":"https:\/\/galeriasenda.com\/shop\/catalina-jaramillo-deseo\/"},"modified":"2026-04-17T14:33:36","modified_gmt":"2026-04-17T12:33:36","slug":"catalina-jaramillo-deseo","status":"publish","type":"product","link":"https:\/\/galeriasenda.com\/en\/shop\/catalina-jaramillo-deseo\/","title":{"rendered":"Catalina Jaramillo &#8211; Deseo"},"content":{"rendered":"<p>Concepto general:<br \/>\nDe los tapices de &#8220;La Dama y el unicornio&#8221; (t\u00edtulo moderno que se da a un ciclo de tapices flamencos de finales del siglo XV frecuentemente considerado como una de las grandes obras del renacimiento franc\u00e9s) se dice que cada uno corresponde a uno de los cinco sentidos y el sexto que tiene la inscripci\u00f3n \u201c\u00c0 mon seul d\u00e9sir\u201d a veces se le asocia al amor o al deseo.<br \/>\nEn esta serie de dibujos Catalina retoma algunos de los s\u00edmbolos principales de los tapices y los asocia a los pelda\u00f1os de la transformaci\u00f3n alqu\u00edmica teniendo como referencia algunos textos de Jung y varios tratados alqu\u00edmicos. En cada dibujo,<br \/>\nel unicornio como el alquimista se va purificando a trav\u00e9s de los sentidos, y son los personajes quienes van<br \/>\nasumiendo la transformaci\u00f3n.<\/p>\n<p>Deseo:<br \/>\nRebis, el hermafrodita como fusi\u00f3n de la luna con el sol. La dama se viste de rojo carbunclo, color de la Piedra filosofal. Ella encarna en todo su esplendor a la piedra, convertida en rosa rubea. Usualmente se designa as\u00ed al \u201cmercurio de los fil\u00f3sofos\u201d, obtenido de la uni\u00f3n del hombre (Andros) y de la mujer (Ginos). El Mercurio Animado posee los dos principios en su cuerpo, el Azufre, que en sucesivas batallas se ha ido disolviendo en el Mercurio, y le ha ido comunicando sus especiales caracter\u00edsticas. Este \u201cmercurio\u201d se llama Hermafrodita, Androdunos, Leche de la Virgen. El paralelismo con esta<br \/>\ncontraposici\u00f3n est\u00e1 en la naturaleza doble del Mercurio, que, en el proceso alquimista, se manifiesta la mayor parte de las veces en la forma del ouroboros, del drag\u00f3n que se devora a s\u00ed mismo, que con s\u00ed mismo se aparea, se embaraza, se mata a s\u00ed mismo y de nuevo se hace resucitar. Como hermafrodita, est\u00e1 integrado por contrastes y<br \/>\nes, al mismo tiempo, el s\u00edmbolo de uni\u00f3n de \u00e9stos.<\/p>\n","protected":false},"excerpt":{"rendered":"<p>Concepto general: De los tapices de &#8220;La Dama y el unicornio&#8221; (t\u00edtulo moderno que se da a un ciclo de tapices flamencos de finales del siglo XV frecuentemente considerado como una de las grandes obras del renacimiento franc\u00e9s) se dice que cada uno corresponde a uno de los cinco sentidos y el sexto que tiene [&hellip;]<\/p>\n","protected":false},"author":128,"featured_media":32745,"template":"","meta":[],"product_cat":[222],"product_tag":[2784],"class_list":["post-32750","product","type-product","status-publish","has-post-thumbnail","hentry","product_cat-dibujo","product_tag-works"],"acf":[],"yoast_head":"<!-- This site is optimized with the Yoast SEO plugin v18.4.1 - https:\/\/yoast.com\/wordpress\/plugins\/seo\/ -->\n<title>Catalina Jaramillo - Deseo &ndash; Galeria Senda<\/title>\n<meta name=\"robots\" content=\"index, follow, max-snippet:-1, max-image-preview:large, max-video-preview:-1\" \/>\n<link rel=\"canonical\" href=\"https:\/\/galeriasenda.com\/en\/shop\/catalina-jaramillo-deseo\/\" \/>\n<meta property=\"og:locale\" content=\"en_US\" \/>\n<meta property=\"og:type\" content=\"article\" \/>\n<meta property=\"og:title\" content=\"Catalina Jaramillo - Deseo &ndash; Galeria Senda\" \/>\n<meta property=\"og:description\" content=\"Concepto general: De los tapices de &#8220;La Dama y el unicornio&#8221; (t\u00edtulo moderno que se da a un ciclo de tapices flamencos de finales del siglo XV frecuentemente considerado como una de las grandes obras del renacimiento franc\u00e9s) se dice que cada uno corresponde a uno de los cinco sentidos y el sexto que tiene [&hellip;]\" \/>\n<meta property=\"og:url\" content=\"https:\/\/galeriasenda.com\/en\/shop\/catalina-jaramillo-deseo\/\" \/>\n<meta property=\"og:site_name\" content=\"Galeria Senda\" \/>\n<meta property=\"article:publisher\" content=\"https:\/\/www.facebook.com\/galeriasenda\" \/>\n<meta property=\"article:modified_time\" content=\"2026-04-17T12:33:36+00:00\" \/>\n<meta property=\"og:image\" content=\"https:\/\/galeriasenda.com\/wp-content\/uploads\/2021\/11\/deseo.jpg\" \/>\n\t<meta property=\"og:image:width\" content=\"2126\" \/>\n\t<meta property=\"og:image:height\" content=\"1540\" \/>\n\t<meta property=\"og:image:type\" content=\"image\/jpeg\" \/>\n<meta name=\"twitter:card\" content=\"summary_large_image\" \/>\n<meta name=\"twitter:site\" content=\"@galeriasenda\" \/>\n<meta name=\"twitter:label1\" content=\"Est. reading time\" \/>\n\t<meta name=\"twitter:data1\" content=\"2 minutes\" \/>\n<script type=\"application\/ld+json\" class=\"yoast-schema-graph\">{\"@context\":\"https:\/\/schema.org\",\"@graph\":[{\"@type\":\"Organization\",\"@id\":\"https:\/\/galeriasenda.com\/#organization\",\"name\":\"galeria SENDA\",\"url\":\"https:\/\/galeriasenda.com\/\",\"sameAs\":[\"https:\/\/www.facebook.com\/galeriasenda\",\"https:\/\/instagram.com\/galeriasenda\/\",\"https:\/\/es.linkedin.com\/company\/galeria-senda\",\"https:\/\/www.youtube.com\/channel\/UC-qz5xPOEq-QSm1a8kC-QPA\",\"https:\/\/twitter.com\/galeriasenda\"],\"logo\":{\"@type\":\"ImageObject\",\"@id\":\"https:\/\/galeriasenda.com\/#logo\",\"inLanguage\":\"en-US\",\"url\":\"https:\/\/galeriasenda.com\/wp-content\/uploads\/2019\/04\/logo-senda-.png\",\"contentUrl\":\"https:\/\/galeriasenda.com\/wp-content\/uploads\/2019\/04\/logo-senda-.png\",\"width\":599,\"height\":314,\"caption\":\"galeria SENDA\"},\"image\":{\"@id\":\"https:\/\/galeriasenda.com\/#logo\"}},{\"@type\":\"WebSite\",\"@id\":\"https:\/\/galeriasenda.com\/#website\",\"url\":\"https:\/\/galeriasenda.com\/\",\"name\":\"Galeria Senda\",\"description\":\"Contemporary art production company in Barcelona\",\"publisher\":{\"@id\":\"https:\/\/galeriasenda.com\/#organization\"},\"potentialAction\":[{\"@type\":\"SearchAction\",\"target\":{\"@type\":\"EntryPoint\",\"urlTemplate\":\"https:\/\/galeriasenda.com\/?s={search_term_string}\"},\"query-input\":\"required name=search_term_string\"}],\"inLanguage\":\"en-US\"},{\"@type\":\"ImageObject\",\"@id\":\"https:\/\/galeriasenda.com\/en\/shop\/catalina-jaramillo-deseo\/#primaryimage\",\"inLanguage\":\"en-US\",\"url\":\"https:\/\/galeriasenda.com\/wp-content\/uploads\/2021\/11\/deseo.jpg\",\"contentUrl\":\"https:\/\/galeriasenda.com\/wp-content\/uploads\/2021\/11\/deseo.jpg\",\"width\":2126,\"height\":1540},{\"@type\":\"WebPage\",\"@id\":\"https:\/\/galeriasenda.com\/en\/shop\/catalina-jaramillo-deseo\/#webpage\",\"url\":\"https:\/\/galeriasenda.com\/en\/shop\/catalina-jaramillo-deseo\/\",\"name\":\"Catalina Jaramillo - Deseo &ndash; Galeria Senda\",\"isPartOf\":{\"@id\":\"https:\/\/galeriasenda.com\/#website\"},\"primaryImageOfPage\":{\"@id\":\"https:\/\/galeriasenda.com\/en\/shop\/catalina-jaramillo-deseo\/#primaryimage\"},\"datePublished\":\"2021-11-29T13:53:21+00:00\",\"dateModified\":\"2026-04-17T12:33:36+00:00\",\"breadcrumb\":{\"@id\":\"https:\/\/galeriasenda.com\/en\/shop\/catalina-jaramillo-deseo\/#breadcrumb\"},\"inLanguage\":\"en-US\",\"potentialAction\":[{\"@type\":\"ReadAction\",\"target\":[\"https:\/\/galeriasenda.com\/en\/shop\/catalina-jaramillo-deseo\/\"]}]},{\"@type\":\"BreadcrumbList\",\"@id\":\"https:\/\/galeriasenda.com\/en\/shop\/catalina-jaramillo-deseo\/#breadcrumb\",\"itemListElement\":[{\"@type\":\"ListItem\",\"position\":1,\"name\":\"Portada\",\"item\":\"https:\/\/galeriasenda.com\/en\/\"},{\"@type\":\"ListItem\",\"position\":2,\"name\":\"Catalina Jaramillo &#8211; Deseo\"}]}]}<\/script>\n<!-- \/ Yoast SEO plugin. -->","yoast_head_json":{"title":"Catalina Jaramillo - Deseo &ndash; Galeria Senda","robots":{"index":"index","follow":"follow","max-snippet":"max-snippet:-1","max-image-preview":"max-image-preview:large","max-video-preview":"max-video-preview:-1"},"canonical":"https:\/\/galeriasenda.com\/en\/shop\/catalina-jaramillo-deseo\/","og_locale":"en_US","og_type":"article","og_title":"Catalina Jaramillo - Deseo &ndash; Galeria Senda","og_description":"Concepto general: De los tapices de &#8220;La Dama y el unicornio&#8221; (t\u00edtulo moderno que se da a un ciclo de tapices flamencos de finales del siglo XV frecuentemente considerado como una de las grandes obras del renacimiento franc\u00e9s) se dice que cada uno corresponde a uno de los cinco sentidos y el sexto que tiene [&hellip;]","og_url":"https:\/\/galeriasenda.com\/en\/shop\/catalina-jaramillo-deseo\/","og_site_name":"Galeria Senda","article_publisher":"https:\/\/www.facebook.com\/galeriasenda","article_modified_time":"2026-04-17T12:33:36+00:00","og_image":[{"width":2126,"height":1540,"url":"https:\/\/galeriasenda.com\/wp-content\/uploads\/2021\/11\/deseo.jpg","type":"image\/jpeg"}],"twitter_card":"summary_large_image","twitter_site":"@galeriasenda","twitter_misc":{"Est. reading time":"2 minutes"},"schema":{"@context":"https:\/\/schema.org","@graph":[{"@type":"Organization","@id":"https:\/\/galeriasenda.com\/#organization","name":"galeria SENDA","url":"https:\/\/galeriasenda.com\/","sameAs":["https:\/\/www.facebook.com\/galeriasenda","https:\/\/instagram.com\/galeriasenda\/","https:\/\/es.linkedin.com\/company\/galeria-senda","https:\/\/www.youtube.com\/channel\/UC-qz5xPOEq-QSm1a8kC-QPA","https:\/\/twitter.com\/galeriasenda"],"logo":{"@type":"ImageObject","@id":"https:\/\/galeriasenda.com\/#logo","inLanguage":"en-US","url":"https:\/\/galeriasenda.com\/wp-content\/uploads\/2019\/04\/logo-senda-.png","contentUrl":"https:\/\/galeriasenda.com\/wp-content\/uploads\/2019\/04\/logo-senda-.png","width":599,"height":314,"caption":"galeria SENDA"},"image":{"@id":"https:\/\/galeriasenda.com\/#logo"}},{"@type":"WebSite","@id":"https:\/\/galeriasenda.com\/#website","url":"https:\/\/galeriasenda.com\/","name":"Galeria Senda","description":"Contemporary art production company in Barcelona","publisher":{"@id":"https:\/\/galeriasenda.com\/#organization"},"potentialAction":[{"@type":"SearchAction","target":{"@type":"EntryPoint","urlTemplate":"https:\/\/galeriasenda.com\/?s={search_term_string}"},"query-input":"required name=search_term_string"}],"inLanguage":"en-US"},{"@type":"ImageObject","@id":"https:\/\/galeriasenda.com\/en\/shop\/catalina-jaramillo-deseo\/#primaryimage","inLanguage":"en-US","url":"https:\/\/galeriasenda.com\/wp-content\/uploads\/2021\/11\/deseo.jpg","contentUrl":"https:\/\/galeriasenda.com\/wp-content\/uploads\/2021\/11\/deseo.jpg","width":2126,"height":1540},{"@type":"WebPage","@id":"https:\/\/galeriasenda.com\/en\/shop\/catalina-jaramillo-deseo\/#webpage","url":"https:\/\/galeriasenda.com\/en\/shop\/catalina-jaramillo-deseo\/","name":"Catalina Jaramillo - Deseo &ndash; Galeria Senda","isPartOf":{"@id":"https:\/\/galeriasenda.com\/#website"},"primaryImageOfPage":{"@id":"https:\/\/galeriasenda.com\/en\/shop\/catalina-jaramillo-deseo\/#primaryimage"},"datePublished":"2021-11-29T13:53:21+00:00","dateModified":"2026-04-17T12:33:36+00:00","breadcrumb":{"@id":"https:\/\/galeriasenda.com\/en\/shop\/catalina-jaramillo-deseo\/#breadcrumb"},"inLanguage":"en-US","potentialAction":[{"@type":"ReadAction","target":["https:\/\/galeriasenda.com\/en\/shop\/catalina-jaramillo-deseo\/"]}]},{"@type":"BreadcrumbList","@id":"https:\/\/galeriasenda.com\/en\/shop\/catalina-jaramillo-deseo\/#breadcrumb","itemListElement":[{"@type":"ListItem","position":1,"name":"Portada","item":"https:\/\/galeriasenda.com\/en\/"},{"@type":"ListItem","position":2,"name":"Catalina Jaramillo &#8211; Deseo"}]}]}},"_links":{"self":[{"href":"https:\/\/galeriasenda.com\/en\/wp-json\/wp\/v2\/product\/32750","targetHints":{"allow":["GET"]}}],"collection":[{"href":"https:\/\/galeriasenda.com\/en\/wp-json\/wp\/v2\/product"}],"about":[{"href":"https:\/\/galeriasenda.com\/en\/wp-json\/wp\/v2\/types\/product"}],"author":[{"embeddable":true,"href":"https:\/\/galeriasenda.com\/en\/wp-json\/wp\/v2\/users\/128"}],"wp:featuredmedia":[{"embeddable":true,"href":"https:\/\/galeriasenda.com\/en\/wp-json\/wp\/v2\/media\/32745"}],"wp:attachment":[{"href":"https:\/\/galeriasenda.com\/en\/wp-json\/wp\/v2\/media?parent=32750"}],"wp:term":[{"taxonomy":"product_cat","embeddable":true,"href":"https:\/\/galeriasenda.com\/en\/wp-json\/wp\/v2\/product_cat?post=32750"},{"taxonomy":"product_tag","embeddable":true,"href":"https:\/\/galeriasenda.com\/en\/wp-json\/wp\/v2\/product_tag?post=32750"}],"curies":[{"name":"wp","href":"https:\/\/api.w.org\/{rel}","templated":true}]}}