{"id":32741,"date":"2021-11-29T14:59:03","date_gmt":"2021-11-29T12:59:03","guid":{"rendered":"https:\/\/galeriasenda.com\/shop\/catalina-jaramillo-vista\/"},"modified":"2026-04-17T13:33:36","modified_gmt":"2026-04-17T11:33:36","slug":"catalina-jaramillo-vista","status":"publish","type":"product","link":"https:\/\/galeriasenda.com\/en\/shop\/catalina-jaramillo-vista\/","title":{"rendered":"Catalina Jaramillo &#8211; Vista"},"content":{"rendered":"<p>Concepto general:<br \/>\nDe los tapices de &#8220;La Dama y el unicornio&#8221; (t\u00edtulo moderno que se da a un ciclo de tapices flamencos de finales del siglo XV frecuentemente considerado como una de las grandes obras del renacimiento franc\u00e9s) se dice que cada uno corresponde a uno de los cinco sentidos y el sexto que tiene la inscripci\u00f3n \u201c\u00c0 mon seul d\u00e9sir\u201d a veces se le asocia al amor o al deseo.<br \/>\nEn esta serie de dibujos Catalina retoma algunos de los s\u00edmbolos principales de los tapices y los asocia a los pelda\u00f1os de la transformaci\u00f3n alqu\u00edmica teniendo como referencia algunos textos de Jung y varios tratados alqu\u00edmicos. En cada dibujo, el unicornio como el alquimista se va purificando a trav\u00e9s de los sentidos, y son los personajes quienes van asumiendo la transformaci\u00f3n.<\/p>\n<p>Vista:<br \/>\nCitrinitas, el amarillamiento La dama (alquimista) logra domesticar al unicornio (Mercurio) quien aparece doble en el dibujo, al reflejarse en el espejo desde un \u00e1ngulo imposible, el espejo representa el \u201csol\u201d. A este proceso se lo conoce como \u00abPelda\u00f1o del Sol\u00bb o el surgir de la luz del sol en el propio ser. La luz ya no se refleja \u2013como en el caso de la Luna\u2013, sino que se muestra en su propia naturaleza. Se revela en su calidad de poder penetrarlo todo, es \u00abgrande y fuerte como todo fuego que devora\u00bb y se la describe como inteligencia creadora. Se dice que en este pelda\u00f1o se desvela la \u00fanica y verdadera sabidur\u00eda, si uno es consciente de esa luz. La luz de la luna tiene que morir para que la luz del sol, de la conciencia, se pueda percibir.<\/p>\n","protected":false},"excerpt":{"rendered":"<p>Concepto general: De los tapices de &#8220;La Dama y el unicornio&#8221; (t\u00edtulo moderno que se da a un ciclo de tapices flamencos de finales del siglo XV frecuentemente considerado como una de las grandes obras del renacimiento franc\u00e9s) se dice que cada uno corresponde a uno de los cinco sentidos y el sexto que tiene [&hellip;]<\/p>\n","protected":false},"author":128,"featured_media":32727,"template":"","meta":[],"product_cat":[222],"product_tag":[2784],"class_list":["post-32741","product","type-product","status-publish","has-post-thumbnail","hentry","product_cat-dibujo","product_tag-works"],"acf":[],"yoast_head":"<!-- This site is optimized with the Yoast SEO plugin v18.4.1 - https:\/\/yoast.com\/wordpress\/plugins\/seo\/ -->\n<title>Catalina Jaramillo - Vista &ndash; Galeria Senda<\/title>\n<meta name=\"robots\" content=\"index, follow, max-snippet:-1, max-image-preview:large, max-video-preview:-1\" \/>\n<link rel=\"canonical\" href=\"https:\/\/galeriasenda.com\/en\/shop\/catalina-jaramillo-vista\/\" \/>\n<meta property=\"og:locale\" content=\"en_US\" \/>\n<meta property=\"og:type\" content=\"article\" \/>\n<meta property=\"og:title\" content=\"Catalina Jaramillo - Vista &ndash; Galeria Senda\" \/>\n<meta property=\"og:description\" content=\"Concepto general: De los tapices de &#8220;La Dama y el unicornio&#8221; (t\u00edtulo moderno que se da a un ciclo de tapices flamencos de finales del siglo XV frecuentemente considerado como una de las grandes obras del renacimiento franc\u00e9s) se dice que cada uno corresponde a uno de los cinco sentidos y el sexto que tiene [&hellip;]\" \/>\n<meta property=\"og:url\" content=\"https:\/\/galeriasenda.com\/en\/shop\/catalina-jaramillo-vista\/\" \/>\n<meta property=\"og:site_name\" content=\"Galeria Senda\" \/>\n<meta property=\"article:publisher\" content=\"https:\/\/www.facebook.com\/galeriasenda\" \/>\n<meta property=\"article:modified_time\" content=\"2026-04-17T11:33:36+00:00\" \/>\n<meta property=\"og:image\" content=\"https:\/\/galeriasenda.com\/wp-content\/uploads\/2021\/11\/vista.jpg\" \/>\n\t<meta property=\"og:image:width\" content=\"2126\" \/>\n\t<meta property=\"og:image:height\" content=\"1540\" \/>\n\t<meta property=\"og:image:type\" content=\"image\/jpeg\" \/>\n<meta name=\"twitter:card\" content=\"summary_large_image\" \/>\n<meta name=\"twitter:site\" content=\"@galeriasenda\" \/>\n<meta name=\"twitter:label1\" content=\"Est. reading time\" \/>\n\t<meta name=\"twitter:data1\" content=\"1 minute\" \/>\n<script type=\"application\/ld+json\" class=\"yoast-schema-graph\">{\"@context\":\"https:\/\/schema.org\",\"@graph\":[{\"@type\":\"Organization\",\"@id\":\"https:\/\/galeriasenda.com\/#organization\",\"name\":\"galeria SENDA\",\"url\":\"https:\/\/galeriasenda.com\/\",\"sameAs\":[\"https:\/\/www.facebook.com\/galeriasenda\",\"https:\/\/instagram.com\/galeriasenda\/\",\"https:\/\/es.linkedin.com\/company\/galeria-senda\",\"https:\/\/www.youtube.com\/channel\/UC-qz5xPOEq-QSm1a8kC-QPA\",\"https:\/\/twitter.com\/galeriasenda\"],\"logo\":{\"@type\":\"ImageObject\",\"@id\":\"https:\/\/galeriasenda.com\/#logo\",\"inLanguage\":\"en-US\",\"url\":\"https:\/\/galeriasenda.com\/wp-content\/uploads\/2019\/04\/logo-senda-.png\",\"contentUrl\":\"https:\/\/galeriasenda.com\/wp-content\/uploads\/2019\/04\/logo-senda-.png\",\"width\":599,\"height\":314,\"caption\":\"galeria SENDA\"},\"image\":{\"@id\":\"https:\/\/galeriasenda.com\/#logo\"}},{\"@type\":\"WebSite\",\"@id\":\"https:\/\/galeriasenda.com\/#website\",\"url\":\"https:\/\/galeriasenda.com\/\",\"name\":\"Galeria Senda\",\"description\":\"Contemporary art production company in Barcelona\",\"publisher\":{\"@id\":\"https:\/\/galeriasenda.com\/#organization\"},\"potentialAction\":[{\"@type\":\"SearchAction\",\"target\":{\"@type\":\"EntryPoint\",\"urlTemplate\":\"https:\/\/galeriasenda.com\/?s={search_term_string}\"},\"query-input\":\"required name=search_term_string\"}],\"inLanguage\":\"en-US\"},{\"@type\":\"ImageObject\",\"@id\":\"https:\/\/galeriasenda.com\/en\/shop\/catalina-jaramillo-vista\/#primaryimage\",\"inLanguage\":\"en-US\",\"url\":\"https:\/\/galeriasenda.com\/wp-content\/uploads\/2021\/11\/vista.jpg\",\"contentUrl\":\"https:\/\/galeriasenda.com\/wp-content\/uploads\/2021\/11\/vista.jpg\",\"width\":2126,\"height\":1540},{\"@type\":\"WebPage\",\"@id\":\"https:\/\/galeriasenda.com\/en\/shop\/catalina-jaramillo-vista\/#webpage\",\"url\":\"https:\/\/galeriasenda.com\/en\/shop\/catalina-jaramillo-vista\/\",\"name\":\"Catalina Jaramillo - Vista &ndash; Galeria Senda\",\"isPartOf\":{\"@id\":\"https:\/\/galeriasenda.com\/#website\"},\"primaryImageOfPage\":{\"@id\":\"https:\/\/galeriasenda.com\/en\/shop\/catalina-jaramillo-vista\/#primaryimage\"},\"datePublished\":\"2021-11-29T12:59:03+00:00\",\"dateModified\":\"2026-04-17T11:33:36+00:00\",\"breadcrumb\":{\"@id\":\"https:\/\/galeriasenda.com\/en\/shop\/catalina-jaramillo-vista\/#breadcrumb\"},\"inLanguage\":\"en-US\",\"potentialAction\":[{\"@type\":\"ReadAction\",\"target\":[\"https:\/\/galeriasenda.com\/en\/shop\/catalina-jaramillo-vista\/\"]}]},{\"@type\":\"BreadcrumbList\",\"@id\":\"https:\/\/galeriasenda.com\/en\/shop\/catalina-jaramillo-vista\/#breadcrumb\",\"itemListElement\":[{\"@type\":\"ListItem\",\"position\":1,\"name\":\"Portada\",\"item\":\"https:\/\/galeriasenda.com\/en\/\"},{\"@type\":\"ListItem\",\"position\":2,\"name\":\"Catalina Jaramillo &#8211; Vista\"}]}]}<\/script>\n<!-- \/ Yoast SEO plugin. -->","yoast_head_json":{"title":"Catalina Jaramillo - Vista &ndash; Galeria Senda","robots":{"index":"index","follow":"follow","max-snippet":"max-snippet:-1","max-image-preview":"max-image-preview:large","max-video-preview":"max-video-preview:-1"},"canonical":"https:\/\/galeriasenda.com\/en\/shop\/catalina-jaramillo-vista\/","og_locale":"en_US","og_type":"article","og_title":"Catalina Jaramillo - Vista &ndash; Galeria Senda","og_description":"Concepto general: De los tapices de &#8220;La Dama y el unicornio&#8221; (t\u00edtulo moderno que se da a un ciclo de tapices flamencos de finales del siglo XV frecuentemente considerado como una de las grandes obras del renacimiento franc\u00e9s) se dice que cada uno corresponde a uno de los cinco sentidos y el sexto que tiene [&hellip;]","og_url":"https:\/\/galeriasenda.com\/en\/shop\/catalina-jaramillo-vista\/","og_site_name":"Galeria Senda","article_publisher":"https:\/\/www.facebook.com\/galeriasenda","article_modified_time":"2026-04-17T11:33:36+00:00","og_image":[{"width":2126,"height":1540,"url":"https:\/\/galeriasenda.com\/wp-content\/uploads\/2021\/11\/vista.jpg","type":"image\/jpeg"}],"twitter_card":"summary_large_image","twitter_site":"@galeriasenda","twitter_misc":{"Est. reading time":"1 minute"},"schema":{"@context":"https:\/\/schema.org","@graph":[{"@type":"Organization","@id":"https:\/\/galeriasenda.com\/#organization","name":"galeria SENDA","url":"https:\/\/galeriasenda.com\/","sameAs":["https:\/\/www.facebook.com\/galeriasenda","https:\/\/instagram.com\/galeriasenda\/","https:\/\/es.linkedin.com\/company\/galeria-senda","https:\/\/www.youtube.com\/channel\/UC-qz5xPOEq-QSm1a8kC-QPA","https:\/\/twitter.com\/galeriasenda"],"logo":{"@type":"ImageObject","@id":"https:\/\/galeriasenda.com\/#logo","inLanguage":"en-US","url":"https:\/\/galeriasenda.com\/wp-content\/uploads\/2019\/04\/logo-senda-.png","contentUrl":"https:\/\/galeriasenda.com\/wp-content\/uploads\/2019\/04\/logo-senda-.png","width":599,"height":314,"caption":"galeria SENDA"},"image":{"@id":"https:\/\/galeriasenda.com\/#logo"}},{"@type":"WebSite","@id":"https:\/\/galeriasenda.com\/#website","url":"https:\/\/galeriasenda.com\/","name":"Galeria Senda","description":"Contemporary art production company in Barcelona","publisher":{"@id":"https:\/\/galeriasenda.com\/#organization"},"potentialAction":[{"@type":"SearchAction","target":{"@type":"EntryPoint","urlTemplate":"https:\/\/galeriasenda.com\/?s={search_term_string}"},"query-input":"required name=search_term_string"}],"inLanguage":"en-US"},{"@type":"ImageObject","@id":"https:\/\/galeriasenda.com\/en\/shop\/catalina-jaramillo-vista\/#primaryimage","inLanguage":"en-US","url":"https:\/\/galeriasenda.com\/wp-content\/uploads\/2021\/11\/vista.jpg","contentUrl":"https:\/\/galeriasenda.com\/wp-content\/uploads\/2021\/11\/vista.jpg","width":2126,"height":1540},{"@type":"WebPage","@id":"https:\/\/galeriasenda.com\/en\/shop\/catalina-jaramillo-vista\/#webpage","url":"https:\/\/galeriasenda.com\/en\/shop\/catalina-jaramillo-vista\/","name":"Catalina Jaramillo - Vista &ndash; Galeria Senda","isPartOf":{"@id":"https:\/\/galeriasenda.com\/#website"},"primaryImageOfPage":{"@id":"https:\/\/galeriasenda.com\/en\/shop\/catalina-jaramillo-vista\/#primaryimage"},"datePublished":"2021-11-29T12:59:03+00:00","dateModified":"2026-04-17T11:33:36+00:00","breadcrumb":{"@id":"https:\/\/galeriasenda.com\/en\/shop\/catalina-jaramillo-vista\/#breadcrumb"},"inLanguage":"en-US","potentialAction":[{"@type":"ReadAction","target":["https:\/\/galeriasenda.com\/en\/shop\/catalina-jaramillo-vista\/"]}]},{"@type":"BreadcrumbList","@id":"https:\/\/galeriasenda.com\/en\/shop\/catalina-jaramillo-vista\/#breadcrumb","itemListElement":[{"@type":"ListItem","position":1,"name":"Portada","item":"https:\/\/galeriasenda.com\/en\/"},{"@type":"ListItem","position":2,"name":"Catalina Jaramillo &#8211; Vista"}]}]}},"_links":{"self":[{"href":"https:\/\/galeriasenda.com\/en\/wp-json\/wp\/v2\/product\/32741","targetHints":{"allow":["GET"]}}],"collection":[{"href":"https:\/\/galeriasenda.com\/en\/wp-json\/wp\/v2\/product"}],"about":[{"href":"https:\/\/galeriasenda.com\/en\/wp-json\/wp\/v2\/types\/product"}],"author":[{"embeddable":true,"href":"https:\/\/galeriasenda.com\/en\/wp-json\/wp\/v2\/users\/128"}],"wp:featuredmedia":[{"embeddable":true,"href":"https:\/\/galeriasenda.com\/en\/wp-json\/wp\/v2\/media\/32727"}],"wp:attachment":[{"href":"https:\/\/galeriasenda.com\/en\/wp-json\/wp\/v2\/media?parent=32741"}],"wp:term":[{"taxonomy":"product_cat","embeddable":true,"href":"https:\/\/galeriasenda.com\/en\/wp-json\/wp\/v2\/product_cat?post=32741"},{"taxonomy":"product_tag","embeddable":true,"href":"https:\/\/galeriasenda.com\/en\/wp-json\/wp\/v2\/product_tag?post=32741"}],"curies":[{"name":"wp","href":"https:\/\/api.w.org\/{rel}","templated":true}]}}