{"id":31098,"date":"2021-03-07T00:32:55","date_gmt":"2021-03-06T22:32:55","guid":{"rendered":"https:\/\/galeriasenda.com\/shop\/catalina-jaramillo-vid\/"},"modified":"2026-04-17T12:33:37","modified_gmt":"2026-04-17T10:33:37","slug":"catalina-jaramillo-vid","status":"publish","type":"product","link":"https:\/\/galeriasenda.com\/en\/shop\/catalina-jaramillo-vid\/","title":{"rendered":"Catalina Jaramillo &#8211; Vid"},"content":{"rendered":"<p>Vid: (espa\u00f1ol) (unicornio) Planta\u00a0vivaz\u00a0y\u00a0trepadora\u00a0de\u00a0la\u00a0familia\u00a0de\u00a0las\u00a0vit\u00e1ceas,\u00a0con\u00a0tronco\u00a0retorcido,\u00a0cuyo\u00a0fruto\u00a0es\u00a0la\u00a0uva.<\/p>\n<p>&#8212;<br \/>\nLos tapices del unicornio, siete escenas separadas que en conjunto muestran la caza de un unicornio blanco, son la estrella de la exposici\u00f3n y una de las obras m\u00e1s famosas de los Cloisters. Considerados como uno de los trabajos m\u00e1s complejos y bellos de la Edad Media, tejidos en lana y seda, se cree que proceden del sur de los Pa\u00edses Bajos y est\u00e1n datados entre 1495 y 1505. Sus posibles significados son tan misteriosos como el animal fant\u00e1stico que representan: las escenas se han interpretado como una met\u00e1fora de la vida de Cristo y tambi\u00e9n como una celebraci\u00f3n del matrimonio. Los tapices son emblem\u00e1ticos de la idea medieval (y despu\u00e9s renacentista) del mundo natural vinculado siempre a la magia.<\/p>\n<p>&nbsp;<\/p>\n","protected":false},"excerpt":{"rendered":"<p>Vid: (espa\u00f1ol) (unicornio) Planta\u00a0vivaz\u00a0y\u00a0trepadora\u00a0de\u00a0la\u00a0familia\u00a0de\u00a0las\u00a0vit\u00e1ceas,\u00a0con\u00a0tronco\u00a0retorcido,\u00a0cuyo\u00a0fruto\u00a0es\u00a0la\u00a0uva. &#8212; Los tapices del unicornio, siete escenas separadas que en conjunto muestran la caza de un unicornio blanco, son la estrella de la exposici\u00f3n y una de las obras m\u00e1s famosas de los Cloisters. Considerados como uno de los trabajos m\u00e1s complejos y bellos de la Edad Media, tejidos en lana [&hellip;]<\/p>\n","protected":false},"author":128,"featured_media":20357,"template":"","meta":[],"product_cat":[222],"product_tag":[2784],"class_list":["post-31098","product","type-product","status-publish","has-post-thumbnail","hentry","product_cat-dibujo","product_tag-works"],"acf":[],"yoast_head":"<!-- This site is optimized with the Yoast SEO plugin v18.4.1 - https:\/\/yoast.com\/wordpress\/plugins\/seo\/ -->\n<title>Catalina Jaramillo - Vid &ndash; Galeria Senda<\/title>\n<meta name=\"robots\" content=\"index, follow, max-snippet:-1, max-image-preview:large, max-video-preview:-1\" \/>\n<link rel=\"canonical\" href=\"https:\/\/galeriasenda.com\/en\/shop\/catalina-jaramillo-vid\/\" \/>\n<meta property=\"og:locale\" content=\"en_US\" \/>\n<meta property=\"og:type\" content=\"article\" \/>\n<meta property=\"og:title\" content=\"Catalina Jaramillo - Vid &ndash; Galeria Senda\" \/>\n<meta property=\"og:description\" content=\"Vid: (espa\u00f1ol) (unicornio) Planta\u00a0vivaz\u00a0y\u00a0trepadora\u00a0de\u00a0la\u00a0familia\u00a0de\u00a0las\u00a0vit\u00e1ceas,\u00a0con\u00a0tronco\u00a0retorcido,\u00a0cuyo\u00a0fruto\u00a0es\u00a0la\u00a0uva. &#8212; Los tapices del unicornio, siete escenas separadas que en conjunto muestran la caza de un unicornio blanco, son la estrella de la exposici\u00f3n y una de las obras m\u00e1s famosas de los Cloisters. Considerados como uno de los trabajos m\u00e1s complejos y bellos de la Edad Media, tejidos en lana [&hellip;]\" \/>\n<meta property=\"og:url\" content=\"https:\/\/galeriasenda.com\/en\/shop\/catalina-jaramillo-vid\/\" \/>\n<meta property=\"og:site_name\" content=\"Galeria Senda\" \/>\n<meta property=\"article:publisher\" content=\"https:\/\/www.facebook.com\/galeriasenda\" \/>\n<meta property=\"article:modified_time\" content=\"2026-04-17T10:33:37+00:00\" \/>\n<meta property=\"og:image\" content=\"https:\/\/galeriasenda.com\/wp-content\/uploads\/2018\/02\/web1-1.jpg\" \/>\n\t<meta property=\"og:image:width\" content=\"1200\" \/>\n\t<meta property=\"og:image:height\" content=\"1697\" \/>\n\t<meta property=\"og:image:type\" content=\"image\/jpeg\" \/>\n<meta name=\"twitter:card\" content=\"summary_large_image\" \/>\n<meta name=\"twitter:site\" content=\"@galeriasenda\" \/>\n<meta name=\"twitter:label1\" content=\"Est. reading time\" \/>\n\t<meta name=\"twitter:data1\" content=\"1 minute\" \/>\n<script type=\"application\/ld+json\" class=\"yoast-schema-graph\">{\"@context\":\"https:\/\/schema.org\",\"@graph\":[{\"@type\":\"Organization\",\"@id\":\"https:\/\/galeriasenda.com\/#organization\",\"name\":\"galeria SENDA\",\"url\":\"https:\/\/galeriasenda.com\/\",\"sameAs\":[\"https:\/\/www.facebook.com\/galeriasenda\",\"https:\/\/instagram.com\/galeriasenda\/\",\"https:\/\/es.linkedin.com\/company\/galeria-senda\",\"https:\/\/www.youtube.com\/channel\/UC-qz5xPOEq-QSm1a8kC-QPA\",\"https:\/\/twitter.com\/galeriasenda\"],\"logo\":{\"@type\":\"ImageObject\",\"@id\":\"https:\/\/galeriasenda.com\/#logo\",\"inLanguage\":\"en-US\",\"url\":\"https:\/\/galeriasenda.com\/wp-content\/uploads\/2019\/04\/logo-senda-.png\",\"contentUrl\":\"https:\/\/galeriasenda.com\/wp-content\/uploads\/2019\/04\/logo-senda-.png\",\"width\":599,\"height\":314,\"caption\":\"galeria SENDA\"},\"image\":{\"@id\":\"https:\/\/galeriasenda.com\/#logo\"}},{\"@type\":\"WebSite\",\"@id\":\"https:\/\/galeriasenda.com\/#website\",\"url\":\"https:\/\/galeriasenda.com\/\",\"name\":\"Galeria Senda\",\"description\":\"Contemporary art production company in Barcelona\",\"publisher\":{\"@id\":\"https:\/\/galeriasenda.com\/#organization\"},\"potentialAction\":[{\"@type\":\"SearchAction\",\"target\":{\"@type\":\"EntryPoint\",\"urlTemplate\":\"https:\/\/galeriasenda.com\/?s={search_term_string}\"},\"query-input\":\"required name=search_term_string\"}],\"inLanguage\":\"en-US\"},{\"@type\":\"ImageObject\",\"@id\":\"https:\/\/galeriasenda.com\/en\/shop\/catalina-jaramillo-vid\/#primaryimage\",\"inLanguage\":\"en-US\",\"url\":\"https:\/\/galeriasenda.com\/wp-content\/uploads\/2018\/02\/web1-1.jpg\",\"contentUrl\":\"https:\/\/galeriasenda.com\/wp-content\/uploads\/2018\/02\/web1-1.jpg\",\"width\":1200,\"height\":1697},{\"@type\":\"WebPage\",\"@id\":\"https:\/\/galeriasenda.com\/en\/shop\/catalina-jaramillo-vid\/#webpage\",\"url\":\"https:\/\/galeriasenda.com\/en\/shop\/catalina-jaramillo-vid\/\",\"name\":\"Catalina Jaramillo - Vid &ndash; Galeria Senda\",\"isPartOf\":{\"@id\":\"https:\/\/galeriasenda.com\/#website\"},\"primaryImageOfPage\":{\"@id\":\"https:\/\/galeriasenda.com\/en\/shop\/catalina-jaramillo-vid\/#primaryimage\"},\"datePublished\":\"2021-03-06T22:32:55+00:00\",\"dateModified\":\"2026-04-17T10:33:37+00:00\",\"breadcrumb\":{\"@id\":\"https:\/\/galeriasenda.com\/en\/shop\/catalina-jaramillo-vid\/#breadcrumb\"},\"inLanguage\":\"en-US\",\"potentialAction\":[{\"@type\":\"ReadAction\",\"target\":[\"https:\/\/galeriasenda.com\/en\/shop\/catalina-jaramillo-vid\/\"]}]},{\"@type\":\"BreadcrumbList\",\"@id\":\"https:\/\/galeriasenda.com\/en\/shop\/catalina-jaramillo-vid\/#breadcrumb\",\"itemListElement\":[{\"@type\":\"ListItem\",\"position\":1,\"name\":\"Portada\",\"item\":\"https:\/\/galeriasenda.com\/en\/\"},{\"@type\":\"ListItem\",\"position\":2,\"name\":\"Catalina Jaramillo &#8211; Vid\"}]}]}<\/script>\n<!-- \/ Yoast SEO plugin. -->","yoast_head_json":{"title":"Catalina Jaramillo - Vid &ndash; Galeria Senda","robots":{"index":"index","follow":"follow","max-snippet":"max-snippet:-1","max-image-preview":"max-image-preview:large","max-video-preview":"max-video-preview:-1"},"canonical":"https:\/\/galeriasenda.com\/en\/shop\/catalina-jaramillo-vid\/","og_locale":"en_US","og_type":"article","og_title":"Catalina Jaramillo - Vid &ndash; Galeria Senda","og_description":"Vid: (espa\u00f1ol) (unicornio) Planta\u00a0vivaz\u00a0y\u00a0trepadora\u00a0de\u00a0la\u00a0familia\u00a0de\u00a0las\u00a0vit\u00e1ceas,\u00a0con\u00a0tronco\u00a0retorcido,\u00a0cuyo\u00a0fruto\u00a0es\u00a0la\u00a0uva. &#8212; Los tapices del unicornio, siete escenas separadas que en conjunto muestran la caza de un unicornio blanco, son la estrella de la exposici\u00f3n y una de las obras m\u00e1s famosas de los Cloisters. Considerados como uno de los trabajos m\u00e1s complejos y bellos de la Edad Media, tejidos en lana [&hellip;]","og_url":"https:\/\/galeriasenda.com\/en\/shop\/catalina-jaramillo-vid\/","og_site_name":"Galeria Senda","article_publisher":"https:\/\/www.facebook.com\/galeriasenda","article_modified_time":"2026-04-17T10:33:37+00:00","og_image":[{"width":1200,"height":1697,"url":"https:\/\/galeriasenda.com\/wp-content\/uploads\/2018\/02\/web1-1.jpg","type":"image\/jpeg"}],"twitter_card":"summary_large_image","twitter_site":"@galeriasenda","twitter_misc":{"Est. reading time":"1 minute"},"schema":{"@context":"https:\/\/schema.org","@graph":[{"@type":"Organization","@id":"https:\/\/galeriasenda.com\/#organization","name":"galeria SENDA","url":"https:\/\/galeriasenda.com\/","sameAs":["https:\/\/www.facebook.com\/galeriasenda","https:\/\/instagram.com\/galeriasenda\/","https:\/\/es.linkedin.com\/company\/galeria-senda","https:\/\/www.youtube.com\/channel\/UC-qz5xPOEq-QSm1a8kC-QPA","https:\/\/twitter.com\/galeriasenda"],"logo":{"@type":"ImageObject","@id":"https:\/\/galeriasenda.com\/#logo","inLanguage":"en-US","url":"https:\/\/galeriasenda.com\/wp-content\/uploads\/2019\/04\/logo-senda-.png","contentUrl":"https:\/\/galeriasenda.com\/wp-content\/uploads\/2019\/04\/logo-senda-.png","width":599,"height":314,"caption":"galeria SENDA"},"image":{"@id":"https:\/\/galeriasenda.com\/#logo"}},{"@type":"WebSite","@id":"https:\/\/galeriasenda.com\/#website","url":"https:\/\/galeriasenda.com\/","name":"Galeria Senda","description":"Contemporary art production company in Barcelona","publisher":{"@id":"https:\/\/galeriasenda.com\/#organization"},"potentialAction":[{"@type":"SearchAction","target":{"@type":"EntryPoint","urlTemplate":"https:\/\/galeriasenda.com\/?s={search_term_string}"},"query-input":"required name=search_term_string"}],"inLanguage":"en-US"},{"@type":"ImageObject","@id":"https:\/\/galeriasenda.com\/en\/shop\/catalina-jaramillo-vid\/#primaryimage","inLanguage":"en-US","url":"https:\/\/galeriasenda.com\/wp-content\/uploads\/2018\/02\/web1-1.jpg","contentUrl":"https:\/\/galeriasenda.com\/wp-content\/uploads\/2018\/02\/web1-1.jpg","width":1200,"height":1697},{"@type":"WebPage","@id":"https:\/\/galeriasenda.com\/en\/shop\/catalina-jaramillo-vid\/#webpage","url":"https:\/\/galeriasenda.com\/en\/shop\/catalina-jaramillo-vid\/","name":"Catalina Jaramillo - Vid &ndash; Galeria Senda","isPartOf":{"@id":"https:\/\/galeriasenda.com\/#website"},"primaryImageOfPage":{"@id":"https:\/\/galeriasenda.com\/en\/shop\/catalina-jaramillo-vid\/#primaryimage"},"datePublished":"2021-03-06T22:32:55+00:00","dateModified":"2026-04-17T10:33:37+00:00","breadcrumb":{"@id":"https:\/\/galeriasenda.com\/en\/shop\/catalina-jaramillo-vid\/#breadcrumb"},"inLanguage":"en-US","potentialAction":[{"@type":"ReadAction","target":["https:\/\/galeriasenda.com\/en\/shop\/catalina-jaramillo-vid\/"]}]},{"@type":"BreadcrumbList","@id":"https:\/\/galeriasenda.com\/en\/shop\/catalina-jaramillo-vid\/#breadcrumb","itemListElement":[{"@type":"ListItem","position":1,"name":"Portada","item":"https:\/\/galeriasenda.com\/en\/"},{"@type":"ListItem","position":2,"name":"Catalina Jaramillo &#8211; Vid"}]}]}},"_links":{"self":[{"href":"https:\/\/galeriasenda.com\/en\/wp-json\/wp\/v2\/product\/31098","targetHints":{"allow":["GET"]}}],"collection":[{"href":"https:\/\/galeriasenda.com\/en\/wp-json\/wp\/v2\/product"}],"about":[{"href":"https:\/\/galeriasenda.com\/en\/wp-json\/wp\/v2\/types\/product"}],"author":[{"embeddable":true,"href":"https:\/\/galeriasenda.com\/en\/wp-json\/wp\/v2\/users\/128"}],"wp:featuredmedia":[{"embeddable":true,"href":"https:\/\/galeriasenda.com\/en\/wp-json\/wp\/v2\/media\/20357"}],"wp:attachment":[{"href":"https:\/\/galeriasenda.com\/en\/wp-json\/wp\/v2\/media?parent=31098"}],"wp:term":[{"taxonomy":"product_cat","embeddable":true,"href":"https:\/\/galeriasenda.com\/en\/wp-json\/wp\/v2\/product_cat?post=31098"},{"taxonomy":"product_tag","embeddable":true,"href":"https:\/\/galeriasenda.com\/en\/wp-json\/wp\/v2\/product_tag?post=31098"}],"curies":[{"name":"wp","href":"https:\/\/api.w.org\/{rel}","templated":true}]}}