{"id":32720,"date":"2021-11-29T14:39:08","date_gmt":"2021-11-29T12:39:08","guid":{"rendered":"https:\/\/galeriasenda.com\/shop\/catalina-jaramillo-olfato\/"},"modified":"2026-04-19T10:33:17","modified_gmt":"2026-04-19T08:33:17","slug":"catalina-jaramillo-olfato","status":"publish","type":"product","link":"https:\/\/galeriasenda.com\/ca\/shop\/catalina-jaramillo-olfato\/","title":{"rendered":"Catalina Jaramillo &#8211; Olfato"},"content":{"rendered":"<p>Concepto general:<br \/>\nDe los tapices de &#8220;La Dama y el unicornio&#8221; (t\u00edtulo moderno que se da a un ciclo de tapices flamencos de finales del siglo XV frecuentemente considerado como una de las grandes obras del renacimiento franc\u00e9s) se dice que cada uno corresponde a uno de los cinco sentidos y el sexto que tiene la inscripci\u00f3n \u201c\u00c0 mon seul d\u00e9sir\u201d a veces se le asocia al amor o al deseo.<br \/>\nEn esta serie de dibujos Catalina retoma algunos de los s\u00edmbolos principales de los tapices y los asocia a los pelda\u00f1os de la transformaci\u00f3n alqu\u00edmica teniendo como referencia algunos textos de Jung y varios tratados alqu\u00edmicos. En cada dibujo, el unicornio como el alquimista se va purificando a trav\u00e9s de los sentidos, y son los personajes quienes van asumiendo la transformaci\u00f3n.<\/p>\n<p>Olfato:<br \/>\nAlbedo, el blanqueamiento: A este pelda\u00f1o se le llama tambi\u00e9n \u00abEscal\u00f3n de la Luna\u00bb. Es en este momento cuando el alma se hace consciente de s\u00ed misma, reconociendo, con la ayuda de la luz que se refleja \u2013simbolizada por la Luna\u2013, su propia naturaleza solar. Descubre la fuente de esa luz: la mente pura. Recorriendo el proceso de transformaci\u00f3n interior, Jung describe esta fase como un retirarse de la vida exterior. Este pelda\u00f1o es comparable al vapor que surge cuando se calienta el agua, y es sin\u00f3nimo de la esencia espiritual que surge, elev\u00e1ndose, de la psique y se manifiesta en el \u00absaber de qui\u00e9n se es verdaderamente\u00bb, el saber de la propia identidad. La dama simboliza este pelda\u00f1o a trav\u00e9s del color de su vestido. Tambi\u00e9n est\u00e1 el le\u00f3n (mercurio) representado como la base donde reposa la dama. El sentido del olfato se activa con las granadas, a las que se le atribuyen facultades para cruzar al otro mundo y volver, como un alimento de transito entre dos realidades. Hades da unos granos de granada a Pers\u00e9fone para asegurarse el regreso de \u00e9sta al inframundo. En el dibujo como en el mito la granada aparece asociada tanto al amor como a la muerte, lo dulce con lo amargo tal el sabor de la granada.<\/p>\n","protected":false},"excerpt":{"rendered":"<p>Concepto general: De los tapices de &#8220;La Dama y el unicornio&#8221; (t\u00edtulo moderno que se da a un ciclo de tapices flamencos de finales del siglo XV frecuentemente considerado como una de las grandes obras del renacimiento franc\u00e9s) se dice que cada uno corresponde a uno de los cinco sentidos y el sexto que tiene [&hellip;]<\/p>\n","protected":false},"author":128,"featured_media":32715,"template":"","meta":[],"product_cat":[222],"product_tag":[360],"class_list":["post-32720","product","type-product","status-publish","has-post-thumbnail","hentry","product_cat-dibujo","product_tag-obres-ca"],"acf":[],"yoast_head":"<!-- This site is optimized with the Yoast SEO plugin v18.4.1 - https:\/\/yoast.com\/wordpress\/plugins\/seo\/ -->\n<title>Catalina Jaramillo - Olfato &ndash; Galeria Senda<\/title>\n<meta name=\"robots\" content=\"index, follow, max-snippet:-1, max-image-preview:large, max-video-preview:-1\" \/>\n<link rel=\"canonical\" href=\"https:\/\/galeriasenda.com\/ca\/shop\/catalina-jaramillo-olfato\/\" \/>\n<meta property=\"og:locale\" content=\"ca_ES\" \/>\n<meta property=\"og:type\" content=\"article\" \/>\n<meta property=\"og:title\" content=\"Catalina Jaramillo - Olfato &ndash; Galeria Senda\" \/>\n<meta property=\"og:description\" content=\"Concepto general: De los tapices de &#8220;La Dama y el unicornio&#8221; (t\u00edtulo moderno que se da a un ciclo de tapices flamencos de finales del siglo XV frecuentemente considerado como una de las grandes obras del renacimiento franc\u00e9s) se dice que cada uno corresponde a uno de los cinco sentidos y el sexto que tiene [&hellip;]\" \/>\n<meta property=\"og:url\" content=\"https:\/\/galeriasenda.com\/ca\/shop\/catalina-jaramillo-olfato\/\" \/>\n<meta property=\"og:site_name\" content=\"Galeria Senda\" \/>\n<meta property=\"article:publisher\" content=\"https:\/\/www.facebook.com\/galeriasenda\" \/>\n<meta property=\"article:modified_time\" content=\"2026-04-19T08:33:17+00:00\" \/>\n<meta property=\"og:image\" content=\"https:\/\/galeriasenda.com\/wp-content\/uploads\/2021\/11\/olfato.jpg\" \/>\n\t<meta property=\"og:image:width\" content=\"2126\" \/>\n\t<meta property=\"og:image:height\" content=\"1540\" \/>\n\t<meta property=\"og:image:type\" content=\"image\/jpeg\" \/>\n<meta name=\"twitter:card\" content=\"summary_large_image\" \/>\n<meta name=\"twitter:site\" content=\"@galeriasenda\" \/>\n<meta name=\"twitter:label1\" content=\"Temps estimat de lectura\" \/>\n\t<meta name=\"twitter:data1\" content=\"2 minuts\" \/>\n<script type=\"application\/ld+json\" class=\"yoast-schema-graph\">{\"@context\":\"https:\/\/schema.org\",\"@graph\":[{\"@type\":\"Organization\",\"@id\":\"https:\/\/galeriasenda.com\/#organization\",\"name\":\"galeria SENDA\",\"url\":\"https:\/\/galeriasenda.com\/\",\"sameAs\":[\"https:\/\/www.facebook.com\/galeriasenda\",\"https:\/\/instagram.com\/galeriasenda\/\",\"https:\/\/es.linkedin.com\/company\/galeria-senda\",\"https:\/\/www.youtube.com\/channel\/UC-qz5xPOEq-QSm1a8kC-QPA\",\"https:\/\/twitter.com\/galeriasenda\"],\"logo\":{\"@type\":\"ImageObject\",\"@id\":\"https:\/\/galeriasenda.com\/#logo\",\"inLanguage\":\"ca\",\"url\":\"https:\/\/galeriasenda.com\/wp-content\/uploads\/2019\/04\/logo-senda-.png\",\"contentUrl\":\"https:\/\/galeriasenda.com\/wp-content\/uploads\/2019\/04\/logo-senda-.png\",\"width\":599,\"height\":314,\"caption\":\"galeria SENDA\"},\"image\":{\"@id\":\"https:\/\/galeriasenda.com\/#logo\"}},{\"@type\":\"WebSite\",\"@id\":\"https:\/\/galeriasenda.com\/#website\",\"url\":\"https:\/\/galeriasenda.com\/\",\"name\":\"Galeria Senda\",\"description\":\"Galeria d'art i productora d'art contemporani de Barcelona\",\"publisher\":{\"@id\":\"https:\/\/galeriasenda.com\/#organization\"},\"potentialAction\":[{\"@type\":\"SearchAction\",\"target\":{\"@type\":\"EntryPoint\",\"urlTemplate\":\"https:\/\/galeriasenda.com\/?s={search_term_string}\"},\"query-input\":\"required name=search_term_string\"}],\"inLanguage\":\"ca\"},{\"@type\":\"ImageObject\",\"@id\":\"https:\/\/galeriasenda.com\/ca\/shop\/catalina-jaramillo-olfato\/#primaryimage\",\"inLanguage\":\"ca\",\"url\":\"https:\/\/galeriasenda.com\/wp-content\/uploads\/2021\/11\/olfato.jpg\",\"contentUrl\":\"https:\/\/galeriasenda.com\/wp-content\/uploads\/2021\/11\/olfato.jpg\",\"width\":2126,\"height\":1540},{\"@type\":\"WebPage\",\"@id\":\"https:\/\/galeriasenda.com\/ca\/shop\/catalina-jaramillo-olfato\/#webpage\",\"url\":\"https:\/\/galeriasenda.com\/ca\/shop\/catalina-jaramillo-olfato\/\",\"name\":\"Catalina Jaramillo - Olfato &ndash; Galeria Senda\",\"isPartOf\":{\"@id\":\"https:\/\/galeriasenda.com\/#website\"},\"primaryImageOfPage\":{\"@id\":\"https:\/\/galeriasenda.com\/ca\/shop\/catalina-jaramillo-olfato\/#primaryimage\"},\"datePublished\":\"2021-11-29T12:39:08+00:00\",\"dateModified\":\"2026-04-19T08:33:17+00:00\",\"breadcrumb\":{\"@id\":\"https:\/\/galeriasenda.com\/ca\/shop\/catalina-jaramillo-olfato\/#breadcrumb\"},\"inLanguage\":\"ca\",\"potentialAction\":[{\"@type\":\"ReadAction\",\"target\":[\"https:\/\/galeriasenda.com\/ca\/shop\/catalina-jaramillo-olfato\/\"]}]},{\"@type\":\"BreadcrumbList\",\"@id\":\"https:\/\/galeriasenda.com\/ca\/shop\/catalina-jaramillo-olfato\/#breadcrumb\",\"itemListElement\":[{\"@type\":\"ListItem\",\"position\":1,\"name\":\"Portada\",\"item\":\"https:\/\/galeriasenda.com\/ca\/\"},{\"@type\":\"ListItem\",\"position\":2,\"name\":\"Catalina Jaramillo &#8211; Olfato\"}]}]}<\/script>\n<!-- \/ Yoast SEO plugin. -->","yoast_head_json":{"title":"Catalina Jaramillo - Olfato &ndash; Galeria Senda","robots":{"index":"index","follow":"follow","max-snippet":"max-snippet:-1","max-image-preview":"max-image-preview:large","max-video-preview":"max-video-preview:-1"},"canonical":"https:\/\/galeriasenda.com\/ca\/shop\/catalina-jaramillo-olfato\/","og_locale":"ca_ES","og_type":"article","og_title":"Catalina Jaramillo - Olfato &ndash; Galeria Senda","og_description":"Concepto general: De los tapices de &#8220;La Dama y el unicornio&#8221; (t\u00edtulo moderno que se da a un ciclo de tapices flamencos de finales del siglo XV frecuentemente considerado como una de las grandes obras del renacimiento franc\u00e9s) se dice que cada uno corresponde a uno de los cinco sentidos y el sexto que tiene [&hellip;]","og_url":"https:\/\/galeriasenda.com\/ca\/shop\/catalina-jaramillo-olfato\/","og_site_name":"Galeria Senda","article_publisher":"https:\/\/www.facebook.com\/galeriasenda","article_modified_time":"2026-04-19T08:33:17+00:00","og_image":[{"width":2126,"height":1540,"url":"https:\/\/galeriasenda.com\/wp-content\/uploads\/2021\/11\/olfato.jpg","type":"image\/jpeg"}],"twitter_card":"summary_large_image","twitter_site":"@galeriasenda","twitter_misc":{"Temps estimat de lectura":"2 minuts"},"schema":{"@context":"https:\/\/schema.org","@graph":[{"@type":"Organization","@id":"https:\/\/galeriasenda.com\/#organization","name":"galeria SENDA","url":"https:\/\/galeriasenda.com\/","sameAs":["https:\/\/www.facebook.com\/galeriasenda","https:\/\/instagram.com\/galeriasenda\/","https:\/\/es.linkedin.com\/company\/galeria-senda","https:\/\/www.youtube.com\/channel\/UC-qz5xPOEq-QSm1a8kC-QPA","https:\/\/twitter.com\/galeriasenda"],"logo":{"@type":"ImageObject","@id":"https:\/\/galeriasenda.com\/#logo","inLanguage":"ca","url":"https:\/\/galeriasenda.com\/wp-content\/uploads\/2019\/04\/logo-senda-.png","contentUrl":"https:\/\/galeriasenda.com\/wp-content\/uploads\/2019\/04\/logo-senda-.png","width":599,"height":314,"caption":"galeria SENDA"},"image":{"@id":"https:\/\/galeriasenda.com\/#logo"}},{"@type":"WebSite","@id":"https:\/\/galeriasenda.com\/#website","url":"https:\/\/galeriasenda.com\/","name":"Galeria Senda","description":"Galeria d'art i productora d'art contemporani de Barcelona","publisher":{"@id":"https:\/\/galeriasenda.com\/#organization"},"potentialAction":[{"@type":"SearchAction","target":{"@type":"EntryPoint","urlTemplate":"https:\/\/galeriasenda.com\/?s={search_term_string}"},"query-input":"required name=search_term_string"}],"inLanguage":"ca"},{"@type":"ImageObject","@id":"https:\/\/galeriasenda.com\/ca\/shop\/catalina-jaramillo-olfato\/#primaryimage","inLanguage":"ca","url":"https:\/\/galeriasenda.com\/wp-content\/uploads\/2021\/11\/olfato.jpg","contentUrl":"https:\/\/galeriasenda.com\/wp-content\/uploads\/2021\/11\/olfato.jpg","width":2126,"height":1540},{"@type":"WebPage","@id":"https:\/\/galeriasenda.com\/ca\/shop\/catalina-jaramillo-olfato\/#webpage","url":"https:\/\/galeriasenda.com\/ca\/shop\/catalina-jaramillo-olfato\/","name":"Catalina Jaramillo - Olfato &ndash; Galeria Senda","isPartOf":{"@id":"https:\/\/galeriasenda.com\/#website"},"primaryImageOfPage":{"@id":"https:\/\/galeriasenda.com\/ca\/shop\/catalina-jaramillo-olfato\/#primaryimage"},"datePublished":"2021-11-29T12:39:08+00:00","dateModified":"2026-04-19T08:33:17+00:00","breadcrumb":{"@id":"https:\/\/galeriasenda.com\/ca\/shop\/catalina-jaramillo-olfato\/#breadcrumb"},"inLanguage":"ca","potentialAction":[{"@type":"ReadAction","target":["https:\/\/galeriasenda.com\/ca\/shop\/catalina-jaramillo-olfato\/"]}]},{"@type":"BreadcrumbList","@id":"https:\/\/galeriasenda.com\/ca\/shop\/catalina-jaramillo-olfato\/#breadcrumb","itemListElement":[{"@type":"ListItem","position":1,"name":"Portada","item":"https:\/\/galeriasenda.com\/ca\/"},{"@type":"ListItem","position":2,"name":"Catalina Jaramillo &#8211; Olfato"}]}]}},"_links":{"self":[{"href":"https:\/\/galeriasenda.com\/ca\/wp-json\/wp\/v2\/product\/32720","targetHints":{"allow":["GET"]}}],"collection":[{"href":"https:\/\/galeriasenda.com\/ca\/wp-json\/wp\/v2\/product"}],"about":[{"href":"https:\/\/galeriasenda.com\/ca\/wp-json\/wp\/v2\/types\/product"}],"author":[{"embeddable":true,"href":"https:\/\/galeriasenda.com\/ca\/wp-json\/wp\/v2\/users\/128"}],"wp:featuredmedia":[{"embeddable":true,"href":"https:\/\/galeriasenda.com\/ca\/wp-json\/wp\/v2\/media\/32715"}],"wp:attachment":[{"href":"https:\/\/galeriasenda.com\/ca\/wp-json\/wp\/v2\/media?parent=32720"}],"wp:term":[{"taxonomy":"product_cat","embeddable":true,"href":"https:\/\/galeriasenda.com\/ca\/wp-json\/wp\/v2\/product_cat?post=32720"},{"taxonomy":"product_tag","embeddable":true,"href":"https:\/\/galeriasenda.com\/ca\/wp-json\/wp\/v2\/product_tag?post=32720"}],"curies":[{"name":"wp","href":"https:\/\/api.w.org\/{rel}","templated":true}]}}