{"id":32483,"date":"2021-11-09T13:41:01","date_gmt":"2021-11-09T11:41:01","guid":{"rendered":"https:\/\/galeriasenda.com\/?post_type=product&#038;p=32483"},"modified":"2022-02-02T20:31:52","modified_gmt":"2022-02-02T18:31:52","slug":"yago-hortal-edicio-especial-zeta-cero-versio-en-espanyol-verd-copia-copia","status":"publish","type":"product","link":"https:\/\/galeriasenda.com\/ca\/shop\/yago-hortal-edicio-especial-zeta-cero-versio-en-espanyol-verd-copia-copia\/","title":{"rendered":"Yago Hortal &#8211; Edici\u00f3 especial Zeta Cero (CAT)"},"content":{"rendered":"<p>Presentem l&#8217;edici\u00f3 especial de col\u00b7leccionista del llibre &#8220;Zeta Zero&#8221; amb una obra seriada original de\u00a0<span class=\"hiddenSpellError\">Yago<\/span>\u00a0Hortal en paper de gravat de fibra de cot\u00f3 Somerset\u00a0<span class=\"hiddenSpellError\">Velvet<\/span>\u00a0Natural White de 300 grams.<\/p>\n<p>Una edici\u00f3 limitada a nom\u00e9s 45 exemplars numerats i signats m\u00e9s de 5 proves d&#8217;artista. Es presenta en estoig fet a m\u00e0 amb tapa de frontissa i imants folrat amb tela\u00a0<span class=\"hiddenSpellError\">Brillianta<\/span>\u00a0estampada.<\/p>\n","protected":false},"excerpt":{"rendered":"<p>Presentem l&#8217;edici\u00f3 especial de col\u00b7leccionista del llibre &#8220;Zeta Zero&#8221; amb una obra seriada original de\u00a0Yago\u00a0Hortal en paper de gravat de fibra de cot\u00f3 Somerset\u00a0Velvet\u00a0Natural White de 300 grams. Una edici\u00f3 limitada a nom\u00e9s 45 exemplars numerats i signats m\u00e9s de 5 proves d&#8217;artista. Es presenta en estoig fet a m\u00e0 amb tapa de frontissa i [&hellip;]<\/p>\n","protected":false},"author":142,"featured_media":107500,"template":"","meta":[],"product_cat":[252],"product_tag":[366],"class_list":["post-32483","product","type-product","status-publish","has-post-thumbnail","hentry","product_cat-publicacions-ca","product_tag-llibres-ca"],"acf":[],"yoast_head":"<!-- This site is optimized with the Yoast SEO plugin v18.4.1 - https:\/\/yoast.com\/wordpress\/plugins\/seo\/ -->\n<title>Yago Hortal - Edici\u00f3 especial Zeta Cero (CAT) &ndash; Galeria Senda<\/title>\n<meta name=\"robots\" content=\"index, follow, max-snippet:-1, max-image-preview:large, max-video-preview:-1\" \/>\n<link rel=\"canonical\" href=\"https:\/\/galeriasenda.com\/ca\/shop\/yago-hortal-edicio-especial-zeta-cero-versio-en-espanyol-verd-copia-copia\/\" \/>\n<meta property=\"og:locale\" content=\"ca_ES\" \/>\n<meta property=\"og:type\" content=\"article\" \/>\n<meta property=\"og:title\" content=\"Yago Hortal - Edici\u00f3 especial Zeta Cero (CAT) &ndash; Galeria Senda\" \/>\n<meta property=\"og:description\" content=\"Presentem l&#8217;edici\u00f3 especial de col\u00b7leccionista del llibre &#8220;Zeta Zero&#8221; amb una obra seriada original de\u00a0Yago\u00a0Hortal en paper de gravat de fibra de cot\u00f3 Somerset\u00a0Velvet\u00a0Natural White de 300 grams. Una edici\u00f3 limitada a nom\u00e9s 45 exemplars numerats i signats m\u00e9s de 5 proves d&#8217;artista. Es presenta en estoig fet a m\u00e0 amb tapa de frontissa i [&hellip;]\" \/>\n<meta property=\"og:url\" content=\"https:\/\/galeriasenda.com\/ca\/shop\/yago-hortal-edicio-especial-zeta-cero-versio-en-espanyol-verd-copia-copia\/\" \/>\n<meta property=\"og:site_name\" content=\"Galeria Senda\" \/>\n<meta property=\"article:publisher\" content=\"https:\/\/www.facebook.com\/galeriasenda\" \/>\n<meta property=\"article:modified_time\" content=\"2022-02-02T18:31:52+00:00\" \/>\n<meta property=\"og:image\" content=\"https:\/\/galeriasenda.com\/wp-content\/uploads\/2021\/11\/MATHIUSDF_ZETACERO_YAGO_HORTAL_07.jpg\" \/>\n\t<meta property=\"og:image:width\" content=\"1200\" \/>\n\t<meta property=\"og:image:height\" content=\"900\" \/>\n\t<meta property=\"og:image:type\" content=\"image\/jpeg\" \/>\n<meta name=\"twitter:card\" content=\"summary_large_image\" \/>\n<meta name=\"twitter:site\" content=\"@galeriasenda\" \/>\n<script type=\"application\/ld+json\" class=\"yoast-schema-graph\">{\"@context\":\"https:\/\/schema.org\",\"@graph\":[{\"@type\":\"Organization\",\"@id\":\"https:\/\/galeriasenda.com\/#organization\",\"name\":\"galeria SENDA\",\"url\":\"https:\/\/galeriasenda.com\/\",\"sameAs\":[\"https:\/\/www.facebook.com\/galeriasenda\",\"https:\/\/instagram.com\/galeriasenda\/\",\"https:\/\/es.linkedin.com\/company\/galeria-senda\",\"https:\/\/www.youtube.com\/channel\/UC-qz5xPOEq-QSm1a8kC-QPA\",\"https:\/\/twitter.com\/galeriasenda\"],\"logo\":{\"@type\":\"ImageObject\",\"@id\":\"https:\/\/galeriasenda.com\/#logo\",\"inLanguage\":\"ca\",\"url\":\"https:\/\/galeriasenda.com\/wp-content\/uploads\/2019\/04\/logo-senda-.png\",\"contentUrl\":\"https:\/\/galeriasenda.com\/wp-content\/uploads\/2019\/04\/logo-senda-.png\",\"width\":599,\"height\":314,\"caption\":\"galeria SENDA\"},\"image\":{\"@id\":\"https:\/\/galeriasenda.com\/#logo\"}},{\"@type\":\"WebSite\",\"@id\":\"https:\/\/galeriasenda.com\/#website\",\"url\":\"https:\/\/galeriasenda.com\/\",\"name\":\"Galeria Senda\",\"description\":\"Galeria d'art i productora d'art contemporani de Barcelona\",\"publisher\":{\"@id\":\"https:\/\/galeriasenda.com\/#organization\"},\"potentialAction\":[{\"@type\":\"SearchAction\",\"target\":{\"@type\":\"EntryPoint\",\"urlTemplate\":\"https:\/\/galeriasenda.com\/?s={search_term_string}\"},\"query-input\":\"required name=search_term_string\"}],\"inLanguage\":\"ca\"},{\"@type\":\"ImageObject\",\"@id\":\"https:\/\/galeriasenda.com\/ca\/shop\/yago-hortal-edicio-especial-zeta-cero-versio-en-espanyol-verd-copia-copia\/#primaryimage\",\"inLanguage\":\"ca\",\"url\":\"https:\/\/galeriasenda.com\/wp-content\/uploads\/2021\/11\/MATHIUSDF_ZETACERO_YAGO_HORTAL_07.jpg\",\"contentUrl\":\"https:\/\/galeriasenda.com\/wp-content\/uploads\/2021\/11\/MATHIUSDF_ZETACERO_YAGO_HORTAL_07.jpg\",\"width\":1200,\"height\":900},{\"@type\":\"WebPage\",\"@id\":\"https:\/\/galeriasenda.com\/ca\/shop\/yago-hortal-edicio-especial-zeta-cero-versio-en-espanyol-verd-copia-copia\/#webpage\",\"url\":\"https:\/\/galeriasenda.com\/ca\/shop\/yago-hortal-edicio-especial-zeta-cero-versio-en-espanyol-verd-copia-copia\/\",\"name\":\"Yago Hortal - Edici\u00f3 especial Zeta Cero (CAT) &ndash; Galeria Senda\",\"isPartOf\":{\"@id\":\"https:\/\/galeriasenda.com\/#website\"},\"primaryImageOfPage\":{\"@id\":\"https:\/\/galeriasenda.com\/ca\/shop\/yago-hortal-edicio-especial-zeta-cero-versio-en-espanyol-verd-copia-copia\/#primaryimage\"},\"datePublished\":\"2021-11-09T11:41:01+00:00\",\"dateModified\":\"2022-02-02T18:31:52+00:00\",\"breadcrumb\":{\"@id\":\"https:\/\/galeriasenda.com\/ca\/shop\/yago-hortal-edicio-especial-zeta-cero-versio-en-espanyol-verd-copia-copia\/#breadcrumb\"},\"inLanguage\":\"ca\",\"potentialAction\":[{\"@type\":\"ReadAction\",\"target\":[\"https:\/\/galeriasenda.com\/ca\/shop\/yago-hortal-edicio-especial-zeta-cero-versio-en-espanyol-verd-copia-copia\/\"]}]},{\"@type\":\"BreadcrumbList\",\"@id\":\"https:\/\/galeriasenda.com\/ca\/shop\/yago-hortal-edicio-especial-zeta-cero-versio-en-espanyol-verd-copia-copia\/#breadcrumb\",\"itemListElement\":[{\"@type\":\"ListItem\",\"position\":1,\"name\":\"Portada\",\"item\":\"https:\/\/galeriasenda.com\/ca\/\"},{\"@type\":\"ListItem\",\"position\":2,\"name\":\"Yago Hortal &#8211; Edici\u00f3 especial Zeta Cero (CAT)\"}]}]}<\/script>\n<!-- \/ Yoast SEO plugin. -->","yoast_head_json":{"title":"Yago Hortal - Edici\u00f3 especial Zeta Cero (CAT) &ndash; Galeria Senda","robots":{"index":"index","follow":"follow","max-snippet":"max-snippet:-1","max-image-preview":"max-image-preview:large","max-video-preview":"max-video-preview:-1"},"canonical":"https:\/\/galeriasenda.com\/ca\/shop\/yago-hortal-edicio-especial-zeta-cero-versio-en-espanyol-verd-copia-copia\/","og_locale":"ca_ES","og_type":"article","og_title":"Yago Hortal - Edici\u00f3 especial Zeta Cero (CAT) &ndash; Galeria Senda","og_description":"Presentem l&#8217;edici\u00f3 especial de col\u00b7leccionista del llibre &#8220;Zeta Zero&#8221; amb una obra seriada original de\u00a0Yago\u00a0Hortal en paper de gravat de fibra de cot\u00f3 Somerset\u00a0Velvet\u00a0Natural White de 300 grams. Una edici\u00f3 limitada a nom\u00e9s 45 exemplars numerats i signats m\u00e9s de 5 proves d&#8217;artista. Es presenta en estoig fet a m\u00e0 amb tapa de frontissa i [&hellip;]","og_url":"https:\/\/galeriasenda.com\/ca\/shop\/yago-hortal-edicio-especial-zeta-cero-versio-en-espanyol-verd-copia-copia\/","og_site_name":"Galeria Senda","article_publisher":"https:\/\/www.facebook.com\/galeriasenda","article_modified_time":"2022-02-02T18:31:52+00:00","og_image":[{"width":1200,"height":900,"url":"https:\/\/galeriasenda.com\/wp-content\/uploads\/2021\/11\/MATHIUSDF_ZETACERO_YAGO_HORTAL_07.jpg","type":"image\/jpeg"}],"twitter_card":"summary_large_image","twitter_site":"@galeriasenda","schema":{"@context":"https:\/\/schema.org","@graph":[{"@type":"Organization","@id":"https:\/\/galeriasenda.com\/#organization","name":"galeria SENDA","url":"https:\/\/galeriasenda.com\/","sameAs":["https:\/\/www.facebook.com\/galeriasenda","https:\/\/instagram.com\/galeriasenda\/","https:\/\/es.linkedin.com\/company\/galeria-senda","https:\/\/www.youtube.com\/channel\/UC-qz5xPOEq-QSm1a8kC-QPA","https:\/\/twitter.com\/galeriasenda"],"logo":{"@type":"ImageObject","@id":"https:\/\/galeriasenda.com\/#logo","inLanguage":"ca","url":"https:\/\/galeriasenda.com\/wp-content\/uploads\/2019\/04\/logo-senda-.png","contentUrl":"https:\/\/galeriasenda.com\/wp-content\/uploads\/2019\/04\/logo-senda-.png","width":599,"height":314,"caption":"galeria SENDA"},"image":{"@id":"https:\/\/galeriasenda.com\/#logo"}},{"@type":"WebSite","@id":"https:\/\/galeriasenda.com\/#website","url":"https:\/\/galeriasenda.com\/","name":"Galeria Senda","description":"Galeria d'art i productora d'art contemporani de Barcelona","publisher":{"@id":"https:\/\/galeriasenda.com\/#organization"},"potentialAction":[{"@type":"SearchAction","target":{"@type":"EntryPoint","urlTemplate":"https:\/\/galeriasenda.com\/?s={search_term_string}"},"query-input":"required name=search_term_string"}],"inLanguage":"ca"},{"@type":"ImageObject","@id":"https:\/\/galeriasenda.com\/ca\/shop\/yago-hortal-edicio-especial-zeta-cero-versio-en-espanyol-verd-copia-copia\/#primaryimage","inLanguage":"ca","url":"https:\/\/galeriasenda.com\/wp-content\/uploads\/2021\/11\/MATHIUSDF_ZETACERO_YAGO_HORTAL_07.jpg","contentUrl":"https:\/\/galeriasenda.com\/wp-content\/uploads\/2021\/11\/MATHIUSDF_ZETACERO_YAGO_HORTAL_07.jpg","width":1200,"height":900},{"@type":"WebPage","@id":"https:\/\/galeriasenda.com\/ca\/shop\/yago-hortal-edicio-especial-zeta-cero-versio-en-espanyol-verd-copia-copia\/#webpage","url":"https:\/\/galeriasenda.com\/ca\/shop\/yago-hortal-edicio-especial-zeta-cero-versio-en-espanyol-verd-copia-copia\/","name":"Yago Hortal - Edici\u00f3 especial Zeta Cero (CAT) &ndash; Galeria Senda","isPartOf":{"@id":"https:\/\/galeriasenda.com\/#website"},"primaryImageOfPage":{"@id":"https:\/\/galeriasenda.com\/ca\/shop\/yago-hortal-edicio-especial-zeta-cero-versio-en-espanyol-verd-copia-copia\/#primaryimage"},"datePublished":"2021-11-09T11:41:01+00:00","dateModified":"2022-02-02T18:31:52+00:00","breadcrumb":{"@id":"https:\/\/galeriasenda.com\/ca\/shop\/yago-hortal-edicio-especial-zeta-cero-versio-en-espanyol-verd-copia-copia\/#breadcrumb"},"inLanguage":"ca","potentialAction":[{"@type":"ReadAction","target":["https:\/\/galeriasenda.com\/ca\/shop\/yago-hortal-edicio-especial-zeta-cero-versio-en-espanyol-verd-copia-copia\/"]}]},{"@type":"BreadcrumbList","@id":"https:\/\/galeriasenda.com\/ca\/shop\/yago-hortal-edicio-especial-zeta-cero-versio-en-espanyol-verd-copia-copia\/#breadcrumb","itemListElement":[{"@type":"ListItem","position":1,"name":"Portada","item":"https:\/\/galeriasenda.com\/ca\/"},{"@type":"ListItem","position":2,"name":"Yago Hortal &#8211; Edici\u00f3 especial Zeta Cero (CAT)"}]}]}},"_links":{"self":[{"href":"https:\/\/galeriasenda.com\/ca\/wp-json\/wp\/v2\/product\/32483","targetHints":{"allow":["GET"]}}],"collection":[{"href":"https:\/\/galeriasenda.com\/ca\/wp-json\/wp\/v2\/product"}],"about":[{"href":"https:\/\/galeriasenda.com\/ca\/wp-json\/wp\/v2\/types\/product"}],"author":[{"embeddable":true,"href":"https:\/\/galeriasenda.com\/ca\/wp-json\/wp\/v2\/users\/142"}],"wp:featuredmedia":[{"embeddable":true,"href":"https:\/\/galeriasenda.com\/ca\/wp-json\/wp\/v2\/media\/107500"}],"wp:attachment":[{"href":"https:\/\/galeriasenda.com\/ca\/wp-json\/wp\/v2\/media?parent=32483"}],"wp:term":[{"taxonomy":"product_cat","embeddable":true,"href":"https:\/\/galeriasenda.com\/ca\/wp-json\/wp\/v2\/product_cat?post=32483"},{"taxonomy":"product_tag","embeddable":true,"href":"https:\/\/galeriasenda.com\/ca\/wp-json\/wp\/v2\/product_tag?post=32483"}],"curies":[{"name":"wp","href":"https:\/\/api.w.org\/{rel}","templated":true}]}}