{"id":28544,"date":"2020-11-18T20:18:44","date_gmt":"2020-11-18T18:18:44","guid":{"rendered":"https:\/\/galeriasenda.com\/shop\/glenda-leon-sonido-derretido\/"},"modified":"2026-04-17T09:34:42","modified_gmt":"2026-04-17T07:34:42","slug":"glenda-leon-sonido-derretido","status":"publish","type":"product","link":"https:\/\/galeriasenda.com\/ca\/shop\/glenda-leon-sonido-derretido\/","title":{"rendered":"Glenda Le\u00f3n &#8211; Sonido Derretido"},"content":{"rendered":"<p>Els nous dibuixos de Glenda Le\u00f3n v\u00e9nen a engrossir aquesta l\u00ednia del seu treball que constantment explora i descobreix la bellesa en la vida quotidiana, en qu\u00e8 gestos simples i l\u2019\u00fas de materials i t\u00e8cniques no convencionals apunten a la creaci\u00f3 de nous significats. Aquest sentit visionari del seu art, d\u2019associacions inversemblants d\u2019objectes -la funcionalitat perduda o oblidada \u00e9s retornada en un tot completament transmutat-, prov\u00e9 d\u2019un estat de meditaci\u00f3 i observaci\u00f3 profundes de qu\u00e8 se\u2019ns fa part\u00edcips. Les obres, realitzades durant aquesta etapa de quarantena i sense dubtes signades per la percepci\u00f3 que l\u2019artista t\u00e9 del temps, aconsegueixen capturar breus instants de poesia, moments d\u2019un delicat equilibri o sincronia perfecta entre elements, complementats pels t\u00edtols que la creadora ha incorporat amb la seva pr\u00f2pia cal\u00b7ligrafia.<\/p>\n","protected":false},"excerpt":{"rendered":"<p>Els nous dibuixos de Glenda Le\u00f3n v\u00e9nen a engrossir aquesta l\u00ednia del seu treball que constantment explora i descobreix la bellesa en la vida quotidiana, en qu\u00e8 gestos simples i l\u2019\u00fas de materials i t\u00e8cniques no convencionals apunten a la creaci\u00f3 de nous significats. Aquest sentit visionari del seu art, d\u2019associacions inversemblants d\u2019objectes -la funcionalitat [&hellip;]<\/p>\n","protected":false},"author":142,"featured_media":27012,"template":"","meta":[],"product_cat":[222],"product_tag":[360],"class_list":["post-28544","product","type-product","status-publish","has-post-thumbnail","hentry","product_cat-dibujo","product_tag-obres-ca"],"acf":[],"yoast_head":"<!-- This site is optimized with the Yoast SEO plugin v18.4.1 - https:\/\/yoast.com\/wordpress\/plugins\/seo\/ -->\n<title>Glenda Le\u00f3n - Sonido Derretido &ndash; Galeria Senda<\/title>\n<meta name=\"robots\" content=\"index, follow, max-snippet:-1, max-image-preview:large, max-video-preview:-1\" \/>\n<link rel=\"canonical\" href=\"https:\/\/galeriasenda.com\/ca\/shop\/glenda-leon-sonido-derretido\/\" \/>\n<meta property=\"og:locale\" content=\"ca_ES\" \/>\n<meta property=\"og:type\" content=\"article\" \/>\n<meta property=\"og:title\" content=\"Glenda Le\u00f3n - Sonido Derretido &ndash; Galeria Senda\" \/>\n<meta property=\"og:description\" content=\"Els nous dibuixos de Glenda Le\u00f3n v\u00e9nen a engrossir aquesta l\u00ednia del seu treball que constantment explora i descobreix la bellesa en la vida quotidiana, en qu\u00e8 gestos simples i l\u2019\u00fas de materials i t\u00e8cniques no convencionals apunten a la creaci\u00f3 de nous significats. Aquest sentit visionari del seu art, d\u2019associacions inversemblants d\u2019objectes -la funcionalitat [&hellip;]\" \/>\n<meta property=\"og:url\" content=\"https:\/\/galeriasenda.com\/ca\/shop\/glenda-leon-sonido-derretido\/\" \/>\n<meta property=\"og:site_name\" content=\"Galeria Senda\" \/>\n<meta property=\"article:publisher\" content=\"https:\/\/www.facebook.com\/galeriasenda\" \/>\n<meta property=\"article:modified_time\" content=\"2026-04-17T07:34:42+00:00\" \/>\n<meta property=\"og:image\" content=\"https:\/\/galeriasenda.com\/wp-content\/uploads\/2020\/11\/Melted_Sound.jpg\" \/>\n\t<meta property=\"og:image:width\" content=\"1837\" \/>\n\t<meta property=\"og:image:height\" content=\"2560\" \/>\n\t<meta property=\"og:image:type\" content=\"image\/jpeg\" \/>\n<meta name=\"twitter:card\" content=\"summary_large_image\" \/>\n<meta name=\"twitter:site\" content=\"@galeriasenda\" \/>\n<meta name=\"twitter:label1\" content=\"Temps estimat de lectura\" \/>\n\t<meta name=\"twitter:data1\" content=\"1 minut\" \/>\n<script type=\"application\/ld+json\" class=\"yoast-schema-graph\">{\"@context\":\"https:\/\/schema.org\",\"@graph\":[{\"@type\":\"Organization\",\"@id\":\"https:\/\/galeriasenda.com\/#organization\",\"name\":\"galeria SENDA\",\"url\":\"https:\/\/galeriasenda.com\/\",\"sameAs\":[\"https:\/\/www.facebook.com\/galeriasenda\",\"https:\/\/instagram.com\/galeriasenda\/\",\"https:\/\/es.linkedin.com\/company\/galeria-senda\",\"https:\/\/www.youtube.com\/channel\/UC-qz5xPOEq-QSm1a8kC-QPA\",\"https:\/\/twitter.com\/galeriasenda\"],\"logo\":{\"@type\":\"ImageObject\",\"@id\":\"https:\/\/galeriasenda.com\/#logo\",\"inLanguage\":\"ca\",\"url\":\"https:\/\/galeriasenda.com\/wp-content\/uploads\/2019\/04\/logo-senda-.png\",\"contentUrl\":\"https:\/\/galeriasenda.com\/wp-content\/uploads\/2019\/04\/logo-senda-.png\",\"width\":599,\"height\":314,\"caption\":\"galeria SENDA\"},\"image\":{\"@id\":\"https:\/\/galeriasenda.com\/#logo\"}},{\"@type\":\"WebSite\",\"@id\":\"https:\/\/galeriasenda.com\/#website\",\"url\":\"https:\/\/galeriasenda.com\/\",\"name\":\"Galeria Senda\",\"description\":\"Galeria d'art i productora d'art contemporani de Barcelona\",\"publisher\":{\"@id\":\"https:\/\/galeriasenda.com\/#organization\"},\"potentialAction\":[{\"@type\":\"SearchAction\",\"target\":{\"@type\":\"EntryPoint\",\"urlTemplate\":\"https:\/\/galeriasenda.com\/?s={search_term_string}\"},\"query-input\":\"required name=search_term_string\"}],\"inLanguage\":\"ca\"},{\"@type\":\"ImageObject\",\"@id\":\"https:\/\/galeriasenda.com\/ca\/shop\/glenda-leon-sonido-derretido\/#primaryimage\",\"inLanguage\":\"ca\",\"url\":\"https:\/\/galeriasenda.com\/wp-content\/uploads\/2020\/11\/Melted_Sound.jpg\",\"contentUrl\":\"https:\/\/galeriasenda.com\/wp-content\/uploads\/2020\/11\/Melted_Sound.jpg\",\"width\":1837,\"height\":2560},{\"@type\":\"WebPage\",\"@id\":\"https:\/\/galeriasenda.com\/ca\/shop\/glenda-leon-sonido-derretido\/#webpage\",\"url\":\"https:\/\/galeriasenda.com\/ca\/shop\/glenda-leon-sonido-derretido\/\",\"name\":\"Glenda Le\u00f3n - Sonido Derretido &ndash; Galeria Senda\",\"isPartOf\":{\"@id\":\"https:\/\/galeriasenda.com\/#website\"},\"primaryImageOfPage\":{\"@id\":\"https:\/\/galeriasenda.com\/ca\/shop\/glenda-leon-sonido-derretido\/#primaryimage\"},\"datePublished\":\"2020-11-18T18:18:44+00:00\",\"dateModified\":\"2026-04-17T07:34:42+00:00\",\"breadcrumb\":{\"@id\":\"https:\/\/galeriasenda.com\/ca\/shop\/glenda-leon-sonido-derretido\/#breadcrumb\"},\"inLanguage\":\"ca\",\"potentialAction\":[{\"@type\":\"ReadAction\",\"target\":[\"https:\/\/galeriasenda.com\/ca\/shop\/glenda-leon-sonido-derretido\/\"]}]},{\"@type\":\"BreadcrumbList\",\"@id\":\"https:\/\/galeriasenda.com\/ca\/shop\/glenda-leon-sonido-derretido\/#breadcrumb\",\"itemListElement\":[{\"@type\":\"ListItem\",\"position\":1,\"name\":\"Portada\",\"item\":\"https:\/\/galeriasenda.com\/ca\/\"},{\"@type\":\"ListItem\",\"position\":2,\"name\":\"Glenda Le\u00f3n &#8211; Sonido Derretido\"}]}]}<\/script>\n<!-- \/ Yoast SEO plugin. -->","yoast_head_json":{"title":"Glenda Le\u00f3n - Sonido Derretido &ndash; Galeria Senda","robots":{"index":"index","follow":"follow","max-snippet":"max-snippet:-1","max-image-preview":"max-image-preview:large","max-video-preview":"max-video-preview:-1"},"canonical":"https:\/\/galeriasenda.com\/ca\/shop\/glenda-leon-sonido-derretido\/","og_locale":"ca_ES","og_type":"article","og_title":"Glenda Le\u00f3n - Sonido Derretido &ndash; Galeria Senda","og_description":"Els nous dibuixos de Glenda Le\u00f3n v\u00e9nen a engrossir aquesta l\u00ednia del seu treball que constantment explora i descobreix la bellesa en la vida quotidiana, en qu\u00e8 gestos simples i l\u2019\u00fas de materials i t\u00e8cniques no convencionals apunten a la creaci\u00f3 de nous significats. Aquest sentit visionari del seu art, d\u2019associacions inversemblants d\u2019objectes -la funcionalitat [&hellip;]","og_url":"https:\/\/galeriasenda.com\/ca\/shop\/glenda-leon-sonido-derretido\/","og_site_name":"Galeria Senda","article_publisher":"https:\/\/www.facebook.com\/galeriasenda","article_modified_time":"2026-04-17T07:34:42+00:00","og_image":[{"width":1837,"height":2560,"url":"https:\/\/galeriasenda.com\/wp-content\/uploads\/2020\/11\/Melted_Sound.jpg","type":"image\/jpeg"}],"twitter_card":"summary_large_image","twitter_site":"@galeriasenda","twitter_misc":{"Temps estimat de lectura":"1 minut"},"schema":{"@context":"https:\/\/schema.org","@graph":[{"@type":"Organization","@id":"https:\/\/galeriasenda.com\/#organization","name":"galeria SENDA","url":"https:\/\/galeriasenda.com\/","sameAs":["https:\/\/www.facebook.com\/galeriasenda","https:\/\/instagram.com\/galeriasenda\/","https:\/\/es.linkedin.com\/company\/galeria-senda","https:\/\/www.youtube.com\/channel\/UC-qz5xPOEq-QSm1a8kC-QPA","https:\/\/twitter.com\/galeriasenda"],"logo":{"@type":"ImageObject","@id":"https:\/\/galeriasenda.com\/#logo","inLanguage":"ca","url":"https:\/\/galeriasenda.com\/wp-content\/uploads\/2019\/04\/logo-senda-.png","contentUrl":"https:\/\/galeriasenda.com\/wp-content\/uploads\/2019\/04\/logo-senda-.png","width":599,"height":314,"caption":"galeria SENDA"},"image":{"@id":"https:\/\/galeriasenda.com\/#logo"}},{"@type":"WebSite","@id":"https:\/\/galeriasenda.com\/#website","url":"https:\/\/galeriasenda.com\/","name":"Galeria Senda","description":"Galeria d'art i productora d'art contemporani de Barcelona","publisher":{"@id":"https:\/\/galeriasenda.com\/#organization"},"potentialAction":[{"@type":"SearchAction","target":{"@type":"EntryPoint","urlTemplate":"https:\/\/galeriasenda.com\/?s={search_term_string}"},"query-input":"required name=search_term_string"}],"inLanguage":"ca"},{"@type":"ImageObject","@id":"https:\/\/galeriasenda.com\/ca\/shop\/glenda-leon-sonido-derretido\/#primaryimage","inLanguage":"ca","url":"https:\/\/galeriasenda.com\/wp-content\/uploads\/2020\/11\/Melted_Sound.jpg","contentUrl":"https:\/\/galeriasenda.com\/wp-content\/uploads\/2020\/11\/Melted_Sound.jpg","width":1837,"height":2560},{"@type":"WebPage","@id":"https:\/\/galeriasenda.com\/ca\/shop\/glenda-leon-sonido-derretido\/#webpage","url":"https:\/\/galeriasenda.com\/ca\/shop\/glenda-leon-sonido-derretido\/","name":"Glenda Le\u00f3n - Sonido Derretido &ndash; Galeria Senda","isPartOf":{"@id":"https:\/\/galeriasenda.com\/#website"},"primaryImageOfPage":{"@id":"https:\/\/galeriasenda.com\/ca\/shop\/glenda-leon-sonido-derretido\/#primaryimage"},"datePublished":"2020-11-18T18:18:44+00:00","dateModified":"2026-04-17T07:34:42+00:00","breadcrumb":{"@id":"https:\/\/galeriasenda.com\/ca\/shop\/glenda-leon-sonido-derretido\/#breadcrumb"},"inLanguage":"ca","potentialAction":[{"@type":"ReadAction","target":["https:\/\/galeriasenda.com\/ca\/shop\/glenda-leon-sonido-derretido\/"]}]},{"@type":"BreadcrumbList","@id":"https:\/\/galeriasenda.com\/ca\/shop\/glenda-leon-sonido-derretido\/#breadcrumb","itemListElement":[{"@type":"ListItem","position":1,"name":"Portada","item":"https:\/\/galeriasenda.com\/ca\/"},{"@type":"ListItem","position":2,"name":"Glenda Le\u00f3n &#8211; Sonido Derretido"}]}]}},"_links":{"self":[{"href":"https:\/\/galeriasenda.com\/ca\/wp-json\/wp\/v2\/product\/28544","targetHints":{"allow":["GET"]}}],"collection":[{"href":"https:\/\/galeriasenda.com\/ca\/wp-json\/wp\/v2\/product"}],"about":[{"href":"https:\/\/galeriasenda.com\/ca\/wp-json\/wp\/v2\/types\/product"}],"author":[{"embeddable":true,"href":"https:\/\/galeriasenda.com\/ca\/wp-json\/wp\/v2\/users\/142"}],"wp:featuredmedia":[{"embeddable":true,"href":"https:\/\/galeriasenda.com\/ca\/wp-json\/wp\/v2\/media\/27012"}],"wp:attachment":[{"href":"https:\/\/galeriasenda.com\/ca\/wp-json\/wp\/v2\/media?parent=28544"}],"wp:term":[{"taxonomy":"product_cat","embeddable":true,"href":"https:\/\/galeriasenda.com\/ca\/wp-json\/wp\/v2\/product_cat?post=28544"},{"taxonomy":"product_tag","embeddable":true,"href":"https:\/\/galeriasenda.com\/ca\/wp-json\/wp\/v2\/product_tag?post=28544"}],"curies":[{"name":"wp","href":"https:\/\/api.w.org\/{rel}","templated":true}]}}