{"id":25650,"date":"2020-08-16T16:37:22","date_gmt":"2020-08-16T14:37:22","guid":{"rendered":"https:\/\/galeriasenda.com\/?post_type=product&#038;p=25650"},"modified":"2026-04-09T16:33:53","modified_gmt":"2026-04-09T14:33:53","slug":"jordi-bernado-jujuy-arg-30-1-copia-copia","status":"publish","type":"product","link":"https:\/\/galeriasenda.com\/ca\/shop\/jordi-bernado-jujuy-arg-30-1-copia-copia\/","title":{"rendered":"Adrian Balseca &#8211; El C\u00f3ndor Pasa"},"content":{"rendered":"<p>Rosario Quispe &#8211; L\u00edder Warmi &#8211; Salinas Grandes. Jujuy, Argentina<\/p>\n<p>El Projecte\u00a0<span class=\"hiddenSpellError\">ID<\/span>\u00a0\u00e9s un projecte realitzat pel fot\u00f2graf i l&#8217;artista Jordi Bernad\u00f3 que s&#8217;ocupa de la representaci\u00f3 p\u00fablica d&#8217;excepcionals individus que han fet una contribuci\u00f3 extraordin\u00e0ria a trav\u00e9s del seu treball a la comunitat mundial. Els retrats en el projecte d&#8217;<span class=\"hiddenSpellError\">ID<\/span>\u00a0no s\u00f3n retrats comuns. El subjecte ha de triar un lloc significatiu per a ser fotografiat. \u00c9s una imatge \u00fanica, des de la dist\u00e0ncia, amb l&#8217;esquena del subjecte cap a la c\u00e0mera. \u00c9s en aquest punt que el p\u00fablic haur\u00e0 de confiar i creure que la persona a la imatge \u00e9s en realitat qui diu que \u00e9s, pel que l&#8217;escenari es converteix en una pe\u00e7a essencial d&#8217;informaci\u00f3. Una vegada que s&#8217;estableix la ubicaci\u00f3, la sessi\u00f3 no ha de prendre m\u00e9s de 30 minuts de temps.<\/p>\n","protected":false},"excerpt":{"rendered":"<p>Rosario Quispe &#8211; L\u00edder Warmi &#8211; Salinas Grandes. Jujuy, Argentina El Projecte\u00a0ID\u00a0\u00e9s un projecte realitzat pel fot\u00f2graf i l&#8217;artista Jordi Bernad\u00f3 que s&#8217;ocupa de la representaci\u00f3 p\u00fablica d&#8217;excepcionals individus que han fet una contribuci\u00f3 extraordin\u00e0ria a trav\u00e9s del seu treball a la comunitat mundial. Els retrats en el projecte d&#8217;ID\u00a0no s\u00f3n retrats comuns. El subjecte [&hellip;]<\/p>\n","protected":false},"author":142,"featured_media":15248,"template":"","meta":[],"product_cat":[287],"product_tag":[360],"class_list":["post-25650","product","type-product","status-publish","has-post-thumbnail","hentry","product_cat-fotografia","product_tag-obres-ca"],"acf":[],"yoast_head":"<!-- This site is optimized with the Yoast SEO plugin v18.4.1 - https:\/\/yoast.com\/wordpress\/plugins\/seo\/ -->\n<title>Adrian Balseca - El C\u00f3ndor Pasa &ndash; Galeria Senda<\/title>\n<meta name=\"robots\" content=\"index, follow, max-snippet:-1, max-image-preview:large, max-video-preview:-1\" \/>\n<link rel=\"canonical\" href=\"https:\/\/galeriasenda.com\/ca\/shop\/jordi-bernado-jujuy-arg-30-1-copia-copia\/\" \/>\n<meta property=\"og:locale\" content=\"ca_ES\" \/>\n<meta property=\"og:type\" content=\"article\" \/>\n<meta property=\"og:title\" content=\"Adrian Balseca - El C\u00f3ndor Pasa &ndash; Galeria Senda\" \/>\n<meta property=\"og:description\" content=\"Rosario Quispe &#8211; L\u00edder Warmi &#8211; Salinas Grandes. Jujuy, Argentina El Projecte\u00a0ID\u00a0\u00e9s un projecte realitzat pel fot\u00f2graf i l&#8217;artista Jordi Bernad\u00f3 que s&#8217;ocupa de la representaci\u00f3 p\u00fablica d&#8217;excepcionals individus que han fet una contribuci\u00f3 extraordin\u00e0ria a trav\u00e9s del seu treball a la comunitat mundial. Els retrats en el projecte d&#8217;ID\u00a0no s\u00f3n retrats comuns. El subjecte [&hellip;]\" \/>\n<meta property=\"og:url\" content=\"https:\/\/galeriasenda.com\/ca\/shop\/jordi-bernado-jujuy-arg-30-1-copia-copia\/\" \/>\n<meta property=\"og:site_name\" content=\"Galeria Senda\" \/>\n<meta property=\"article:publisher\" content=\"https:\/\/www.facebook.com\/galeriasenda\" \/>\n<meta property=\"article:modified_time\" content=\"2026-04-09T14:33:53+00:00\" \/>\n<meta property=\"og:image\" content=\"https:\/\/galeriasenda.com\/wp-content\/uploads\/2016\/03\/Condor-AB.jpg\" \/>\n\t<meta property=\"og:image:width\" content=\"1200\" \/>\n\t<meta property=\"og:image:height\" content=\"946\" \/>\n\t<meta property=\"og:image:type\" content=\"image\/jpeg\" \/>\n<meta name=\"twitter:card\" content=\"summary_large_image\" \/>\n<meta name=\"twitter:site\" content=\"@galeriasenda\" \/>\n<meta name=\"twitter:label1\" content=\"Temps estimat de lectura\" \/>\n\t<meta name=\"twitter:data1\" content=\"1 minut\" \/>\n<script type=\"application\/ld+json\" class=\"yoast-schema-graph\">{\"@context\":\"https:\/\/schema.org\",\"@graph\":[{\"@type\":\"Organization\",\"@id\":\"https:\/\/galeriasenda.com\/#organization\",\"name\":\"galeria SENDA\",\"url\":\"https:\/\/galeriasenda.com\/\",\"sameAs\":[\"https:\/\/www.facebook.com\/galeriasenda\",\"https:\/\/instagram.com\/galeriasenda\/\",\"https:\/\/es.linkedin.com\/company\/galeria-senda\",\"https:\/\/www.youtube.com\/channel\/UC-qz5xPOEq-QSm1a8kC-QPA\",\"https:\/\/twitter.com\/galeriasenda\"],\"logo\":{\"@type\":\"ImageObject\",\"@id\":\"https:\/\/galeriasenda.com\/#logo\",\"inLanguage\":\"ca\",\"url\":\"https:\/\/galeriasenda.com\/wp-content\/uploads\/2019\/04\/logo-senda-.png\",\"contentUrl\":\"https:\/\/galeriasenda.com\/wp-content\/uploads\/2019\/04\/logo-senda-.png\",\"width\":599,\"height\":314,\"caption\":\"galeria SENDA\"},\"image\":{\"@id\":\"https:\/\/galeriasenda.com\/#logo\"}},{\"@type\":\"WebSite\",\"@id\":\"https:\/\/galeriasenda.com\/#website\",\"url\":\"https:\/\/galeriasenda.com\/\",\"name\":\"Galeria Senda\",\"description\":\"Galeria d'art i productora d'art contemporani de Barcelona\",\"publisher\":{\"@id\":\"https:\/\/galeriasenda.com\/#organization\"},\"potentialAction\":[{\"@type\":\"SearchAction\",\"target\":{\"@type\":\"EntryPoint\",\"urlTemplate\":\"https:\/\/galeriasenda.com\/?s={search_term_string}\"},\"query-input\":\"required name=search_term_string\"}],\"inLanguage\":\"ca\"},{\"@type\":\"ImageObject\",\"@id\":\"https:\/\/galeriasenda.com\/ca\/shop\/jordi-bernado-jujuy-arg-30-1-copia-copia\/#primaryimage\",\"inLanguage\":\"ca\",\"url\":\"https:\/\/galeriasenda.com\/wp-content\/uploads\/2016\/03\/Condor-AB.jpg\",\"contentUrl\":\"https:\/\/galeriasenda.com\/wp-content\/uploads\/2016\/03\/Condor-AB.jpg\",\"width\":1200,\"height\":946},{\"@type\":\"WebPage\",\"@id\":\"https:\/\/galeriasenda.com\/ca\/shop\/jordi-bernado-jujuy-arg-30-1-copia-copia\/#webpage\",\"url\":\"https:\/\/galeriasenda.com\/ca\/shop\/jordi-bernado-jujuy-arg-30-1-copia-copia\/\",\"name\":\"Adrian Balseca - El C\u00f3ndor Pasa &ndash; Galeria Senda\",\"isPartOf\":{\"@id\":\"https:\/\/galeriasenda.com\/#website\"},\"primaryImageOfPage\":{\"@id\":\"https:\/\/galeriasenda.com\/ca\/shop\/jordi-bernado-jujuy-arg-30-1-copia-copia\/#primaryimage\"},\"datePublished\":\"2020-08-16T14:37:22+00:00\",\"dateModified\":\"2026-04-09T14:33:53+00:00\",\"breadcrumb\":{\"@id\":\"https:\/\/galeriasenda.com\/ca\/shop\/jordi-bernado-jujuy-arg-30-1-copia-copia\/#breadcrumb\"},\"inLanguage\":\"ca\",\"potentialAction\":[{\"@type\":\"ReadAction\",\"target\":[\"https:\/\/galeriasenda.com\/ca\/shop\/jordi-bernado-jujuy-arg-30-1-copia-copia\/\"]}]},{\"@type\":\"BreadcrumbList\",\"@id\":\"https:\/\/galeriasenda.com\/ca\/shop\/jordi-bernado-jujuy-arg-30-1-copia-copia\/#breadcrumb\",\"itemListElement\":[{\"@type\":\"ListItem\",\"position\":1,\"name\":\"Portada\",\"item\":\"https:\/\/galeriasenda.com\/ca\/\"},{\"@type\":\"ListItem\",\"position\":2,\"name\":\"Adrian Balseca &#8211; El C\u00f3ndor Pasa\"}]}]}<\/script>\n<!-- \/ Yoast SEO plugin. -->","yoast_head_json":{"title":"Adrian Balseca - El C\u00f3ndor Pasa &ndash; Galeria Senda","robots":{"index":"index","follow":"follow","max-snippet":"max-snippet:-1","max-image-preview":"max-image-preview:large","max-video-preview":"max-video-preview:-1"},"canonical":"https:\/\/galeriasenda.com\/ca\/shop\/jordi-bernado-jujuy-arg-30-1-copia-copia\/","og_locale":"ca_ES","og_type":"article","og_title":"Adrian Balseca - El C\u00f3ndor Pasa &ndash; Galeria Senda","og_description":"Rosario Quispe &#8211; L\u00edder Warmi &#8211; Salinas Grandes. Jujuy, Argentina El Projecte\u00a0ID\u00a0\u00e9s un projecte realitzat pel fot\u00f2graf i l&#8217;artista Jordi Bernad\u00f3 que s&#8217;ocupa de la representaci\u00f3 p\u00fablica d&#8217;excepcionals individus que han fet una contribuci\u00f3 extraordin\u00e0ria a trav\u00e9s del seu treball a la comunitat mundial. Els retrats en el projecte d&#8217;ID\u00a0no s\u00f3n retrats comuns. El subjecte [&hellip;]","og_url":"https:\/\/galeriasenda.com\/ca\/shop\/jordi-bernado-jujuy-arg-30-1-copia-copia\/","og_site_name":"Galeria Senda","article_publisher":"https:\/\/www.facebook.com\/galeriasenda","article_modified_time":"2026-04-09T14:33:53+00:00","og_image":[{"width":1200,"height":946,"url":"https:\/\/galeriasenda.com\/wp-content\/uploads\/2016\/03\/Condor-AB.jpg","type":"image\/jpeg"}],"twitter_card":"summary_large_image","twitter_site":"@galeriasenda","twitter_misc":{"Temps estimat de lectura":"1 minut"},"schema":{"@context":"https:\/\/schema.org","@graph":[{"@type":"Organization","@id":"https:\/\/galeriasenda.com\/#organization","name":"galeria SENDA","url":"https:\/\/galeriasenda.com\/","sameAs":["https:\/\/www.facebook.com\/galeriasenda","https:\/\/instagram.com\/galeriasenda\/","https:\/\/es.linkedin.com\/company\/galeria-senda","https:\/\/www.youtube.com\/channel\/UC-qz5xPOEq-QSm1a8kC-QPA","https:\/\/twitter.com\/galeriasenda"],"logo":{"@type":"ImageObject","@id":"https:\/\/galeriasenda.com\/#logo","inLanguage":"ca","url":"https:\/\/galeriasenda.com\/wp-content\/uploads\/2019\/04\/logo-senda-.png","contentUrl":"https:\/\/galeriasenda.com\/wp-content\/uploads\/2019\/04\/logo-senda-.png","width":599,"height":314,"caption":"galeria SENDA"},"image":{"@id":"https:\/\/galeriasenda.com\/#logo"}},{"@type":"WebSite","@id":"https:\/\/galeriasenda.com\/#website","url":"https:\/\/galeriasenda.com\/","name":"Galeria Senda","description":"Galeria d'art i productora d'art contemporani de Barcelona","publisher":{"@id":"https:\/\/galeriasenda.com\/#organization"},"potentialAction":[{"@type":"SearchAction","target":{"@type":"EntryPoint","urlTemplate":"https:\/\/galeriasenda.com\/?s={search_term_string}"},"query-input":"required name=search_term_string"}],"inLanguage":"ca"},{"@type":"ImageObject","@id":"https:\/\/galeriasenda.com\/ca\/shop\/jordi-bernado-jujuy-arg-30-1-copia-copia\/#primaryimage","inLanguage":"ca","url":"https:\/\/galeriasenda.com\/wp-content\/uploads\/2016\/03\/Condor-AB.jpg","contentUrl":"https:\/\/galeriasenda.com\/wp-content\/uploads\/2016\/03\/Condor-AB.jpg","width":1200,"height":946},{"@type":"WebPage","@id":"https:\/\/galeriasenda.com\/ca\/shop\/jordi-bernado-jujuy-arg-30-1-copia-copia\/#webpage","url":"https:\/\/galeriasenda.com\/ca\/shop\/jordi-bernado-jujuy-arg-30-1-copia-copia\/","name":"Adrian Balseca - El C\u00f3ndor Pasa &ndash; Galeria Senda","isPartOf":{"@id":"https:\/\/galeriasenda.com\/#website"},"primaryImageOfPage":{"@id":"https:\/\/galeriasenda.com\/ca\/shop\/jordi-bernado-jujuy-arg-30-1-copia-copia\/#primaryimage"},"datePublished":"2020-08-16T14:37:22+00:00","dateModified":"2026-04-09T14:33:53+00:00","breadcrumb":{"@id":"https:\/\/galeriasenda.com\/ca\/shop\/jordi-bernado-jujuy-arg-30-1-copia-copia\/#breadcrumb"},"inLanguage":"ca","potentialAction":[{"@type":"ReadAction","target":["https:\/\/galeriasenda.com\/ca\/shop\/jordi-bernado-jujuy-arg-30-1-copia-copia\/"]}]},{"@type":"BreadcrumbList","@id":"https:\/\/galeriasenda.com\/ca\/shop\/jordi-bernado-jujuy-arg-30-1-copia-copia\/#breadcrumb","itemListElement":[{"@type":"ListItem","position":1,"name":"Portada","item":"https:\/\/galeriasenda.com\/ca\/"},{"@type":"ListItem","position":2,"name":"Adrian Balseca &#8211; El C\u00f3ndor Pasa"}]}]}},"_links":{"self":[{"href":"https:\/\/galeriasenda.com\/ca\/wp-json\/wp\/v2\/product\/25650","targetHints":{"allow":["GET"]}}],"collection":[{"href":"https:\/\/galeriasenda.com\/ca\/wp-json\/wp\/v2\/product"}],"about":[{"href":"https:\/\/galeriasenda.com\/ca\/wp-json\/wp\/v2\/types\/product"}],"author":[{"embeddable":true,"href":"https:\/\/galeriasenda.com\/ca\/wp-json\/wp\/v2\/users\/142"}],"wp:featuredmedia":[{"embeddable":true,"href":"https:\/\/galeriasenda.com\/ca\/wp-json\/wp\/v2\/media\/15248"}],"wp:attachment":[{"href":"https:\/\/galeriasenda.com\/ca\/wp-json\/wp\/v2\/media?parent=25650"}],"wp:term":[{"taxonomy":"product_cat","embeddable":true,"href":"https:\/\/galeriasenda.com\/ca\/wp-json\/wp\/v2\/product_cat?post=25650"},{"taxonomy":"product_tag","embeddable":true,"href":"https:\/\/galeriasenda.com\/ca\/wp-json\/wp\/v2\/product_tag?post=25650"}],"curies":[{"name":"wp","href":"https:\/\/api.w.org\/{rel}","templated":true}]}}