{"id":25225,"date":"2020-06-18T10:31:32","date_gmt":"2020-06-18T08:31:32","guid":{"rendered":"https:\/\/galeriasenda.com\/shop\/anthony-goicolea-tents\/"},"modified":"2026-04-14T22:33:46","modified_gmt":"2026-04-14T20:33:46","slug":"anthony-goicolea-tents","status":"publish","type":"product","link":"https:\/\/galeriasenda.com\/ca\/shop\/anthony-goicolea-tents\/","title":{"rendered":"Anthony Goicolea &#8211; Tents"},"content":{"rendered":"<p>Aquesta foto esta composada per m\u00e9s de 65 fotografies diferents preses en diferents llocs durant diferents \u00e8poques de l&#8217;any en el territori de nord-est dels Estats Units. Originalment, Anthony Goicolea havia fotografiat aquestes botigues ic\u00f2niques perqu\u00e8 m&#8217;atreia la multitud d&#8217;usos i connotacions encarnades en les cortines blanques de les seves formes simb\u00f2liques. S&#8217;erigeixen tradicionalment per a festes de celebraci\u00f3 i casaments, per\u00f2 tamb\u00e9 s&#8217;utilitzen com a centres de processament i detenci\u00f3 de refugiats, aix\u00ed com casernes, habitatges temporals i instal\u00b7lacions de quarantena.<\/p>\n<p>Durant el per\u00edode inicial d&#8217;acte quarantena a l&#8217;actual crisi de Covid-19, les carpes van adquirir una nova i m\u00e9s familiar resson\u00e0ncia per a ell. A mesura que els hospitals de Nova York van aconseguir la seva capacitat, van comen\u00e7ar a construir botigues similars a Central Park. El que inicialment havia imaginat com un paisatge fant\u00e0stic d&#8217;estructures temporals de Bruegel es va convertir en realitat en la seva pr\u00f2pia ciutat.<\/p>\n","protected":false},"excerpt":{"rendered":"<p>Aquesta foto esta composada per m\u00e9s de 65 fotografies diferents preses en diferents llocs durant diferents \u00e8poques de l&#8217;any en el territori de nord-est dels Estats Units. Originalment, Anthony Goicolea havia fotografiat aquestes botigues ic\u00f2niques perqu\u00e8 m&#8217;atreia la multitud d&#8217;usos i connotacions encarnades en les cortines blanques de les seves formes simb\u00f2liques. S&#8217;erigeixen tradicionalment per [&hellip;]<\/p>\n","protected":false},"author":142,"featured_media":25160,"template":"","meta":[],"product_cat":[287],"product_tag":[360],"class_list":["post-25225","product","type-product","status-publish","has-post-thumbnail","hentry","product_cat-fotografia","product_tag-obres-ca"],"acf":[],"yoast_head":"<!-- This site is optimized with the Yoast SEO plugin v18.4.1 - https:\/\/yoast.com\/wordpress\/plugins\/seo\/ -->\n<title>Anthony Goicolea - Tents &ndash; Galeria Senda<\/title>\n<meta name=\"robots\" content=\"index, follow, max-snippet:-1, max-image-preview:large, max-video-preview:-1\" \/>\n<link rel=\"canonical\" href=\"https:\/\/galeriasenda.com\/ca\/shop\/anthony-goicolea-tents\/\" \/>\n<meta property=\"og:locale\" content=\"ca_ES\" \/>\n<meta property=\"og:type\" content=\"article\" \/>\n<meta property=\"og:title\" content=\"Anthony Goicolea - Tents &ndash; Galeria Senda\" \/>\n<meta property=\"og:description\" content=\"Aquesta foto esta composada per m\u00e9s de 65 fotografies diferents preses en diferents llocs durant diferents \u00e8poques de l&#8217;any en el territori de nord-est dels Estats Units. Originalment, Anthony Goicolea havia fotografiat aquestes botigues ic\u00f2niques perqu\u00e8 m&#8217;atreia la multitud d&#8217;usos i connotacions encarnades en les cortines blanques de les seves formes simb\u00f2liques. S&#8217;erigeixen tradicionalment per [&hellip;]\" \/>\n<meta property=\"og:url\" content=\"https:\/\/galeriasenda.com\/ca\/shop\/anthony-goicolea-tents\/\" \/>\n<meta property=\"og:site_name\" content=\"Galeria Senda\" \/>\n<meta property=\"article:publisher\" content=\"https:\/\/www.facebook.com\/galeriasenda\" \/>\n<meta property=\"article:modified_time\" content=\"2026-04-14T20:33:46+00:00\" \/>\n<meta property=\"og:image\" content=\"https:\/\/galeriasenda.com\/wp-content\/uploads\/2020\/06\/TENTS-web.jpg\" \/>\n\t<meta property=\"og:image:width\" content=\"1200\" \/>\n\t<meta property=\"og:image:height\" content=\"875\" \/>\n\t<meta property=\"og:image:type\" content=\"image\/jpeg\" \/>\n<meta name=\"twitter:card\" content=\"summary_large_image\" \/>\n<meta name=\"twitter:site\" content=\"@galeriasenda\" \/>\n<meta name=\"twitter:label1\" content=\"Temps estimat de lectura\" \/>\n\t<meta name=\"twitter:data1\" content=\"1 minut\" \/>\n<script type=\"application\/ld+json\" class=\"yoast-schema-graph\">{\"@context\":\"https:\/\/schema.org\",\"@graph\":[{\"@type\":\"Organization\",\"@id\":\"https:\/\/galeriasenda.com\/#organization\",\"name\":\"galeria SENDA\",\"url\":\"https:\/\/galeriasenda.com\/\",\"sameAs\":[\"https:\/\/www.facebook.com\/galeriasenda\",\"https:\/\/instagram.com\/galeriasenda\/\",\"https:\/\/es.linkedin.com\/company\/galeria-senda\",\"https:\/\/www.youtube.com\/channel\/UC-qz5xPOEq-QSm1a8kC-QPA\",\"https:\/\/twitter.com\/galeriasenda\"],\"logo\":{\"@type\":\"ImageObject\",\"@id\":\"https:\/\/galeriasenda.com\/#logo\",\"inLanguage\":\"ca\",\"url\":\"https:\/\/galeriasenda.com\/wp-content\/uploads\/2019\/04\/logo-senda-.png\",\"contentUrl\":\"https:\/\/galeriasenda.com\/wp-content\/uploads\/2019\/04\/logo-senda-.png\",\"width\":599,\"height\":314,\"caption\":\"galeria SENDA\"},\"image\":{\"@id\":\"https:\/\/galeriasenda.com\/#logo\"}},{\"@type\":\"WebSite\",\"@id\":\"https:\/\/galeriasenda.com\/#website\",\"url\":\"https:\/\/galeriasenda.com\/\",\"name\":\"Galeria Senda\",\"description\":\"Galeria d'art i productora d'art contemporani de Barcelona\",\"publisher\":{\"@id\":\"https:\/\/galeriasenda.com\/#organization\"},\"potentialAction\":[{\"@type\":\"SearchAction\",\"target\":{\"@type\":\"EntryPoint\",\"urlTemplate\":\"https:\/\/galeriasenda.com\/?s={search_term_string}\"},\"query-input\":\"required name=search_term_string\"}],\"inLanguage\":\"ca\"},{\"@type\":\"ImageObject\",\"@id\":\"https:\/\/galeriasenda.com\/ca\/shop\/anthony-goicolea-tents\/#primaryimage\",\"inLanguage\":\"ca\",\"url\":\"https:\/\/galeriasenda.com\/wp-content\/uploads\/2020\/06\/TENTS-web.jpg\",\"contentUrl\":\"https:\/\/galeriasenda.com\/wp-content\/uploads\/2020\/06\/TENTS-web.jpg\",\"width\":1200,\"height\":875},{\"@type\":\"WebPage\",\"@id\":\"https:\/\/galeriasenda.com\/ca\/shop\/anthony-goicolea-tents\/#webpage\",\"url\":\"https:\/\/galeriasenda.com\/ca\/shop\/anthony-goicolea-tents\/\",\"name\":\"Anthony Goicolea - Tents &ndash; Galeria Senda\",\"isPartOf\":{\"@id\":\"https:\/\/galeriasenda.com\/#website\"},\"primaryImageOfPage\":{\"@id\":\"https:\/\/galeriasenda.com\/ca\/shop\/anthony-goicolea-tents\/#primaryimage\"},\"datePublished\":\"2020-06-18T08:31:32+00:00\",\"dateModified\":\"2026-04-14T20:33:46+00:00\",\"breadcrumb\":{\"@id\":\"https:\/\/galeriasenda.com\/ca\/shop\/anthony-goicolea-tents\/#breadcrumb\"},\"inLanguage\":\"ca\",\"potentialAction\":[{\"@type\":\"ReadAction\",\"target\":[\"https:\/\/galeriasenda.com\/ca\/shop\/anthony-goicolea-tents\/\"]}]},{\"@type\":\"BreadcrumbList\",\"@id\":\"https:\/\/galeriasenda.com\/ca\/shop\/anthony-goicolea-tents\/#breadcrumb\",\"itemListElement\":[{\"@type\":\"ListItem\",\"position\":1,\"name\":\"Portada\",\"item\":\"https:\/\/galeriasenda.com\/ca\/\"},{\"@type\":\"ListItem\",\"position\":2,\"name\":\"Anthony Goicolea &#8211; Tents\"}]}]}<\/script>\n<!-- \/ Yoast SEO plugin. -->","yoast_head_json":{"title":"Anthony Goicolea - Tents &ndash; Galeria Senda","robots":{"index":"index","follow":"follow","max-snippet":"max-snippet:-1","max-image-preview":"max-image-preview:large","max-video-preview":"max-video-preview:-1"},"canonical":"https:\/\/galeriasenda.com\/ca\/shop\/anthony-goicolea-tents\/","og_locale":"ca_ES","og_type":"article","og_title":"Anthony Goicolea - Tents &ndash; Galeria Senda","og_description":"Aquesta foto esta composada per m\u00e9s de 65 fotografies diferents preses en diferents llocs durant diferents \u00e8poques de l&#8217;any en el territori de nord-est dels Estats Units. Originalment, Anthony Goicolea havia fotografiat aquestes botigues ic\u00f2niques perqu\u00e8 m&#8217;atreia la multitud d&#8217;usos i connotacions encarnades en les cortines blanques de les seves formes simb\u00f2liques. S&#8217;erigeixen tradicionalment per [&hellip;]","og_url":"https:\/\/galeriasenda.com\/ca\/shop\/anthony-goicolea-tents\/","og_site_name":"Galeria Senda","article_publisher":"https:\/\/www.facebook.com\/galeriasenda","article_modified_time":"2026-04-14T20:33:46+00:00","og_image":[{"width":1200,"height":875,"url":"https:\/\/galeriasenda.com\/wp-content\/uploads\/2020\/06\/TENTS-web.jpg","type":"image\/jpeg"}],"twitter_card":"summary_large_image","twitter_site":"@galeriasenda","twitter_misc":{"Temps estimat de lectura":"1 minut"},"schema":{"@context":"https:\/\/schema.org","@graph":[{"@type":"Organization","@id":"https:\/\/galeriasenda.com\/#organization","name":"galeria SENDA","url":"https:\/\/galeriasenda.com\/","sameAs":["https:\/\/www.facebook.com\/galeriasenda","https:\/\/instagram.com\/galeriasenda\/","https:\/\/es.linkedin.com\/company\/galeria-senda","https:\/\/www.youtube.com\/channel\/UC-qz5xPOEq-QSm1a8kC-QPA","https:\/\/twitter.com\/galeriasenda"],"logo":{"@type":"ImageObject","@id":"https:\/\/galeriasenda.com\/#logo","inLanguage":"ca","url":"https:\/\/galeriasenda.com\/wp-content\/uploads\/2019\/04\/logo-senda-.png","contentUrl":"https:\/\/galeriasenda.com\/wp-content\/uploads\/2019\/04\/logo-senda-.png","width":599,"height":314,"caption":"galeria SENDA"},"image":{"@id":"https:\/\/galeriasenda.com\/#logo"}},{"@type":"WebSite","@id":"https:\/\/galeriasenda.com\/#website","url":"https:\/\/galeriasenda.com\/","name":"Galeria Senda","description":"Galeria d'art i productora d'art contemporani de Barcelona","publisher":{"@id":"https:\/\/galeriasenda.com\/#organization"},"potentialAction":[{"@type":"SearchAction","target":{"@type":"EntryPoint","urlTemplate":"https:\/\/galeriasenda.com\/?s={search_term_string}"},"query-input":"required name=search_term_string"}],"inLanguage":"ca"},{"@type":"ImageObject","@id":"https:\/\/galeriasenda.com\/ca\/shop\/anthony-goicolea-tents\/#primaryimage","inLanguage":"ca","url":"https:\/\/galeriasenda.com\/wp-content\/uploads\/2020\/06\/TENTS-web.jpg","contentUrl":"https:\/\/galeriasenda.com\/wp-content\/uploads\/2020\/06\/TENTS-web.jpg","width":1200,"height":875},{"@type":"WebPage","@id":"https:\/\/galeriasenda.com\/ca\/shop\/anthony-goicolea-tents\/#webpage","url":"https:\/\/galeriasenda.com\/ca\/shop\/anthony-goicolea-tents\/","name":"Anthony Goicolea - Tents &ndash; Galeria Senda","isPartOf":{"@id":"https:\/\/galeriasenda.com\/#website"},"primaryImageOfPage":{"@id":"https:\/\/galeriasenda.com\/ca\/shop\/anthony-goicolea-tents\/#primaryimage"},"datePublished":"2020-06-18T08:31:32+00:00","dateModified":"2026-04-14T20:33:46+00:00","breadcrumb":{"@id":"https:\/\/galeriasenda.com\/ca\/shop\/anthony-goicolea-tents\/#breadcrumb"},"inLanguage":"ca","potentialAction":[{"@type":"ReadAction","target":["https:\/\/galeriasenda.com\/ca\/shop\/anthony-goicolea-tents\/"]}]},{"@type":"BreadcrumbList","@id":"https:\/\/galeriasenda.com\/ca\/shop\/anthony-goicolea-tents\/#breadcrumb","itemListElement":[{"@type":"ListItem","position":1,"name":"Portada","item":"https:\/\/galeriasenda.com\/ca\/"},{"@type":"ListItem","position":2,"name":"Anthony Goicolea &#8211; Tents"}]}]}},"_links":{"self":[{"href":"https:\/\/galeriasenda.com\/ca\/wp-json\/wp\/v2\/product\/25225","targetHints":{"allow":["GET"]}}],"collection":[{"href":"https:\/\/galeriasenda.com\/ca\/wp-json\/wp\/v2\/product"}],"about":[{"href":"https:\/\/galeriasenda.com\/ca\/wp-json\/wp\/v2\/types\/product"}],"author":[{"embeddable":true,"href":"https:\/\/galeriasenda.com\/ca\/wp-json\/wp\/v2\/users\/142"}],"wp:featuredmedia":[{"embeddable":true,"href":"https:\/\/galeriasenda.com\/ca\/wp-json\/wp\/v2\/media\/25160"}],"wp:attachment":[{"href":"https:\/\/galeriasenda.com\/ca\/wp-json\/wp\/v2\/media?parent=25225"}],"wp:term":[{"taxonomy":"product_cat","embeddable":true,"href":"https:\/\/galeriasenda.com\/ca\/wp-json\/wp\/v2\/product_cat?post=25225"},{"taxonomy":"product_tag","embeddable":true,"href":"https:\/\/galeriasenda.com\/ca\/wp-json\/wp\/v2\/product_tag?post=25225"}],"curies":[{"name":"wp","href":"https:\/\/api.w.org\/{rel}","templated":true}]}}