{"id":25036,"date":"2020-06-15T13:24:57","date_gmt":"2020-06-15T11:24:57","guid":{"rendered":"https:\/\/galeriasenda.com\/shop\/25036\/"},"modified":"2020-08-28T18:15:56","modified_gmt":"2020-08-28T16:15:56","slug":"25036","status":"publish","type":"product","link":"https:\/\/galeriasenda.com\/ca\/shop\/25036\/","title":{"rendered":"Anna Malagrida, &#8220;Les Invalides, I&#8221;"},"content":{"rendered":"<p>Durant la quarantena Anna Malagrida va tenir l&#8217;oportunitat de sortir a fer fotos gr\u00e0cies a un carnet de premsa de fot\u00f2grafa despr\u00e9s de l&#8217;enc\u00e0rrec d&#8217;una revista d&#8217;art.<\/p>\n<p>&#8220;La ciutat estava estranyament buida, com adormida, en silenci. No hi havia cotxes ni soroll, nom\u00e9s alguns transe\u00fcnts passaven molt de tant en tant animant un escenari gaireb\u00e9 apocal\u00edptic. Vaig escollir alguns llocs de Par\u00eds i vaig col\u00b7locar la c\u00e0mera en un tr\u00edpode esperant que algun caminant pass\u00e9s, com esperant signe de vida. Aquesta fotografia d&#8217;una dona amb els ulls tancats forma part d&#8217;aquesta s\u00e8rie, les passants, realitzada a les Invalides i \u00e9s per a mi un moment d&#8217;interioritat i de silenci compartit. &#8221;<\/p>\n<p>&nbsp;<\/p>\n","protected":false},"excerpt":{"rendered":"<p>Durant la quarantena Anna Malagrida va tenir l&#8217;oportunitat de sortir a fer fotos gr\u00e0cies a un carnet de premsa de fot\u00f2grafa despr\u00e9s de l&#8217;enc\u00e0rrec d&#8217;una revista d&#8217;art. &#8220;La ciutat estava estranyament buida, com adormida, en silenci. No hi havia cotxes ni soroll, nom\u00e9s alguns transe\u00fcnts passaven molt de tant en tant animant un escenari gaireb\u00e9 [&hellip;]<\/p>\n","protected":false},"author":142,"featured_media":25034,"template":"","meta":[],"product_cat":[289],"product_tag":[360],"class_list":["post-25036","product","type-product","status-publish","has-post-thumbnail","hentry","product_cat-fotografia-ca","product_tag-obres-ca"],"acf":[],"yoast_head":"<!-- This site is optimized with the Yoast SEO plugin v18.4.1 - https:\/\/yoast.com\/wordpress\/plugins\/seo\/ -->\n<title>Anna Malagrida, &quot;Les Invalides, I&quot; &ndash; Galeria Senda<\/title>\n<meta name=\"robots\" content=\"index, follow, max-snippet:-1, max-image-preview:large, max-video-preview:-1\" \/>\n<link rel=\"canonical\" href=\"https:\/\/galeriasenda.com\/ca\/shop\/25036\/\" \/>\n<meta property=\"og:locale\" content=\"ca_ES\" \/>\n<meta property=\"og:type\" content=\"article\" \/>\n<meta property=\"og:title\" content=\"Anna Malagrida, &quot;Les Invalides, I&quot; &ndash; Galeria Senda\" \/>\n<meta property=\"og:description\" content=\"Durant la quarantena Anna Malagrida va tenir l&#8217;oportunitat de sortir a fer fotos gr\u00e0cies a un carnet de premsa de fot\u00f2grafa despr\u00e9s de l&#8217;enc\u00e0rrec d&#8217;una revista d&#8217;art. &#8220;La ciutat estava estranyament buida, com adormida, en silenci. No hi havia cotxes ni soroll, nom\u00e9s alguns transe\u00fcnts passaven molt de tant en tant animant un escenari gaireb\u00e9 [&hellip;]\" \/>\n<meta property=\"og:url\" content=\"https:\/\/galeriasenda.com\/ca\/shop\/25036\/\" \/>\n<meta property=\"og:site_name\" content=\"Galeria Senda\" \/>\n<meta property=\"article:publisher\" content=\"https:\/\/www.facebook.com\/galeriasenda\" \/>\n<meta property=\"article:modified_time\" content=\"2020-08-28T16:15:56+00:00\" \/>\n<meta property=\"og:image\" content=\"https:\/\/galeriasenda.com\/wp-content\/uploads\/2020\/06\/Invalides-I.jpg\" \/>\n\t<meta property=\"og:image:width\" content=\"1181\" \/>\n\t<meta property=\"og:image:height\" content=\"986\" \/>\n\t<meta property=\"og:image:type\" content=\"image\/jpeg\" \/>\n<meta name=\"twitter:card\" content=\"summary_large_image\" \/>\n<meta name=\"twitter:site\" content=\"@galeriasenda\" \/>\n<meta name=\"twitter:label1\" content=\"Temps estimat de lectura\" \/>\n\t<meta name=\"twitter:data1\" content=\"1 minut\" \/>\n<script type=\"application\/ld+json\" class=\"yoast-schema-graph\">{\"@context\":\"https:\/\/schema.org\",\"@graph\":[{\"@type\":\"Organization\",\"@id\":\"https:\/\/galeriasenda.com\/#organization\",\"name\":\"galeria SENDA\",\"url\":\"https:\/\/galeriasenda.com\/\",\"sameAs\":[\"https:\/\/www.facebook.com\/galeriasenda\",\"https:\/\/instagram.com\/galeriasenda\/\",\"https:\/\/es.linkedin.com\/company\/galeria-senda\",\"https:\/\/www.youtube.com\/channel\/UC-qz5xPOEq-QSm1a8kC-QPA\",\"https:\/\/twitter.com\/galeriasenda\"],\"logo\":{\"@type\":\"ImageObject\",\"@id\":\"https:\/\/galeriasenda.com\/#logo\",\"inLanguage\":\"ca\",\"url\":\"https:\/\/galeriasenda.com\/wp-content\/uploads\/2019\/04\/logo-senda-.png\",\"contentUrl\":\"https:\/\/galeriasenda.com\/wp-content\/uploads\/2019\/04\/logo-senda-.png\",\"width\":599,\"height\":314,\"caption\":\"galeria SENDA\"},\"image\":{\"@id\":\"https:\/\/galeriasenda.com\/#logo\"}},{\"@type\":\"WebSite\",\"@id\":\"https:\/\/galeriasenda.com\/#website\",\"url\":\"https:\/\/galeriasenda.com\/\",\"name\":\"Galeria Senda\",\"description\":\"Galeria d'art i productora d'art contemporani de Barcelona\",\"publisher\":{\"@id\":\"https:\/\/galeriasenda.com\/#organization\"},\"potentialAction\":[{\"@type\":\"SearchAction\",\"target\":{\"@type\":\"EntryPoint\",\"urlTemplate\":\"https:\/\/galeriasenda.com\/?s={search_term_string}\"},\"query-input\":\"required name=search_term_string\"}],\"inLanguage\":\"ca\"},{\"@type\":\"ImageObject\",\"@id\":\"https:\/\/galeriasenda.com\/ca\/shop\/25036\/#primaryimage\",\"inLanguage\":\"ca\",\"url\":\"https:\/\/galeriasenda.com\/wp-content\/uploads\/2020\/06\/Invalides-I.jpg\",\"contentUrl\":\"https:\/\/galeriasenda.com\/wp-content\/uploads\/2020\/06\/Invalides-I.jpg\",\"width\":1181,\"height\":986},{\"@type\":\"WebPage\",\"@id\":\"https:\/\/galeriasenda.com\/ca\/shop\/25036\/#webpage\",\"url\":\"https:\/\/galeriasenda.com\/ca\/shop\/25036\/\",\"name\":\"Anna Malagrida, \\\"Les Invalides, I\\\" &ndash; Galeria Senda\",\"isPartOf\":{\"@id\":\"https:\/\/galeriasenda.com\/#website\"},\"primaryImageOfPage\":{\"@id\":\"https:\/\/galeriasenda.com\/ca\/shop\/25036\/#primaryimage\"},\"datePublished\":\"2020-06-15T11:24:57+00:00\",\"dateModified\":\"2020-08-28T16:15:56+00:00\",\"breadcrumb\":{\"@id\":\"https:\/\/galeriasenda.com\/ca\/shop\/25036\/#breadcrumb\"},\"inLanguage\":\"ca\",\"potentialAction\":[{\"@type\":\"ReadAction\",\"target\":[\"https:\/\/galeriasenda.com\/ca\/shop\/25036\/\"]}]},{\"@type\":\"BreadcrumbList\",\"@id\":\"https:\/\/galeriasenda.com\/ca\/shop\/25036\/#breadcrumb\",\"itemListElement\":[{\"@type\":\"ListItem\",\"position\":1,\"name\":\"Portada\",\"item\":\"https:\/\/galeriasenda.com\/ca\/\"},{\"@type\":\"ListItem\",\"position\":2,\"name\":\"Anna Malagrida, &#8220;Les Invalides, I&#8221;\"}]}]}<\/script>\n<!-- \/ Yoast SEO plugin. -->","yoast_head_json":{"title":"Anna Malagrida, \"Les Invalides, I\" &ndash; Galeria Senda","robots":{"index":"index","follow":"follow","max-snippet":"max-snippet:-1","max-image-preview":"max-image-preview:large","max-video-preview":"max-video-preview:-1"},"canonical":"https:\/\/galeriasenda.com\/ca\/shop\/25036\/","og_locale":"ca_ES","og_type":"article","og_title":"Anna Malagrida, \"Les Invalides, I\" &ndash; Galeria Senda","og_description":"Durant la quarantena Anna Malagrida va tenir l&#8217;oportunitat de sortir a fer fotos gr\u00e0cies a un carnet de premsa de fot\u00f2grafa despr\u00e9s de l&#8217;enc\u00e0rrec d&#8217;una revista d&#8217;art. &#8220;La ciutat estava estranyament buida, com adormida, en silenci. No hi havia cotxes ni soroll, nom\u00e9s alguns transe\u00fcnts passaven molt de tant en tant animant un escenari gaireb\u00e9 [&hellip;]","og_url":"https:\/\/galeriasenda.com\/ca\/shop\/25036\/","og_site_name":"Galeria Senda","article_publisher":"https:\/\/www.facebook.com\/galeriasenda","article_modified_time":"2020-08-28T16:15:56+00:00","og_image":[{"width":1181,"height":986,"url":"https:\/\/galeriasenda.com\/wp-content\/uploads\/2020\/06\/Invalides-I.jpg","type":"image\/jpeg"}],"twitter_card":"summary_large_image","twitter_site":"@galeriasenda","twitter_misc":{"Temps estimat de lectura":"1 minut"},"schema":{"@context":"https:\/\/schema.org","@graph":[{"@type":"Organization","@id":"https:\/\/galeriasenda.com\/#organization","name":"galeria SENDA","url":"https:\/\/galeriasenda.com\/","sameAs":["https:\/\/www.facebook.com\/galeriasenda","https:\/\/instagram.com\/galeriasenda\/","https:\/\/es.linkedin.com\/company\/galeria-senda","https:\/\/www.youtube.com\/channel\/UC-qz5xPOEq-QSm1a8kC-QPA","https:\/\/twitter.com\/galeriasenda"],"logo":{"@type":"ImageObject","@id":"https:\/\/galeriasenda.com\/#logo","inLanguage":"ca","url":"https:\/\/galeriasenda.com\/wp-content\/uploads\/2019\/04\/logo-senda-.png","contentUrl":"https:\/\/galeriasenda.com\/wp-content\/uploads\/2019\/04\/logo-senda-.png","width":599,"height":314,"caption":"galeria SENDA"},"image":{"@id":"https:\/\/galeriasenda.com\/#logo"}},{"@type":"WebSite","@id":"https:\/\/galeriasenda.com\/#website","url":"https:\/\/galeriasenda.com\/","name":"Galeria Senda","description":"Galeria d'art i productora d'art contemporani de Barcelona","publisher":{"@id":"https:\/\/galeriasenda.com\/#organization"},"potentialAction":[{"@type":"SearchAction","target":{"@type":"EntryPoint","urlTemplate":"https:\/\/galeriasenda.com\/?s={search_term_string}"},"query-input":"required name=search_term_string"}],"inLanguage":"ca"},{"@type":"ImageObject","@id":"https:\/\/galeriasenda.com\/ca\/shop\/25036\/#primaryimage","inLanguage":"ca","url":"https:\/\/galeriasenda.com\/wp-content\/uploads\/2020\/06\/Invalides-I.jpg","contentUrl":"https:\/\/galeriasenda.com\/wp-content\/uploads\/2020\/06\/Invalides-I.jpg","width":1181,"height":986},{"@type":"WebPage","@id":"https:\/\/galeriasenda.com\/ca\/shop\/25036\/#webpage","url":"https:\/\/galeriasenda.com\/ca\/shop\/25036\/","name":"Anna Malagrida, \"Les Invalides, I\" &ndash; Galeria Senda","isPartOf":{"@id":"https:\/\/galeriasenda.com\/#website"},"primaryImageOfPage":{"@id":"https:\/\/galeriasenda.com\/ca\/shop\/25036\/#primaryimage"},"datePublished":"2020-06-15T11:24:57+00:00","dateModified":"2020-08-28T16:15:56+00:00","breadcrumb":{"@id":"https:\/\/galeriasenda.com\/ca\/shop\/25036\/#breadcrumb"},"inLanguage":"ca","potentialAction":[{"@type":"ReadAction","target":["https:\/\/galeriasenda.com\/ca\/shop\/25036\/"]}]},{"@type":"BreadcrumbList","@id":"https:\/\/galeriasenda.com\/ca\/shop\/25036\/#breadcrumb","itemListElement":[{"@type":"ListItem","position":1,"name":"Portada","item":"https:\/\/galeriasenda.com\/ca\/"},{"@type":"ListItem","position":2,"name":"Anna Malagrida, &#8220;Les Invalides, I&#8221;"}]}]}},"_links":{"self":[{"href":"https:\/\/galeriasenda.com\/ca\/wp-json\/wp\/v2\/product\/25036","targetHints":{"allow":["GET"]}}],"collection":[{"href":"https:\/\/galeriasenda.com\/ca\/wp-json\/wp\/v2\/product"}],"about":[{"href":"https:\/\/galeriasenda.com\/ca\/wp-json\/wp\/v2\/types\/product"}],"author":[{"embeddable":true,"href":"https:\/\/galeriasenda.com\/ca\/wp-json\/wp\/v2\/users\/142"}],"wp:featuredmedia":[{"embeddable":true,"href":"https:\/\/galeriasenda.com\/ca\/wp-json\/wp\/v2\/media\/25034"}],"wp:attachment":[{"href":"https:\/\/galeriasenda.com\/ca\/wp-json\/wp\/v2\/media?parent=25036"}],"wp:term":[{"taxonomy":"product_cat","embeddable":true,"href":"https:\/\/galeriasenda.com\/ca\/wp-json\/wp\/v2\/product_cat?post=25036"},{"taxonomy":"product_tag","embeddable":true,"href":"https:\/\/galeriasenda.com\/ca\/wp-json\/wp\/v2\/product_tag?post=25036"}],"curies":[{"name":"wp","href":"https:\/\/api.w.org\/{rel}","templated":true}]}}