{"id":8413,"date":"2015-04-10T17:47:44","date_gmt":"2015-04-10T16:47:44","guid":{"rendered":"https:\/\/galeriasenda.com\/?page_id=8413"},"modified":"2025-03-25T12:18:29","modified_gmt":"2025-03-25T10:18:29","slug":"about-us","status":"publish","type":"page","link":"https:\/\/galeriasenda.com\/ca\/about-us\/","title":{"rendered":"About us"},"content":{"rendered":"<p>Senda t\u00e9 passi\u00f3 per la creaci\u00f3, valora i recolza el talent, el risc i la singularitat d\u2019artistes joves i establerts tant en l\u2019\u00e0mbit nacional com internacional, defensant el valor individual de cadascun i fugint de programes tancats o l\u00ednies de pensament unidireccional. Creiem en el valor de la diversitat i en la riquesa del m\u00faltiple llenguatge i intentem identificar mons singulars en els quals reflectir-nos i amb els que cr\u00e9ixer.<\/p>\n<p>Des de 1991 hem exercit una tasca de galeria, i d\u2019ara endavant ampliem el nostre camp d\u2019acci\u00f3 cap a altres serveis d\u2019art. A m\u00e9s, estem estretament relacionats a altres projectes com <strong><a href=\"https:\/\/loop-barcelona.com\/\" target=\"_blank\" rel=\"noreferrer noopener\">LOOP Barcelona<\/a><\/strong>, la fira referent de videoart a nivell internacional; i <strong><a href=\"https:\/\/www.talkinggalleries.com\/\" target=\"_blank\" rel=\"noreferrer noopener\">Talking Galleries<\/a><\/strong>, una iniciativa que potencia el debat i discussions sobre el desenvolupament de la ind\u00fastria de l&#8217;art.<\/p>\n<p>\u00c9s important per nosaltres seguir col\u00b7laborant\u00a0amb artistes que confien en la nostra manera de fer i participar i donar suport al seu proc\u00e9s creatiu per qu\u00e8 projectes nous vegin la llum, dins o fora del nostre espai i servir igualment de suport a institucions o tercers en els seus projectes creatius.<\/p>\n<p>Galeria Senda treballa activament per reduir les seves emissions de carboni i adoptar pr\u00e0ctiques sostenibles.<\/p>\n\n\n<div class=\"wp-block-buttons is-layout-flex wp-block-buttons-is-layout-flex\">\n<div class=\"wp-block-button has-custom-width wp-block-button__width-50 has-custom-font-size is-style-outline is-style-outline--1\" style=\"font-size:13px\"><a class=\"wp-block-button__link wp-element-button\" href=\"https:\/\/galeriasenda.com\/wp-content\/uploads\/2023\/07\/Declaracio\u0301n-de-Responsabilidad-Medioambiental.pdf\" style=\"border-radius:100px\">Declaraci\u00f3 de responsabilitat mediambiental<\/a><\/div>\n<\/div>\n\n\n\n<div style=\"height:100px\" aria-hidden=\"true\" class=\"wp-block-spacer\"><\/div>\n\n\n\n<p>Amb el suport de: <\/p>\n\n\n\n<figure class=\"wp-block-image size-large\"><img loading=\"lazy\" decoding=\"async\" width=\"1024\" height=\"109\" src=\"https:\/\/galeriasenda.com\/wp-content\/uploads\/2025\/03\/CAST_ICEC_CA_GENE_2lin_negre-1024x109.png\" alt=\"\" class=\"wp-image-110404\" srcset=\"https:\/\/galeriasenda.com\/wp-content\/uploads\/2025\/03\/CAST_ICEC_CA_GENE_2lin_negre-1024x109.png 1024w, https:\/\/galeriasenda.com\/wp-content\/uploads\/2025\/03\/CAST_ICEC_CA_GENE_2lin_negre-300x32.png 300w, https:\/\/galeriasenda.com\/wp-content\/uploads\/2025\/03\/CAST_ICEC_CA_GENE_2lin_negre-768x82.png 768w, https:\/\/galeriasenda.com\/wp-content\/uploads\/2025\/03\/CAST_ICEC_CA_GENE_2lin_negre-1536x164.png 1536w, https:\/\/galeriasenda.com\/wp-content\/uploads\/2025\/03\/CAST_ICEC_CA_GENE_2lin_negre-600x64.png 600w, https:\/\/galeriasenda.com\/wp-content\/uploads\/2025\/03\/CAST_ICEC_CA_GENE_2lin_negre.png 1852w\" sizes=\"auto, (max-width: 1024px) 100vw, 1024px\" \/><\/figure>\n\n\n\n<hr class=\"wp-block-separator has-alpha-channel-opacity\"\/>\n\n\n\n<div style=\"height:100px\" aria-hidden=\"true\" class=\"wp-block-spacer\"><\/div>\n","protected":false},"excerpt":{"rendered":"<p>Senda t\u00e9 passi\u00f3 per la creaci\u00f3, valora i recolza el talent, el risc i la singularitat d\u2019artistes joves i establerts tant en l\u2019\u00e0mbit nacional com internacional, defensant el valor individual de cadascun i fugint de programes tancats o l\u00ednies de pensament unidireccional. Creiem en el valor de la diversitat i en la riquesa del m\u00faltiple [&hellip;]<\/p>\n","protected":false},"author":142,"featured_media":19923,"parent":0,"menu_order":0,"comment_status":"open","ping_status":"open","template":"page-about.php","meta":{"footnotes":""},"class_list":["post-8413","page","type-page","status-publish","has-post-thumbnail","hentry"],"acf":[],"yoast_head":"<!-- This site is optimized with the Yoast SEO plugin v18.4.1 - https:\/\/yoast.com\/wordpress\/plugins\/seo\/ -->\n<title>About us &ndash; Galeria Senda<\/title>\n<meta name=\"description\" content=\"Galeria Senda es un espai d&#039;art contemporani i productora art\u00edstica que treballa amb artistes emergents i establerts.\" \/>\n<meta name=\"robots\" content=\"index, follow, max-snippet:-1, max-image-preview:large, max-video-preview:-1\" \/>\n<link rel=\"canonical\" href=\"https:\/\/galeriasenda.com\/ca\/about-us\/\" \/>\n<meta property=\"og:locale\" content=\"ca_ES\" \/>\n<meta property=\"og:type\" content=\"article\" \/>\n<meta property=\"og:title\" content=\"About us &ndash; Galeria Senda\" \/>\n<meta property=\"og:description\" content=\"Galeria Senda es un espai d&#039;art contemporani i productora art\u00edstica que treballa amb artistes emergents i establerts.\" \/>\n<meta property=\"og:url\" content=\"https:\/\/galeriasenda.com\/ca\/about-us\/\" \/>\n<meta property=\"og:site_name\" content=\"Galeria Senda\" \/>\n<meta property=\"article:publisher\" content=\"https:\/\/www.facebook.com\/galeriasenda\" \/>\n<meta property=\"article:modified_time\" content=\"2025-03-25T10:18:29+00:00\" \/>\n<meta property=\"og:image\" content=\"https:\/\/galeriasenda.com\/wp-content\/uploads\/2015\/01\/Senda_Plensa-02.jpg\" \/>\n\t<meta property=\"og:image:width\" content=\"1212\" \/>\n\t<meta property=\"og:image:height\" content=\"800\" \/>\n\t<meta property=\"og:image:type\" content=\"image\/jpeg\" \/>\n<meta name=\"twitter:card\" content=\"summary_large_image\" \/>\n<meta name=\"twitter:site\" content=\"@galeriasenda\" \/>\n<meta name=\"twitter:label1\" content=\"Temps estimat de lectura\" \/>\n\t<meta name=\"twitter:data1\" content=\"1 minut\" \/>\n<script type=\"application\/ld+json\" class=\"yoast-schema-graph\">{\"@context\":\"https:\/\/schema.org\",\"@graph\":[{\"@type\":\"Organization\",\"@id\":\"https:\/\/galeriasenda.com\/#organization\",\"name\":\"galeria SENDA\",\"url\":\"https:\/\/galeriasenda.com\/\",\"sameAs\":[\"https:\/\/www.facebook.com\/galeriasenda\",\"https:\/\/instagram.com\/galeriasenda\/\",\"https:\/\/es.linkedin.com\/company\/galeria-senda\",\"https:\/\/www.youtube.com\/channel\/UC-qz5xPOEq-QSm1a8kC-QPA\",\"https:\/\/twitter.com\/galeriasenda\"],\"logo\":{\"@type\":\"ImageObject\",\"@id\":\"https:\/\/galeriasenda.com\/#logo\",\"inLanguage\":\"ca\",\"url\":\"https:\/\/galeriasenda.com\/wp-content\/uploads\/2019\/04\/logo-senda-.png\",\"contentUrl\":\"https:\/\/galeriasenda.com\/wp-content\/uploads\/2019\/04\/logo-senda-.png\",\"width\":599,\"height\":314,\"caption\":\"galeria SENDA\"},\"image\":{\"@id\":\"https:\/\/galeriasenda.com\/#logo\"}},{\"@type\":\"WebSite\",\"@id\":\"https:\/\/galeriasenda.com\/#website\",\"url\":\"https:\/\/galeriasenda.com\/\",\"name\":\"Galeria Senda\",\"description\":\"Galeria d'art i productora d'art contemporani de Barcelona\",\"publisher\":{\"@id\":\"https:\/\/galeriasenda.com\/#organization\"},\"potentialAction\":[{\"@type\":\"SearchAction\",\"target\":{\"@type\":\"EntryPoint\",\"urlTemplate\":\"https:\/\/galeriasenda.com\/?s={search_term_string}\"},\"query-input\":\"required name=search_term_string\"}],\"inLanguage\":\"ca\"},{\"@type\":\"ImageObject\",\"@id\":\"https:\/\/galeriasenda.com\/ca\/about-us\/#primaryimage\",\"inLanguage\":\"ca\",\"url\":\"https:\/\/galeriasenda.com\/wp-content\/uploads\/2015\/01\/Senda_Plensa-02.jpg\",\"contentUrl\":\"https:\/\/galeriasenda.com\/wp-content\/uploads\/2015\/01\/Senda_Plensa-02.jpg\",\"width\":1212,\"height\":800},{\"@type\":\"WebPage\",\"@id\":\"https:\/\/galeriasenda.com\/ca\/about-us\/#webpage\",\"url\":\"https:\/\/galeriasenda.com\/ca\/about-us\/\",\"name\":\"About us &ndash; Galeria Senda\",\"isPartOf\":{\"@id\":\"https:\/\/galeriasenda.com\/#website\"},\"primaryImageOfPage\":{\"@id\":\"https:\/\/galeriasenda.com\/ca\/about-us\/#primaryimage\"},\"datePublished\":\"2015-04-10T16:47:44+00:00\",\"dateModified\":\"2025-03-25T10:18:29+00:00\",\"description\":\"Galeria Senda es un espai d'art contemporani i productora art\u00edstica que treballa amb artistes emergents i establerts.\",\"breadcrumb\":{\"@id\":\"https:\/\/galeriasenda.com\/ca\/about-us\/#breadcrumb\"},\"inLanguage\":\"ca\",\"potentialAction\":[{\"@type\":\"ReadAction\",\"target\":[\"https:\/\/galeriasenda.com\/ca\/about-us\/\"]}]},{\"@type\":\"BreadcrumbList\",\"@id\":\"https:\/\/galeriasenda.com\/ca\/about-us\/#breadcrumb\",\"itemListElement\":[{\"@type\":\"ListItem\",\"position\":1,\"name\":\"Portada\",\"item\":\"https:\/\/galeriasenda.com\/ca\/\"},{\"@type\":\"ListItem\",\"position\":2,\"name\":\"About us\"}]}]}<\/script>\n<!-- \/ Yoast SEO plugin. -->","yoast_head_json":{"title":"About us &ndash; Galeria Senda","description":"Galeria Senda es un espai d'art contemporani i productora art\u00edstica que treballa amb artistes emergents i establerts.","robots":{"index":"index","follow":"follow","max-snippet":"max-snippet:-1","max-image-preview":"max-image-preview:large","max-video-preview":"max-video-preview:-1"},"canonical":"https:\/\/galeriasenda.com\/ca\/about-us\/","og_locale":"ca_ES","og_type":"article","og_title":"About us &ndash; Galeria Senda","og_description":"Galeria Senda es un espai d'art contemporani i productora art\u00edstica que treballa amb artistes emergents i establerts.","og_url":"https:\/\/galeriasenda.com\/ca\/about-us\/","og_site_name":"Galeria Senda","article_publisher":"https:\/\/www.facebook.com\/galeriasenda","article_modified_time":"2025-03-25T10:18:29+00:00","og_image":[{"width":1212,"height":800,"url":"https:\/\/galeriasenda.com\/wp-content\/uploads\/2015\/01\/Senda_Plensa-02.jpg","type":"image\/jpeg"}],"twitter_card":"summary_large_image","twitter_site":"@galeriasenda","twitter_misc":{"Temps estimat de lectura":"1 minut"},"schema":{"@context":"https:\/\/schema.org","@graph":[{"@type":"Organization","@id":"https:\/\/galeriasenda.com\/#organization","name":"galeria SENDA","url":"https:\/\/galeriasenda.com\/","sameAs":["https:\/\/www.facebook.com\/galeriasenda","https:\/\/instagram.com\/galeriasenda\/","https:\/\/es.linkedin.com\/company\/galeria-senda","https:\/\/www.youtube.com\/channel\/UC-qz5xPOEq-QSm1a8kC-QPA","https:\/\/twitter.com\/galeriasenda"],"logo":{"@type":"ImageObject","@id":"https:\/\/galeriasenda.com\/#logo","inLanguage":"ca","url":"https:\/\/galeriasenda.com\/wp-content\/uploads\/2019\/04\/logo-senda-.png","contentUrl":"https:\/\/galeriasenda.com\/wp-content\/uploads\/2019\/04\/logo-senda-.png","width":599,"height":314,"caption":"galeria SENDA"},"image":{"@id":"https:\/\/galeriasenda.com\/#logo"}},{"@type":"WebSite","@id":"https:\/\/galeriasenda.com\/#website","url":"https:\/\/galeriasenda.com\/","name":"Galeria Senda","description":"Galeria d'art i productora d'art contemporani de Barcelona","publisher":{"@id":"https:\/\/galeriasenda.com\/#organization"},"potentialAction":[{"@type":"SearchAction","target":{"@type":"EntryPoint","urlTemplate":"https:\/\/galeriasenda.com\/?s={search_term_string}"},"query-input":"required name=search_term_string"}],"inLanguage":"ca"},{"@type":"ImageObject","@id":"https:\/\/galeriasenda.com\/ca\/about-us\/#primaryimage","inLanguage":"ca","url":"https:\/\/galeriasenda.com\/wp-content\/uploads\/2015\/01\/Senda_Plensa-02.jpg","contentUrl":"https:\/\/galeriasenda.com\/wp-content\/uploads\/2015\/01\/Senda_Plensa-02.jpg","width":1212,"height":800},{"@type":"WebPage","@id":"https:\/\/galeriasenda.com\/ca\/about-us\/#webpage","url":"https:\/\/galeriasenda.com\/ca\/about-us\/","name":"About us &ndash; Galeria Senda","isPartOf":{"@id":"https:\/\/galeriasenda.com\/#website"},"primaryImageOfPage":{"@id":"https:\/\/galeriasenda.com\/ca\/about-us\/#primaryimage"},"datePublished":"2015-04-10T16:47:44+00:00","dateModified":"2025-03-25T10:18:29+00:00","description":"Galeria Senda es un espai d'art contemporani i productora art\u00edstica que treballa amb artistes emergents i establerts.","breadcrumb":{"@id":"https:\/\/galeriasenda.com\/ca\/about-us\/#breadcrumb"},"inLanguage":"ca","potentialAction":[{"@type":"ReadAction","target":["https:\/\/galeriasenda.com\/ca\/about-us\/"]}]},{"@type":"BreadcrumbList","@id":"https:\/\/galeriasenda.com\/ca\/about-us\/#breadcrumb","itemListElement":[{"@type":"ListItem","position":1,"name":"Portada","item":"https:\/\/galeriasenda.com\/ca\/"},{"@type":"ListItem","position":2,"name":"About us"}]}]}},"_links":{"self":[{"href":"https:\/\/galeriasenda.com\/ca\/wp-json\/wp\/v2\/pages\/8413","targetHints":{"allow":["GET"]}}],"collection":[{"href":"https:\/\/galeriasenda.com\/ca\/wp-json\/wp\/v2\/pages"}],"about":[{"href":"https:\/\/galeriasenda.com\/ca\/wp-json\/wp\/v2\/types\/page"}],"author":[{"embeddable":true,"href":"https:\/\/galeriasenda.com\/ca\/wp-json\/wp\/v2\/users\/142"}],"replies":[{"embeddable":true,"href":"https:\/\/galeriasenda.com\/ca\/wp-json\/wp\/v2\/comments?post=8413"}],"version-history":[{"count":37,"href":"https:\/\/galeriasenda.com\/ca\/wp-json\/wp\/v2\/pages\/8413\/revisions"}],"predecessor-version":[{"id":110422,"href":"https:\/\/galeriasenda.com\/ca\/wp-json\/wp\/v2\/pages\/8413\/revisions\/110422"}],"wp:featuredmedia":[{"embeddable":true,"href":"https:\/\/galeriasenda.com\/ca\/wp-json\/wp\/v2\/media\/19923"}],"wp:attachment":[{"href":"https:\/\/galeriasenda.com\/ca\/wp-json\/wp\/v2\/media?parent=8413"}],"curies":[{"name":"wp","href":"https:\/\/api.w.org\/{rel}","templated":true}]}}