{"id":26123,"date":"2020-09-02T18:12:18","date_gmt":"2020-09-02T16:12:18","guid":{"rendered":"https:\/\/galeriasenda.com\/?page_id=26123"},"modified":"2020-09-17T19:36:02","modified_gmt":"2020-09-17T17:36:02","slug":"peter-halley-new-paintings","status":"publish","type":"page","link":"https:\/\/galeriasenda.com\/ca\/peter-halley-new-paintings\/","title":{"rendered":"Peter Halley, &#8220;New Paintings&#8221;"},"content":{"rendered":"\n<div class=\"wp-block-image\"><figure class=\"aligncenter size-large\"><img loading=\"lazy\" decoding=\"async\" width=\"768\" height=\"1024\" src=\"https:\/\/galeriasenda.com\/wp-content\/uploads\/2020\/09\/Blast-Beast-768x1024.jpg\" alt=\"\" class=\"wp-image-26125\" srcset=\"https:\/\/galeriasenda.com\/wp-content\/uploads\/2020\/09\/Blast-Beast-768x1025.jpg 768w, https:\/\/galeriasenda.com\/wp-content\/uploads\/2020\/09\/Blast-Beast-225x300.jpg 225w, https:\/\/galeriasenda.com\/wp-content\/uploads\/2020\/09\/Blast-Beast-1151x1536.jpg 1151w, https:\/\/galeriasenda.com\/wp-content\/uploads\/2020\/09\/Blast-Beast-1535x2048.jpg 1535w, https:\/\/galeriasenda.com\/wp-content\/uploads\/2020\/09\/Blast-Beast-300x400.jpg 300w, https:\/\/galeriasenda.com\/wp-content\/uploads\/2020\/09\/Blast-Beast-600x801.jpg 600w, https:\/\/galeriasenda.com\/wp-content\/uploads\/2020\/09\/Blast-Beast-scaled.jpg 1919w\" sizes=\"auto, (max-width: 768px) 100vw, 768px\" \/><\/figure><\/div>\n\n\n\n<p style=\"background-color:#ffe3ea\" class=\"has-background has-text-align-center\"><em><strong>Consulti<\/strong><\/em> <em><strong><a href=\"https:\/\/galeriasenda.com\/wp-content\/uploads\/2020\/09\/6z6ZTW-Listado-de-obras.pdf\">aqu\u00ed<\/a> la llista de preus<\/strong><\/em><\/p>\n\n\n\n<p><\/p>\n\n\n\n<p><strong>Despr\u00e9s de 28 anys col\u00b7laborant amb Galeria SENDA, i en ocasi\u00f3 del Barcelona Gallery Weekend 2020, Peter Halley torna a Barcelona amb l&#8217;exposici\u00f3 \u00abNew Paintings\u00ab, per a presentar les seves noves pintures. En aquesta nova s\u00e8rie, les ic\u00f2niques \u201ccel\u00b7les\u201d o \u201cpresons\u201d connectades per circuits s&#8217;expandeixen per a modelar la forma del llen\u00e7. Halley introdueix aix\u00ed una novetat compositiva important en les seves obres \u2013 un imaginari creat a principis dels \u201980 i que reincideix en la majoria del seu corpus art\u00edstic.<\/strong><\/p>\n\n\n\n<p>Les paletes de colors d&#8217;aquesta nova s\u00e8rie tamb\u00e9 manifesten un canvi important. En abundar el groc fluorescent, els violetes i, sobretot, els roses (clars, c\u00e0lids i intensos), les composicions d&#8217;Halley es tornen particularment lluminoses. No falta l&#8217;\u00fas de diferents capes de preparaci\u00f3 per a donar consist\u00e8ncia i profunditat a la superf\u00edcie pict\u00f2rica, aix\u00ed com la utilitzaci\u00f3 del \u201cRoll-A-Tex\u201d, pintura comercial grumosa,&nbsp;molt popular&nbsp;en els anys 70 i 80&nbsp;per a la decoraci\u00f3 de la llar, la qual&nbsp;ha acompanyat a l&#8217;artista durant d\u00e8cades. Amb aquesta,&nbsp;Halley crea contrastos de textures i relleus entre els elements compositius i combina el registre industrial i urb\u00e0 amb la sensualitat d&#8217;una experi\u00e8ncia t\u00e0ctil.&nbsp;<\/p>\n\n\n\n<p>Peter Halley es va donar a con\u00e8ixer a mitjans dels anys vuitanta a Nova York com a impulsor del Neo-conceptualisme, corrent que apareix com a reacci\u00f3 al neoimpressionisme i que suposa un ressorgiment de l&#8217;abstracci\u00f3 geom\u00e8trica. El seu estil reflecteix la idea del llenguatge com a sistema estable i autoreferencial, i critica les reivindicacions transcendentals del minimalisme. A m\u00e9s, la seva obra presenta una influ\u00e8ncia per la te\u00f2rica social de l&#8217;Estructuralisme, la qual planteja l&#8217;an\u00e0lisi dels sistemes socioculturals i dels llenguatges, a partir de configuracions i estructures simb\u00f2liques profundes, que condicionen i determinen tot el que ocorre en l&#8217;activitat humana. \u00ab<strong>En la nostra cultura, la geometria se sol considerar un signe del racional. Jo, per algun motiu, considero que \u00e9s a l&#8217;inrev\u00e9s, que la geometria posseeix una significaci\u00f3 prim\u00e0ria, m\u00e9s psicol\u00f2gica que intel\u00b7lectual<\/strong>\u00bb, afirma en el seu assaig La Geometria i el Social&nbsp;de 1991.&nbsp;<\/p>\n\n\n\n<p><\/p>\n\n\n\n<div class=\"wp-block-image\"><figure class=\"aligncenter size-large\"><img loading=\"lazy\" decoding=\"async\" width=\"768\" height=\"1024\" src=\"https:\/\/galeriasenda.com\/wp-content\/uploads\/2020\/09\/Dreamland-768x1024.jpg\" alt=\"\" class=\"wp-image-26128\" srcset=\"https:\/\/galeriasenda.com\/wp-content\/uploads\/2020\/09\/Dreamland-768x1025.jpg 768w, https:\/\/galeriasenda.com\/wp-content\/uploads\/2020\/09\/Dreamland-225x300.jpg 225w, https:\/\/galeriasenda.com\/wp-content\/uploads\/2020\/09\/Dreamland-1151x1536.jpg 1151w, https:\/\/galeriasenda.com\/wp-content\/uploads\/2020\/09\/Dreamland-1535x2048.jpg 1535w, https:\/\/galeriasenda.com\/wp-content\/uploads\/2020\/09\/Dreamland-300x400.jpg 300w, https:\/\/galeriasenda.com\/wp-content\/uploads\/2020\/09\/Dreamland-600x801.jpg 600w, https:\/\/galeriasenda.com\/wp-content\/uploads\/2020\/09\/Dreamland-scaled.jpg 1919w\" sizes=\"auto, (max-width: 768px) 100vw, 768px\" \/><\/figure><\/div>\n\n\n\n<p class=\"has-normal-font-size\"><br><\/p>\n\n\n\n<p>Aix\u00ed doncs, les cel\u00b7les i els conductes que Peter Halley articula i combina en els seus llen\u00e7os, no s\u00f3n una simple composici\u00f3 geom\u00e8trica abstracta, sin\u00f3 m\u00e9s aviat una imatge simb\u00f2lica dels esquemes socials que ens envolten.&nbsp;D&#8217;aquesta manera, el punt d&#8217;inflexi\u00f3 en el format que Halley presenta en l&#8217;exposici\u00f3 New Paintings&nbsp;en galeria Senda, reflecteix tamb\u00e9 un gir en la seva an\u00e0lisi dels models d&#8217;organitzaci\u00f3 i comunicaci\u00f3 de les societats contempor\u00e0nies.<\/p>\n\n\n\n<p>Examinant aquestes noves obres, s&#8217;aprecia que aquestes cel\u00b7les ja no s&#8217;adeq\u00fcen a l&#8217;estructura del llen\u00e7, sin\u00f3 que \u2013 com a met\u00e0fora de la societat actual \u2013 estableixen una relaci\u00f3 diferent amb aquest. Optant per formes lliures i obertes, les cel\u00b7les imposen dissenys propis, desafiant l&#8217;estructura rectangular i imm\u00f2bil del llen\u00e7 tradicional. Les composicions irregulars que resulten d&#8217;aquestes cerques formals de Peter Halley, encara que rigorosament equilibrades i harm\u00f2niques, semblen descriure els canvis profunds en la societat en l&#8217;era digital, aix\u00ed com en el sistema de treball cognitiu. D&#8217;aquesta manera, a trav\u00e9s d&#8217;una metamorfosi interna en el llenguatge visual ic\u00f2nic d&#8217;Halley, el discurs pict\u00f2ric de l&#8217;artista estatunidenc es fa&nbsp;ress\u00f2 del flux d&#8217;informaci\u00f3 generat per les noves tecnologies, aix\u00ed com dels nous r\u00e8gims de comunicaci\u00f3, habitualment dominats per la generaci\u00f3 m\u00e9s jove.<\/p>\n\n\n\n<p><\/p>\n\n\n\n<p class=\"has-normal-font-size\"><\/p>\n\n\n\n<div class=\"wp-block-image\"><figure class=\"aligncenter size-large\"><img loading=\"lazy\" decoding=\"async\" width=\"768\" height=\"1024\" src=\"https:\/\/galeriasenda.com\/wp-content\/uploads\/2020\/09\/The-High-Note-768x1024.jpg\" alt=\"\" class=\"wp-image-26131\" srcset=\"https:\/\/galeriasenda.com\/wp-content\/uploads\/2020\/09\/The-High-Note-768x1025.jpg 768w, https:\/\/galeriasenda.com\/wp-content\/uploads\/2020\/09\/The-High-Note-225x300.jpg 225w, https:\/\/galeriasenda.com\/wp-content\/uploads\/2020\/09\/The-High-Note-1151x1536.jpg 1151w, https:\/\/galeriasenda.com\/wp-content\/uploads\/2020\/09\/The-High-Note-1535x2048.jpg 1535w, https:\/\/galeriasenda.com\/wp-content\/uploads\/2020\/09\/The-High-Note-300x400.jpg 300w, https:\/\/galeriasenda.com\/wp-content\/uploads\/2020\/09\/The-High-Note-600x801.jpg 600w, https:\/\/galeriasenda.com\/wp-content\/uploads\/2020\/09\/The-High-Note-scaled.jpg 1919w\" sizes=\"auto, (max-width: 768px) 100vw, 768px\" \/><\/figure><\/div>\n\n\n\n<p class=\"has-normal-font-size\"><br><strong><em><strong><em>Escritos sobre arte<\/em><\/strong> <\/em><\/strong>(Senda Assaig, 2020), el volum que es presentar\u00e0 en el context de l&#8217;exposici\u00f3&nbsp;New Paintings&nbsp;de Peter Halley, \u00e9s la primera traducci\u00f3 al castell\u00e0 dels assajos m\u00e9s innovadors i personals escrits per Halley des de 1981 al 2001. Alhora que ofereixen una visi\u00f3 critica dels canvis que afecten l&#8217;\u00e0mbit de l&#8217;art i la cultura en el per\u00edode de l&#8217;anomenada &#8220;postmodernitat&#8221;, aquests textos ofereixen un acostament diferent a l&#8217;experi\u00e8ncia de Peter Halley i al seu exquisit treball intel\u00b7lectual.&nbsp;<\/p>\n\n\n\n<p><\/p>\n\n\n\n<div class=\"wp-block-image\"><figure class=\"aligncenter size-large\"><img loading=\"lazy\" decoding=\"async\" width=\"768\" height=\"1024\" src=\"https:\/\/galeriasenda.com\/wp-content\/uploads\/2020\/09\/Trance-768x1024.jpg\" alt=\"\" class=\"wp-image-26134\" srcset=\"https:\/\/galeriasenda.com\/wp-content\/uploads\/2020\/09\/Trance-768x1024.jpg 768w, https:\/\/galeriasenda.com\/wp-content\/uploads\/2020\/09\/Trance-225x300.jpg 225w, https:\/\/galeriasenda.com\/wp-content\/uploads\/2020\/09\/Trance-1152x1536.jpg 1152w, https:\/\/galeriasenda.com\/wp-content\/uploads\/2020\/09\/Trance-1536x2048.jpg 1536w, https:\/\/galeriasenda.com\/wp-content\/uploads\/2020\/09\/Trance-300x400.jpg 300w, https:\/\/galeriasenda.com\/wp-content\/uploads\/2020\/09\/Trance-600x800.jpg 600w, https:\/\/galeriasenda.com\/wp-content\/uploads\/2020\/09\/Trance-scaled.jpg 1920w\" sizes=\"auto, (max-width: 768px) 100vw, 768px\" \/><\/figure><\/div>\n\n\n\n<p><\/p>\n\n\n\n<p class=\"has-normal-font-size\"><strong><strong>Peter Halley <\/strong><\/strong>(Nova York, 1953) \u00e9s un dels artistes m\u00e9s influents del panorama internacional. Es va donar a con\u00e8ixer a mitjans dels anys vuitanta com a impulsor de l\u2019anomenat moviment Neo-geo. Utilitza la geometria com a suport fonamental de les seves obres, per\u00f2 sempre insisteix en el seu referent figuratiu: l\u2019espai i el temps de la nostra societat, el seu terreny pol\u00edtic i social, l\u2019ordre tancat en qu\u00e8 vivim. Les formes fredes i rectil\u00ednies s\u00f3n l\u2019expressi\u00f3 pl\u00e0stica del nostre complex paisatge urb\u00e0: cel\u2022les rectangulars connectades per xarxes de conductes, presons, diagrames, i organismes a\u00efllats. La seva t\u00e9cnica caracter\u00edstica Roll-a-Text i l\u2019\u00fas expressiu dels colors es refereix al nostre ambient social, fent associacions amb el Pop Art, un moviment associat amb la economia digital i la cultura de masses.<\/p>\n","protected":false},"excerpt":{"rendered":"<p>Consulti aqu\u00ed la llista de preus Despr\u00e9s de 28 anys col\u00b7laborant amb Galeria SENDA, i en ocasi\u00f3 del Barcelona Gallery Weekend 2020, Peter Halley torna a Barcelona amb l&#8217;exposici\u00f3 \u00abNew Paintings\u00ab, per a presentar les seves noves pintures. En aquesta nova s\u00e8rie, les ic\u00f2niques \u201ccel\u00b7les\u201d o \u201cpresons\u201d connectades per circuits s&#8217;expandeixen per a modelar la [&hellip;]<\/p>\n","protected":false},"author":142,"featured_media":26126,"parent":0,"menu_order":0,"comment_status":"closed","ping_status":"closed","template":"","meta":{"footnotes":""},"class_list":["post-26123","page","type-page","status-publish","has-post-thumbnail","hentry"],"acf":[],"yoast_head":"<!-- This site is optimized with the Yoast SEO plugin v18.4.1 - https:\/\/yoast.com\/wordpress\/plugins\/seo\/ -->\n<title>Peter Halley, &quot;New Paintings&quot; &ndash; Galeria Senda<\/title>\n<meta name=\"description\" content=\"Consulti aqu\u00ed la llista de preus Despr\u00e9s de 28 anys col\u00b7laborant amb Galeria SENDA, i en ocasi\u00f3 del Barcelona Gallery Weekend 2020, Peter Halley torna a\" \/>\n<meta name=\"robots\" content=\"index, follow, max-snippet:-1, max-image-preview:large, max-video-preview:-1\" \/>\n<link rel=\"canonical\" href=\"https:\/\/galeriasenda.com\/ca\/peter-halley-new-paintings\/\" \/>\n<meta property=\"og:locale\" content=\"ca_ES\" \/>\n<meta property=\"og:type\" content=\"article\" \/>\n<meta property=\"og:title\" content=\"Peter Halley, &quot;New Paintings&quot; &ndash; Galeria Senda\" \/>\n<meta property=\"og:description\" content=\"Consulti aqu\u00ed la llista de preus Despr\u00e9s de 28 anys col\u00b7laborant amb Galeria SENDA, i en ocasi\u00f3 del Barcelona Gallery Weekend 2020, Peter Halley torna a\" \/>\n<meta property=\"og:url\" content=\"https:\/\/galeriasenda.com\/ca\/peter-halley-new-paintings\/\" \/>\n<meta property=\"og:site_name\" content=\"Galeria Senda\" \/>\n<meta property=\"article:publisher\" content=\"https:\/\/www.facebook.com\/galeriasenda\" \/>\n<meta property=\"article:modified_time\" content=\"2020-09-17T17:36:02+00:00\" \/>\n<meta property=\"og:image\" content=\"https:\/\/galeriasenda.com\/wp-content\/uploads\/2020\/09\/Blast-Beast.jpg\" \/>\n\t<meta property=\"og:image:width\" content=\"1919\" \/>\n\t<meta property=\"og:image:height\" content=\"2560\" \/>\n\t<meta property=\"og:image:type\" content=\"image\/jpeg\" \/>\n<meta name=\"twitter:card\" content=\"summary_large_image\" \/>\n<meta name=\"twitter:site\" content=\"@galeriasenda\" \/>\n<meta name=\"twitter:label1\" content=\"Temps estimat de lectura\" \/>\n\t<meta name=\"twitter:data1\" content=\"4 minuts\" \/>\n<script type=\"application\/ld+json\" class=\"yoast-schema-graph\">{\"@context\":\"https:\/\/schema.org\",\"@graph\":[{\"@type\":\"Organization\",\"@id\":\"https:\/\/galeriasenda.com\/#organization\",\"name\":\"galeria SENDA\",\"url\":\"https:\/\/galeriasenda.com\/\",\"sameAs\":[\"https:\/\/www.facebook.com\/galeriasenda\",\"https:\/\/instagram.com\/galeriasenda\/\",\"https:\/\/es.linkedin.com\/company\/galeria-senda\",\"https:\/\/www.youtube.com\/channel\/UC-qz5xPOEq-QSm1a8kC-QPA\",\"https:\/\/twitter.com\/galeriasenda\"],\"logo\":{\"@type\":\"ImageObject\",\"@id\":\"https:\/\/galeriasenda.com\/#logo\",\"inLanguage\":\"ca\",\"url\":\"https:\/\/galeriasenda.com\/wp-content\/uploads\/2019\/04\/logo-senda-.png\",\"contentUrl\":\"https:\/\/galeriasenda.com\/wp-content\/uploads\/2019\/04\/logo-senda-.png\",\"width\":599,\"height\":314,\"caption\":\"galeria SENDA\"},\"image\":{\"@id\":\"https:\/\/galeriasenda.com\/#logo\"}},{\"@type\":\"WebSite\",\"@id\":\"https:\/\/galeriasenda.com\/#website\",\"url\":\"https:\/\/galeriasenda.com\/\",\"name\":\"Galeria Senda\",\"description\":\"Galeria d'art i productora d'art contemporani de Barcelona\",\"publisher\":{\"@id\":\"https:\/\/galeriasenda.com\/#organization\"},\"potentialAction\":[{\"@type\":\"SearchAction\",\"target\":{\"@type\":\"EntryPoint\",\"urlTemplate\":\"https:\/\/galeriasenda.com\/?s={search_term_string}\"},\"query-input\":\"required name=search_term_string\"}],\"inLanguage\":\"ca\"},{\"@type\":\"ImageObject\",\"@id\":\"https:\/\/galeriasenda.com\/ca\/peter-halley-new-paintings\/#primaryimage\",\"inLanguage\":\"ca\",\"url\":\"https:\/\/galeriasenda.com\/wp-content\/uploads\/2020\/09\/Blast-Beast.jpg\",\"contentUrl\":\"https:\/\/galeriasenda.com\/wp-content\/uploads\/2020\/09\/Blast-Beast.jpg\",\"width\":1919,\"height\":2560},{\"@type\":\"WebPage\",\"@id\":\"https:\/\/galeriasenda.com\/ca\/peter-halley-new-paintings\/#webpage\",\"url\":\"https:\/\/galeriasenda.com\/ca\/peter-halley-new-paintings\/\",\"name\":\"Peter Halley, \\\"New Paintings\\\" &ndash; Galeria Senda\",\"isPartOf\":{\"@id\":\"https:\/\/galeriasenda.com\/#website\"},\"primaryImageOfPage\":{\"@id\":\"https:\/\/galeriasenda.com\/ca\/peter-halley-new-paintings\/#primaryimage\"},\"datePublished\":\"2020-09-02T16:12:18+00:00\",\"dateModified\":\"2020-09-17T17:36:02+00:00\",\"description\":\"Consulti aqu\u00ed la llista de preus Despr\u00e9s de 28 anys col\u00b7laborant amb Galeria SENDA, i en ocasi\u00f3 del Barcelona Gallery Weekend 2020, Peter Halley torna a\",\"breadcrumb\":{\"@id\":\"https:\/\/galeriasenda.com\/ca\/peter-halley-new-paintings\/#breadcrumb\"},\"inLanguage\":\"ca\",\"potentialAction\":[{\"@type\":\"ReadAction\",\"target\":[\"https:\/\/galeriasenda.com\/ca\/peter-halley-new-paintings\/\"]}]},{\"@type\":\"BreadcrumbList\",\"@id\":\"https:\/\/galeriasenda.com\/ca\/peter-halley-new-paintings\/#breadcrumb\",\"itemListElement\":[{\"@type\":\"ListItem\",\"position\":1,\"name\":\"Portada\",\"item\":\"https:\/\/galeriasenda.com\/ca\/\"},{\"@type\":\"ListItem\",\"position\":2,\"name\":\"Peter Halley, &#8220;New Paintings&#8221;\"}]}]}<\/script>\n<!-- \/ Yoast SEO plugin. -->","yoast_head_json":{"title":"Peter Halley, \"New Paintings\" &ndash; Galeria Senda","description":"Consulti aqu\u00ed la llista de preus Despr\u00e9s de 28 anys col\u00b7laborant amb Galeria SENDA, i en ocasi\u00f3 del Barcelona Gallery Weekend 2020, Peter Halley torna a","robots":{"index":"index","follow":"follow","max-snippet":"max-snippet:-1","max-image-preview":"max-image-preview:large","max-video-preview":"max-video-preview:-1"},"canonical":"https:\/\/galeriasenda.com\/ca\/peter-halley-new-paintings\/","og_locale":"ca_ES","og_type":"article","og_title":"Peter Halley, \"New Paintings\" &ndash; Galeria Senda","og_description":"Consulti aqu\u00ed la llista de preus Despr\u00e9s de 28 anys col\u00b7laborant amb Galeria SENDA, i en ocasi\u00f3 del Barcelona Gallery Weekend 2020, Peter Halley torna a","og_url":"https:\/\/galeriasenda.com\/ca\/peter-halley-new-paintings\/","og_site_name":"Galeria Senda","article_publisher":"https:\/\/www.facebook.com\/galeriasenda","article_modified_time":"2020-09-17T17:36:02+00:00","og_image":[{"width":1919,"height":2560,"url":"https:\/\/galeriasenda.com\/wp-content\/uploads\/2020\/09\/Blast-Beast.jpg","type":"image\/jpeg"}],"twitter_card":"summary_large_image","twitter_site":"@galeriasenda","twitter_misc":{"Temps estimat de lectura":"4 minuts"},"schema":{"@context":"https:\/\/schema.org","@graph":[{"@type":"Organization","@id":"https:\/\/galeriasenda.com\/#organization","name":"galeria SENDA","url":"https:\/\/galeriasenda.com\/","sameAs":["https:\/\/www.facebook.com\/galeriasenda","https:\/\/instagram.com\/galeriasenda\/","https:\/\/es.linkedin.com\/company\/galeria-senda","https:\/\/www.youtube.com\/channel\/UC-qz5xPOEq-QSm1a8kC-QPA","https:\/\/twitter.com\/galeriasenda"],"logo":{"@type":"ImageObject","@id":"https:\/\/galeriasenda.com\/#logo","inLanguage":"ca","url":"https:\/\/galeriasenda.com\/wp-content\/uploads\/2019\/04\/logo-senda-.png","contentUrl":"https:\/\/galeriasenda.com\/wp-content\/uploads\/2019\/04\/logo-senda-.png","width":599,"height":314,"caption":"galeria SENDA"},"image":{"@id":"https:\/\/galeriasenda.com\/#logo"}},{"@type":"WebSite","@id":"https:\/\/galeriasenda.com\/#website","url":"https:\/\/galeriasenda.com\/","name":"Galeria Senda","description":"Galeria d'art i productora d'art contemporani de Barcelona","publisher":{"@id":"https:\/\/galeriasenda.com\/#organization"},"potentialAction":[{"@type":"SearchAction","target":{"@type":"EntryPoint","urlTemplate":"https:\/\/galeriasenda.com\/?s={search_term_string}"},"query-input":"required name=search_term_string"}],"inLanguage":"ca"},{"@type":"ImageObject","@id":"https:\/\/galeriasenda.com\/ca\/peter-halley-new-paintings\/#primaryimage","inLanguage":"ca","url":"https:\/\/galeriasenda.com\/wp-content\/uploads\/2020\/09\/Blast-Beast.jpg","contentUrl":"https:\/\/galeriasenda.com\/wp-content\/uploads\/2020\/09\/Blast-Beast.jpg","width":1919,"height":2560},{"@type":"WebPage","@id":"https:\/\/galeriasenda.com\/ca\/peter-halley-new-paintings\/#webpage","url":"https:\/\/galeriasenda.com\/ca\/peter-halley-new-paintings\/","name":"Peter Halley, \"New Paintings\" &ndash; Galeria Senda","isPartOf":{"@id":"https:\/\/galeriasenda.com\/#website"},"primaryImageOfPage":{"@id":"https:\/\/galeriasenda.com\/ca\/peter-halley-new-paintings\/#primaryimage"},"datePublished":"2020-09-02T16:12:18+00:00","dateModified":"2020-09-17T17:36:02+00:00","description":"Consulti aqu\u00ed la llista de preus Despr\u00e9s de 28 anys col\u00b7laborant amb Galeria SENDA, i en ocasi\u00f3 del Barcelona Gallery Weekend 2020, Peter Halley torna a","breadcrumb":{"@id":"https:\/\/galeriasenda.com\/ca\/peter-halley-new-paintings\/#breadcrumb"},"inLanguage":"ca","potentialAction":[{"@type":"ReadAction","target":["https:\/\/galeriasenda.com\/ca\/peter-halley-new-paintings\/"]}]},{"@type":"BreadcrumbList","@id":"https:\/\/galeriasenda.com\/ca\/peter-halley-new-paintings\/#breadcrumb","itemListElement":[{"@type":"ListItem","position":1,"name":"Portada","item":"https:\/\/galeriasenda.com\/ca\/"},{"@type":"ListItem","position":2,"name":"Peter Halley, &#8220;New Paintings&#8221;"}]}]}},"_links":{"self":[{"href":"https:\/\/galeriasenda.com\/ca\/wp-json\/wp\/v2\/pages\/26123","targetHints":{"allow":["GET"]}}],"collection":[{"href":"https:\/\/galeriasenda.com\/ca\/wp-json\/wp\/v2\/pages"}],"about":[{"href":"https:\/\/galeriasenda.com\/ca\/wp-json\/wp\/v2\/types\/page"}],"author":[{"embeddable":true,"href":"https:\/\/galeriasenda.com\/ca\/wp-json\/wp\/v2\/users\/142"}],"replies":[{"embeddable":true,"href":"https:\/\/galeriasenda.com\/ca\/wp-json\/wp\/v2\/comments?post=26123"}],"version-history":[{"count":3,"href":"https:\/\/galeriasenda.com\/ca\/wp-json\/wp\/v2\/pages\/26123\/revisions"}],"predecessor-version":[{"id":26198,"href":"https:\/\/galeriasenda.com\/ca\/wp-json\/wp\/v2\/pages\/26123\/revisions\/26198"}],"wp:featuredmedia":[{"embeddable":true,"href":"https:\/\/galeriasenda.com\/ca\/wp-json\/wp\/v2\/media\/26126"}],"wp:attachment":[{"href":"https:\/\/galeriasenda.com\/ca\/wp-json\/wp\/v2\/media?parent=26123"}],"curies":[{"name":"wp","href":"https:\/\/api.w.org\/{rel}","templated":true}]}}