{"id":26010,"date":"2020-09-01T17:36:38","date_gmt":"2020-09-01T15:36:38","guid":{"rendered":"https:\/\/galeriasenda.com\/?page_id=26010"},"modified":"2020-09-22T11:25:19","modified_gmt":"2020-09-22T09:25:19","slug":"carla-cascales-le-temps","status":"publish","type":"page","link":"https:\/\/galeriasenda.com\/ca\/carla-cascales-le-temps\/","title":{"rendered":"Carla Cascales, &#8220;Le  temps&#8221;"},"content":{"rendered":"\n<div class=\"wp-block-image\"><figure class=\"aligncenter size-large\"><img decoding=\"async\" src=\"https:\/\/galeriasenda.com\/wp-content\/uploads\/2020\/09\/G-1-683x1024.jpg\" alt=\"\" class=\"wp-image-25891\"\/><\/figure><\/div>\n\n\n\n<p style=\"background-color:#ffdfc6\" class=\"has-background has-text-align-center has-normal-font-size\"><em><strong>Consulti <span class=\"has-inline-color has-vivid-cyan-blue-color\"><a href=\"https:\/\/galeriasenda.com\/wp-content\/uploads\/2020\/09\/Ficha-tecnica.pdf\">aqu\u00ed<\/a> <\/span>la llista de preus<\/strong><\/em><\/p>\n\n\n\n<p><\/p>\n\n\n\n<p class=\"has-normal-font-size\"><br>El canvi de concepci\u00f3 del temps experimentat durant els mesos de confinament ha donat lloc a la reflexi\u00f3 de Carla Cascales Aliumbau al voltant d&#8217;una constant pressa autoimposada en la nostra societat.&nbsp;<\/p>\n\n\n\n<p class=\"has-normal-font-size\">L&#8217;artista recrea una sensaci\u00f3 de temps detingut, on l&#8217;abs\u00e8ncia de color fer que totes les peces es funden entre si i prengui import\u00e0ncia all\u00f2 que sense deteniment passa desapercebut, com les textures, les ombres, les esquerdes i els subtils moviments.<\/p>\n\n\n\n<div class=\"wp-block-image\"><figure class=\"aligncenter size-large\"><img decoding=\"async\" src=\"https:\/\/galeriasenda.com\/wp-content\/uploads\/2020\/09\/B-1-683x1024.jpg\" alt=\"\" class=\"wp-image-25894\"\/><\/figure><\/div>\n\n\n\n<p class=\"has-normal-font-size\"><br>Submergir-se sota l&#8217;aigua \u00e9s un d&#8217;aquests moments on el temps s&#8217;alenteix, on no queda espai per a la pressa. El conjunt d&#8217;escultures m\u00f2bils, \u201cPosid\u00f2nies\u201d, \u00e9s un homenatge a aquesta bombolla de silencia, al moviment d\u00factil de les algues, peces bressolades per la seva pr\u00f2pia in\u00e8rcia, sense exercir resist\u00e8ncia, ja que per a l&#8217;artista el temps detingut no \u00e9s l&#8217;abs\u00e8ncia de moviment sin\u00f3 la calma. Totes les peces tenen en com\u00fa la flu\u00efdesa est\u00e0tica, com si en parpellejar o en retirar la mirada anessin a continuar movent-se.&nbsp;<\/p>\n\n\n\n<p class=\"has-normal-font-size\">En la mostra tamb\u00e9 es reflecteix el pas del temps, la import\u00e0ncia de les arrels i la degradaci\u00f3 com a s\u00edmbol de bellesa. En un any en qu\u00e8 els viatges distants van quedar cancel\u00b7lats, Carla va decidir con\u00e8ixer el petit poble d&#8217;Andalusia on van n\u00e9ixer els seus avis abans d&#8217;emigrar a Barcelona. All\u00ed una altra vegada va tornar a sentir aquest temps retingut, sense soroll, sense distraccions, caminant pels camps d&#8217;ametllers que fa anys va plantar el seu besavi i que avui segueixen all\u00ed.&nbsp;<\/p>\n\n\n\n<div class=\"wp-block-image\"><figure class=\"aligncenter size-large\"><img decoding=\"async\" src=\"https:\/\/galeriasenda.com\/wp-content\/uploads\/2020\/09\/D-Clavos-de-luna.jpg\" alt=\"\"\/><\/figure><\/div>\n\n\n\n<p class=\"has-normal-font-size\"><br>Com a homenatge a aquestes arrels, la majoria d&#8217;obres es titulen segons fragments de <em>Bodas de Sangre<\/em>, de Garc\u00eda Lorca. Que sigui una trag\u00e8dia no \u00e9s atzar: aquesta es descriu com una fusi\u00f3 de dolor i alegria, la qual cosa, segons l&#8217;artista, no s&#8217;allunya de com a vegades pot sentir-se la vida.&nbsp;<\/p>\n\n\n\n<p class=\"has-normal-font-size\">Carla va quedar fascinada per la connexi\u00f3 entre les construccions dels petits pobles pesquers mediterranis que ha vist des de nena i els del camp andal\u00fas, les textures de les cases emblanquinades, blanques i irregulars que s&#8217;adapten a la perfecci\u00f3 al seu entorn i que ha volgut plasmar en les seves escultures cer\u00e0miques.&nbsp;<\/p>\n\n\n\n<div class=\"wp-block-image\"><figure class=\"aligncenter size-large\"><img decoding=\"async\" src=\"https:\/\/galeriasenda.com\/wp-content\/uploads\/2020\/09\/C-Camelias-de-escarcha-1-683x1024.jpg\" alt=\"\" class=\"wp-image-25880\"\/><\/figure><\/div>\n\n\n\n<p class=\"has-normal-font-size\"><br>Sense aquesta calma del temps present, sense deteniment, \u00e9s f\u00e0cil perdre&#8217;s en una pasterada de pensaments. Aquesta mostra \u00e9s un homenatge al temps dedicat a con\u00e8ixer la pr\u00f2pia autenticitat.<\/p>\n\n\n\n<p>L&#8217;ambientaci\u00f3 sonora que acompanya l&#8217;exposici\u00f3n ha estat composada per Marta Cascales Alimbau.<\/p>\n\n\n\n<p><\/p>\n\n\n\n<p class=\"has-normal-font-size\"><strong>Carla Cascales Aliumbau <\/strong>es una artista que viu i treballa a Barcelona. La seva obra persegueix la bellesa de la imperfecci\u00f3 i la profunditat de lo natural en una cerca continua de l&#8217;autenticitat. <\/p>\n","protected":false},"excerpt":{"rendered":"<p>Consulti aqu\u00ed la llista de preus El canvi de concepci\u00f3 del temps experimentat durant els mesos de confinament ha donat lloc a la reflexi\u00f3 de Carla Cascales Aliumbau al voltant d&#8217;una constant pressa autoimposada en la nostra societat.&nbsp; L&#8217;artista recrea una sensaci\u00f3 de temps detingut, on l&#8217;abs\u00e8ncia de color fer que totes les peces es [&hellip;]<\/p>\n","protected":false},"author":142,"featured_media":0,"parent":0,"menu_order":0,"comment_status":"closed","ping_status":"closed","template":"","meta":{"footnotes":""},"class_list":["post-26010","page","type-page","status-publish","hentry"],"acf":[],"yoast_head":"<!-- This site is optimized with the Yoast SEO plugin v18.4.1 - https:\/\/yoast.com\/wordpress\/plugins\/seo\/ -->\n<title>Carla Cascales, &quot;Le temps&quot; &ndash; Galeria Senda<\/title>\n<meta name=\"description\" content=\"Consulti aqu\u00ed la llista de preus El canvi de concepci\u00f3 del temps experimentat durant els mesos de confinament ha donat lloc a la reflexi\u00f3 de Carla\" \/>\n<meta name=\"robots\" content=\"index, follow, max-snippet:-1, max-image-preview:large, max-video-preview:-1\" \/>\n<link rel=\"canonical\" href=\"https:\/\/galeriasenda.com\/ca\/carla-cascales-le-temps\/\" \/>\n<meta property=\"og:locale\" content=\"ca_ES\" \/>\n<meta property=\"og:type\" content=\"article\" \/>\n<meta property=\"og:title\" content=\"Carla Cascales, &quot;Le temps&quot; &ndash; Galeria Senda\" \/>\n<meta property=\"og:description\" content=\"Consulti aqu\u00ed la llista de preus El canvi de concepci\u00f3 del temps experimentat durant els mesos de confinament ha donat lloc a la reflexi\u00f3 de Carla\" \/>\n<meta property=\"og:url\" content=\"https:\/\/galeriasenda.com\/ca\/carla-cascales-le-temps\/\" \/>\n<meta property=\"og:site_name\" content=\"Galeria Senda\" \/>\n<meta property=\"article:publisher\" content=\"https:\/\/www.facebook.com\/galeriasenda\" \/>\n<meta property=\"article:modified_time\" content=\"2020-09-22T09:25:19+00:00\" \/>\n<meta property=\"og:image\" content=\"https:\/\/galeriasenda.com\/wp-content\/uploads\/2020\/09\/G-1-683x1024.jpg\" \/>\n<meta name=\"twitter:card\" content=\"summary_large_image\" \/>\n<meta name=\"twitter:site\" content=\"@galeriasenda\" \/>\n<meta name=\"twitter:label1\" content=\"Temps estimat de lectura\" \/>\n\t<meta name=\"twitter:data1\" content=\"2 minuts\" \/>\n<script type=\"application\/ld+json\" class=\"yoast-schema-graph\">{\"@context\":\"https:\/\/schema.org\",\"@graph\":[{\"@type\":\"Organization\",\"@id\":\"https:\/\/galeriasenda.com\/#organization\",\"name\":\"galeria SENDA\",\"url\":\"https:\/\/galeriasenda.com\/\",\"sameAs\":[\"https:\/\/www.facebook.com\/galeriasenda\",\"https:\/\/instagram.com\/galeriasenda\/\",\"https:\/\/es.linkedin.com\/company\/galeria-senda\",\"https:\/\/www.youtube.com\/channel\/UC-qz5xPOEq-QSm1a8kC-QPA\",\"https:\/\/twitter.com\/galeriasenda\"],\"logo\":{\"@type\":\"ImageObject\",\"@id\":\"https:\/\/galeriasenda.com\/#logo\",\"inLanguage\":\"ca\",\"url\":\"https:\/\/galeriasenda.com\/wp-content\/uploads\/2019\/04\/logo-senda-.png\",\"contentUrl\":\"https:\/\/galeriasenda.com\/wp-content\/uploads\/2019\/04\/logo-senda-.png\",\"width\":599,\"height\":314,\"caption\":\"galeria SENDA\"},\"image\":{\"@id\":\"https:\/\/galeriasenda.com\/#logo\"}},{\"@type\":\"WebSite\",\"@id\":\"https:\/\/galeriasenda.com\/#website\",\"url\":\"https:\/\/galeriasenda.com\/\",\"name\":\"Galeria Senda\",\"description\":\"Galeria d'art i productora d'art contemporani de Barcelona\",\"publisher\":{\"@id\":\"https:\/\/galeriasenda.com\/#organization\"},\"potentialAction\":[{\"@type\":\"SearchAction\",\"target\":{\"@type\":\"EntryPoint\",\"urlTemplate\":\"https:\/\/galeriasenda.com\/?s={search_term_string}\"},\"query-input\":\"required name=search_term_string\"}],\"inLanguage\":\"ca\"},{\"@type\":\"ImageObject\",\"@id\":\"https:\/\/galeriasenda.com\/ca\/carla-cascales-le-temps\/#primaryimage\",\"inLanguage\":\"ca\",\"url\":\"https:\/\/galeriasenda.com\/wp-content\/uploads\/2020\/09\/G-1.jpg\",\"contentUrl\":\"https:\/\/galeriasenda.com\/wp-content\/uploads\/2020\/09\/G-1.jpg\",\"width\":1706,\"height\":2560},{\"@type\":\"WebPage\",\"@id\":\"https:\/\/galeriasenda.com\/ca\/carla-cascales-le-temps\/#webpage\",\"url\":\"https:\/\/galeriasenda.com\/ca\/carla-cascales-le-temps\/\",\"name\":\"Carla Cascales, \\\"Le temps\\\" &ndash; Galeria Senda\",\"isPartOf\":{\"@id\":\"https:\/\/galeriasenda.com\/#website\"},\"primaryImageOfPage\":{\"@id\":\"https:\/\/galeriasenda.com\/ca\/carla-cascales-le-temps\/#primaryimage\"},\"datePublished\":\"2020-09-01T15:36:38+00:00\",\"dateModified\":\"2020-09-22T09:25:19+00:00\",\"description\":\"Consulti aqu\u00ed la llista de preus El canvi de concepci\u00f3 del temps experimentat durant els mesos de confinament ha donat lloc a la reflexi\u00f3 de Carla\",\"breadcrumb\":{\"@id\":\"https:\/\/galeriasenda.com\/ca\/carla-cascales-le-temps\/#breadcrumb\"},\"inLanguage\":\"ca\",\"potentialAction\":[{\"@type\":\"ReadAction\",\"target\":[\"https:\/\/galeriasenda.com\/ca\/carla-cascales-le-temps\/\"]}]},{\"@type\":\"BreadcrumbList\",\"@id\":\"https:\/\/galeriasenda.com\/ca\/carla-cascales-le-temps\/#breadcrumb\",\"itemListElement\":[{\"@type\":\"ListItem\",\"position\":1,\"name\":\"Portada\",\"item\":\"https:\/\/galeriasenda.com\/ca\/\"},{\"@type\":\"ListItem\",\"position\":2,\"name\":\"Carla Cascales, &#8220;Le temps&#8221;\"}]}]}<\/script>\n<!-- \/ Yoast SEO plugin. -->","yoast_head_json":{"title":"Carla Cascales, \"Le temps\" &ndash; Galeria Senda","description":"Consulti aqu\u00ed la llista de preus El canvi de concepci\u00f3 del temps experimentat durant els mesos de confinament ha donat lloc a la reflexi\u00f3 de Carla","robots":{"index":"index","follow":"follow","max-snippet":"max-snippet:-1","max-image-preview":"max-image-preview:large","max-video-preview":"max-video-preview:-1"},"canonical":"https:\/\/galeriasenda.com\/ca\/carla-cascales-le-temps\/","og_locale":"ca_ES","og_type":"article","og_title":"Carla Cascales, \"Le temps\" &ndash; Galeria Senda","og_description":"Consulti aqu\u00ed la llista de preus El canvi de concepci\u00f3 del temps experimentat durant els mesos de confinament ha donat lloc a la reflexi\u00f3 de Carla","og_url":"https:\/\/galeriasenda.com\/ca\/carla-cascales-le-temps\/","og_site_name":"Galeria Senda","article_publisher":"https:\/\/www.facebook.com\/galeriasenda","article_modified_time":"2020-09-22T09:25:19+00:00","og_image":[{"url":"https:\/\/galeriasenda.com\/wp-content\/uploads\/2020\/09\/G-1-683x1024.jpg"}],"twitter_card":"summary_large_image","twitter_site":"@galeriasenda","twitter_misc":{"Temps estimat de lectura":"2 minuts"},"schema":{"@context":"https:\/\/schema.org","@graph":[{"@type":"Organization","@id":"https:\/\/galeriasenda.com\/#organization","name":"galeria SENDA","url":"https:\/\/galeriasenda.com\/","sameAs":["https:\/\/www.facebook.com\/galeriasenda","https:\/\/instagram.com\/galeriasenda\/","https:\/\/es.linkedin.com\/company\/galeria-senda","https:\/\/www.youtube.com\/channel\/UC-qz5xPOEq-QSm1a8kC-QPA","https:\/\/twitter.com\/galeriasenda"],"logo":{"@type":"ImageObject","@id":"https:\/\/galeriasenda.com\/#logo","inLanguage":"ca","url":"https:\/\/galeriasenda.com\/wp-content\/uploads\/2019\/04\/logo-senda-.png","contentUrl":"https:\/\/galeriasenda.com\/wp-content\/uploads\/2019\/04\/logo-senda-.png","width":599,"height":314,"caption":"galeria SENDA"},"image":{"@id":"https:\/\/galeriasenda.com\/#logo"}},{"@type":"WebSite","@id":"https:\/\/galeriasenda.com\/#website","url":"https:\/\/galeriasenda.com\/","name":"Galeria Senda","description":"Galeria d'art i productora d'art contemporani de Barcelona","publisher":{"@id":"https:\/\/galeriasenda.com\/#organization"},"potentialAction":[{"@type":"SearchAction","target":{"@type":"EntryPoint","urlTemplate":"https:\/\/galeriasenda.com\/?s={search_term_string}"},"query-input":"required name=search_term_string"}],"inLanguage":"ca"},{"@type":"ImageObject","@id":"https:\/\/galeriasenda.com\/ca\/carla-cascales-le-temps\/#primaryimage","inLanguage":"ca","url":"https:\/\/galeriasenda.com\/wp-content\/uploads\/2020\/09\/G-1.jpg","contentUrl":"https:\/\/galeriasenda.com\/wp-content\/uploads\/2020\/09\/G-1.jpg","width":1706,"height":2560},{"@type":"WebPage","@id":"https:\/\/galeriasenda.com\/ca\/carla-cascales-le-temps\/#webpage","url":"https:\/\/galeriasenda.com\/ca\/carla-cascales-le-temps\/","name":"Carla Cascales, \"Le temps\" &ndash; Galeria Senda","isPartOf":{"@id":"https:\/\/galeriasenda.com\/#website"},"primaryImageOfPage":{"@id":"https:\/\/galeriasenda.com\/ca\/carla-cascales-le-temps\/#primaryimage"},"datePublished":"2020-09-01T15:36:38+00:00","dateModified":"2020-09-22T09:25:19+00:00","description":"Consulti aqu\u00ed la llista de preus El canvi de concepci\u00f3 del temps experimentat durant els mesos de confinament ha donat lloc a la reflexi\u00f3 de Carla","breadcrumb":{"@id":"https:\/\/galeriasenda.com\/ca\/carla-cascales-le-temps\/#breadcrumb"},"inLanguage":"ca","potentialAction":[{"@type":"ReadAction","target":["https:\/\/galeriasenda.com\/ca\/carla-cascales-le-temps\/"]}]},{"@type":"BreadcrumbList","@id":"https:\/\/galeriasenda.com\/ca\/carla-cascales-le-temps\/#breadcrumb","itemListElement":[{"@type":"ListItem","position":1,"name":"Portada","item":"https:\/\/galeriasenda.com\/ca\/"},{"@type":"ListItem","position":2,"name":"Carla Cascales, &#8220;Le temps&#8221;"}]}]}},"_links":{"self":[{"href":"https:\/\/galeriasenda.com\/ca\/wp-json\/wp\/v2\/pages\/26010","targetHints":{"allow":["GET"]}}],"collection":[{"href":"https:\/\/galeriasenda.com\/ca\/wp-json\/wp\/v2\/pages"}],"about":[{"href":"https:\/\/galeriasenda.com\/ca\/wp-json\/wp\/v2\/types\/page"}],"author":[{"embeddable":true,"href":"https:\/\/galeriasenda.com\/ca\/wp-json\/wp\/v2\/users\/142"}],"replies":[{"embeddable":true,"href":"https:\/\/galeriasenda.com\/ca\/wp-json\/wp\/v2\/comments?post=26010"}],"version-history":[{"count":3,"href":"https:\/\/galeriasenda.com\/ca\/wp-json\/wp\/v2\/pages\/26010\/revisions"}],"predecessor-version":[{"id":26206,"href":"https:\/\/galeriasenda.com\/ca\/wp-json\/wp\/v2\/pages\/26010\/revisions\/26206"}],"wp:attachment":[{"href":"https:\/\/galeriasenda.com\/ca\/wp-json\/wp\/v2\/media?parent=26010"}],"curies":[{"name":"wp","href":"https:\/\/api.w.org\/{rel}","templated":true}]}}